{"id":90001312314290,"date":"2024-08-20T08:26:59","date_gmt":"2024-08-20T08:26:59","guid":{"rendered":"https:\/\/test.tksgroup.rs\/%d0%ba%d0%be%d0%bd%d1%82%d0%b0%d0%ba%d1%82\/"},"modified":"2025-12-24T18:40:35","modified_gmt":"2025-12-24T18:40:35","slug":"%d0%ba%d0%be%d0%bd%d1%82%d0%b0%d0%ba%d1%82","status":"publish","type":"page","link":"https:\/\/test.tksgroup.rs\/sr\/%d0%ba%d0%be%d0%bd%d1%82%d0%b0%d0%ba%d1%82\/","title":{"rendered":"Kontakt"},"content":{"rendered":"\t\t<div data-elementor-type=\"wp-page\" data-elementor-id=\"90001312314290\" class=\"elementor elementor-90001312314290 elementor-30\" data-elementor-post-type=\"page\">\n\t\t\t\t<div class=\"elementor-element elementor-element-67462ee6 e-con-full e-flex wpr-particle-no wpr-jarallax-no wpr-parallax-no wpr-sticky-section-no e-con e-parent\" data-id=\"67462ee6\" data-element_type=\"container\" data-settings=\"{&quot;background_background&quot;:&quot;gradient&quot;}\">\n\t\t<div class=\"elementor-element elementor-element-723cc72 e-con-full e-flex wpr-particle-no wpr-jarallax-no wpr-parallax-no wpr-sticky-section-no e-con e-child\" data-id=\"723cc72\" data-element_type=\"container\">\n\t\t<div class=\"elementor-element elementor-element-f0f7cc8 e-con-full e-flex wpr-particle-no wpr-jarallax-no wpr-parallax-no wpr-sticky-section-no e-con e-child\" data-id=\"f0f7cc8\" data-element_type=\"container\" data-settings=\"{&quot;background_background&quot;:&quot;classic&quot;}\">\n\t\t<div class=\"elementor-element elementor-element-af650dc e-con-full e-flex wpr-particle-no wpr-jarallax-no wpr-parallax-no wpr-sticky-section-no e-con e-child\" data-id=\"af650dc\" data-element_type=\"container\">\n\t\t<div class=\"elementor-element elementor-element-80369a9 e-con-full e-flex wpr-particle-no wpr-jarallax-no wpr-parallax-no wpr-sticky-section-no e-con e-child\" data-id=\"80369a9\" data-element_type=\"container\">\n\t\t\t\t<div class=\"elementor-element elementor-element-b3557e6 elementor-view-default elementor-widget elementor-widget-icon\" data-id=\"b3557e6\" data-element_type=\"widget\" data-widget_type=\"icon.default\">\n\t\t\t\t<div class=\"elementor-widget-container\">\n\t\t\t\t\t\t\t<div class=\"elementor-icon-wrapper\">\n\t\t\t<div class=\"elementor-icon\">\n\t\t\t<svg xmlns=\"http:\/\/www.w3.org\/2000\/svg\" width=\"72\" height=\"72\" viewBox=\"0 0 72 72\" fill=\"none\"><path d=\"M59.5144 45.4754C59.0003 44.8807 58.3642 44.4037 57.6493 44.0767C56.9344 43.7497 56.1574 43.5805 55.3713 43.5805C54.5852 43.5805 53.8083 43.7497 53.0935 44.0767C52.3786 44.4037 51.7424 44.8807 51.2282 45.4754C49.2925 47.3875 47.3567 49.3233 45.4445 51.2827C45.2647 51.5273 44.9975 51.6933 44.6986 51.746C44.3996 51.7988 44.0919 51.7343 43.8392 51.5661C42.5881 50.8814 41.2424 50.3385 40.0384 49.5831C34.5136 46.0023 29.6164 41.5358 25.5437 36.363C23.4172 33.8561 21.6603 31.0578 20.3264 28.0532C20.1814 27.8041 20.1325 27.5105 20.189 27.2278C20.2456 26.9451 20.4036 26.6929 20.6333 26.5188C22.5691 24.6302 24.4577 22.718 26.3698 20.7822C26.9939 20.2638 27.4961 19.6143 27.8408 18.8799C28.1855 18.1455 28.3642 17.3442 28.3642 16.533C28.3642 15.7217 28.1855 14.9203 27.8408 14.1859C27.4961 13.4515 26.9939 12.802 26.3698 12.2836L21.8137 7.72744C20.2556 6.16936 18.6975 4.58768 17.0922 3.00599C16.5738 2.41819 15.9363 1.94745 15.222 1.62499C14.5077 1.30253 13.7329 1.13574 12.9491 1.13574C12.1654 1.13574 11.3906 1.30253 10.6763 1.62499C9.962 1.94745 9.32446 2.41819 8.80607 3.00599C6.84667 4.91818 4.9817 6.90114 2.97508 8.78972C1.20846 10.4559 0.151677 12.7386 0.024218 15.1637C-0.143951 19.1408 0.565317 23.1062 2.10166 26.7785C5.04613 34.4124 9.2869 41.4803 14.6371 47.6708C21.6789 56.1269 30.4433 62.9839 40.3454 67.7842C44.7456 70.0883 49.5607 71.4928 54.5097 71.9155C56.1675 72.1018 57.8458 71.8906 59.4058 71.2995C60.9657 70.7084 62.3624 69.7542 63.4804 68.516C65.1329 66.6511 66.9979 64.9513 68.7685 63.1808C69.3807 62.66 69.8724 62.0123 70.2097 61.2827C70.5469 60.5531 70.7216 59.7589 70.7216 58.9551C70.7216 58.1513 70.5469 57.3571 70.2097 56.6275C69.8724 55.8978 69.3807 55.2502 68.7685 54.7294C65.7153 51.6447 62.6306 48.56 59.5144 45.4754Z\" fill=\"#000E2B\"><\/path><path d=\"M71.7661 31.9952C65.6194 17.6369 54.1446 6.22142 39.7547 0.149093C39.1752 -0.0672443 38.5339 -0.0475122 37.9688 0.204134C37.4037 0.455781 36.9599 0.91918 36.733 1.49465C36.6094 1.78262 36.5443 2.09233 36.5416 2.40571C36.5389 2.71909 36.5986 3.02989 36.7172 3.31994C36.8359 3.61 37.0111 3.8735 37.2327 4.09513C37.4543 4.31676 37.7178 4.49208 38.0078 4.61082C51.2723 10.2148 61.8491 20.7408 67.5168 33.9782C67.7702 34.5396 68.233 34.9797 68.8063 35.2046C69.3797 35.4295 70.0182 35.4215 70.5858 35.1822C70.8764 35.055 71.1383 34.8706 71.356 34.6399C71.5738 34.4091 71.7428 34.1369 71.853 33.8394C71.9632 33.542 72.0122 33.2254 71.9973 32.9085C71.9824 32.5916 71.9038 32.281 71.7661 31.9952Z\" fill=\"#000E2B\"><\/path><path d=\"M36.7806 17.43C44.8209 20.8167 51.2351 27.1886 54.6749 35.2063C54.8576 35.6018 55.1461 35.9391 55.5086 36.1807C55.8711 36.4224 56.2934 36.559 56.7288 36.5755C57.0475 36.5731 57.3618 36.5006 57.6494 36.3631C58.1923 36.0971 58.6124 35.6329 58.8233 35.0664C59.0341 34.4998 59.0195 33.8739 58.7826 33.3177C54.8836 24.2149 47.6057 16.9794 38.4803 13.1336C37.9184 12.9341 37.3018 12.9547 36.7544 13.1911C36.207 13.4276 35.7694 13.8624 35.5294 14.4083C35.3075 14.9761 35.3138 15.6077 35.547 16.1709C35.7802 16.7342 36.2223 17.1854 36.7806 17.43Z\" fill=\"#000E2B\"><\/path><\/svg>\t\t\t<\/div>\n\t\t<\/div>\n\t\t\t\t\t\t<\/div>\n\t\t\t\t<\/div>\n\t\t\t\t<div class=\"elementor-element elementor-element-e44b382 elementor-widget elementor-widget-text-editor\" data-id=\"e44b382\" data-element_type=\"widget\" data-widget_type=\"text-editor.default\">\n\t\t\t\t<div class=\"elementor-widget-container\">\n\t\t\t\t\t\t\t\t\t<p><a href=\"tel:+381117644945\">+381 11 764 4945<\/a><\/p>\t\t\t\t\t\t\t\t<\/div>\n\t\t\t\t<\/div>\n\t\t\t\t<\/div>\n\t\t<div class=\"elementor-element elementor-element-75a0f2e e-con-full e-flex wpr-particle-no wpr-jarallax-no wpr-parallax-no wpr-sticky-section-no e-con e-child\" data-id=\"75a0f2e\" data-element_type=\"container\">\n\t\t\t\t<div class=\"elementor-element elementor-element-94f27ad elementor-view-default elementor-widget elementor-widget-icon\" data-id=\"94f27ad\" data-element_type=\"widget\" data-widget_type=\"icon.default\">\n\t\t\t\t<div class=\"elementor-widget-container\">\n\t\t\t\t\t\t\t<div class=\"elementor-icon-wrapper\">\n\t\t\t<div class=\"elementor-icon\">\n\t\t\t<svg xmlns=\"http:\/\/www.w3.org\/2000\/svg\" width=\"72\" height=\"52\" viewBox=\"0 0 72 52\" fill=\"none\"><path d=\"M63 0H9C6.61305 0 4.32386 0.948205 2.63603 2.63603C0.948205 4.32386 0 6.61305 0 9V42.75C0 45.1369 0.948205 47.4261 2.63603 49.114C4.32386 50.8018 6.61305 51.75 9 51.75H63C65.3869 51.75 67.6761 50.8018 69.364 49.114C71.0518 47.4261 72 45.1369 72 42.75V9C72 6.61305 71.0518 4.32386 69.364 2.63603C67.6761 0.948205 65.3869 0 63 0ZM21.825 33.0975L12.825 42.0975C12.3861 42.4 11.8541 42.5368 11.3237 42.4836C10.7933 42.4304 10.2991 42.1907 9.92896 41.8071C9.55887 41.4235 9.33699 40.9209 9.30285 40.389C9.2687 39.857 9.4245 39.3303 9.7425 38.9025L18.7425 29.9025C19.1641 29.4835 19.7343 29.2482 20.3288 29.2482C20.9232 29.2482 21.4934 29.4835 21.915 29.9025C22.1201 30.1176 22.2806 30.3711 22.3871 30.6485C22.4937 30.9259 22.5443 31.2217 22.5359 31.5187C22.5275 31.8158 22.4604 32.1083 22.3384 32.3792C22.2164 32.6502 22.0419 32.8943 21.825 33.0975ZM36 36C35.4743 36.001 34.9648 35.8179 34.56 35.4825L9.81 15.2325C9.56123 15.0521 9.35203 14.8227 9.19532 14.5584C9.0386 14.2941 8.93769 14.0005 8.89879 13.6957C8.85989 13.3909 8.88386 13.0814 8.96917 12.7862C9.05448 12.491 9.19932 12.2164 9.39482 11.9794C9.59032 11.7423 9.8323 11.5478 10.1058 11.4079C10.3794 11.2679 10.6787 11.1855 10.9853 11.1656C11.292 11.1458 11.5994 11.1889 11.8887 11.2924C12.178 11.396 12.4431 11.5577 12.6675 11.7675L36 30.8475L59.2425 11.7675C59.4713 11.5794 59.7349 11.4382 60.0183 11.3522C60.3018 11.2661 60.5994 11.2369 60.8942 11.2661C61.1889 11.2954 61.475 11.3826 61.736 11.5227C61.997 11.6628 62.2277 11.853 62.415 12.0825C62.788 12.5432 62.9642 13.1324 62.9052 13.7223C62.8462 14.3121 62.5569 14.8548 62.1 15.2325L37.35 35.4825C36.9692 35.7988 36.4947 35.9807 36 36ZM62.325 42.0975C61.9034 42.5165 61.3332 42.7518 60.7387 42.7518C60.1443 42.7518 59.5741 42.5165 59.1525 42.0975L50.1525 33.0975C49.9416 32.8883 49.7742 32.6395 49.66 32.3653C49.5458 32.0911 49.487 31.797 49.487 31.5C49.487 31.203 49.5458 30.9089 49.66 30.6347C49.7742 30.3605 49.9416 30.1117 50.1525 29.9025C50.5741 29.4835 51.1443 29.2482 51.7387 29.2482C52.3332 29.2482 52.9034 29.4835 53.325 29.9025L62.325 38.9025C62.5359 39.1117 62.7033 39.3605 62.8175 39.6347C62.9318 39.9089 62.9906 40.203 62.9906 40.5C62.9906 40.797 62.9318 41.0911 62.8175 41.3653C62.7033 41.6395 62.5359 41.8883 62.325 42.0975Z\" fill=\"#000E2B\"><\/path><\/svg>\t\t\t<\/div>\n\t\t<\/div>\n\t\t\t\t\t\t<\/div>\n\t\t\t\t<\/div>\n\t\t\t\t<div class=\"elementor-element elementor-element-9308078 elementor-widget elementor-widget-text-editor\" data-id=\"9308078\" data-element_type=\"widget\" data-widget_type=\"text-editor.default\">\n\t\t\t\t<div class=\"elementor-widget-container\">\n\t\t\t\t\t\t\t\t\t<p>info@tksgroup.rs<\/p>\t\t\t\t\t\t\t\t<\/div>\n\t\t\t\t<\/div>\n\t\t\t\t<\/div>\n\t\t<div class=\"elementor-element elementor-element-7013588 e-con-full e-flex wpr-particle-no wpr-jarallax-no wpr-parallax-no wpr-sticky-section-no e-con e-child\" data-id=\"7013588\" data-element_type=\"container\">\n\t\t\t\t<div class=\"elementor-element elementor-element-19f106d elementor-view-default elementor-widget elementor-widget-icon\" data-id=\"19f106d\" data-element_type=\"widget\" data-widget_type=\"icon.default\">\n\t\t\t\t<div class=\"elementor-widget-container\">\n\t\t\t\t\t\t\t<div class=\"elementor-icon-wrapper\">\n\t\t\t<div class=\"elementor-icon\">\n\t\t\t<svg xmlns=\"http:\/\/www.w3.org\/2000\/svg\" width=\"58\" height=\"72\" viewBox=\"0 0 58 72\" fill=\"none\"><path d=\"M28.9158 35.5884C32.6011 35.5884 35.5886 32.6008 35.5886 28.9155C35.5886 25.2302 32.6011 22.2427 28.9158 22.2427C25.2305 22.2427 22.2429 25.2302 22.2429 28.9155C22.2429 32.6008 25.2305 35.5884 28.9158 35.5884Z\" fill=\"#000E2B\"><\/path><path d=\"M28.9157 0C21.2468 0 13.8919 3.04647 8.4692 8.46921C3.04646 13.892 0 21.2468 0 28.9157C0 42.6617 14.9027 59.1659 27.4254 70.5987L28.9601 72L30.4504 70.5542C44.3077 57.2085 57.8313 43.0399 57.8313 28.9157C57.8313 25.1184 57.0834 21.3583 55.6303 17.8501C54.1771 14.3419 52.0472 11.1543 49.3621 8.46921C46.6771 5.78415 43.4894 3.65422 39.9812 2.20107C36.473 0.747919 32.7129 0 28.9157 0ZM28.9157 40.0371C26.7161 40.0371 24.5658 39.3848 22.7369 38.1628C20.908 36.9407 19.4826 35.2038 18.6408 33.1717C17.7991 31.1395 17.5788 28.9033 18.008 26.746C18.4371 24.5886 19.4963 22.607 21.0516 21.0517C22.607 19.4963 24.5887 18.4371 26.746 18.0079C28.9033 17.5788 31.1395 17.799 33.1716 18.6408C35.2038 19.4825 36.9407 20.908 38.1628 22.7369C39.3848 24.5658 40.0371 26.7161 40.0371 28.9157C40.0371 31.8652 38.8654 34.694 36.7797 36.7797C34.694 38.8653 31.8652 40.0371 28.9157 40.0371Z\" fill=\"#000E2B\"><\/path><\/svg>\t\t\t<\/div>\n\t\t<\/div>\n\t\t\t\t\t\t<\/div>\n\t\t\t\t<\/div>\n\t\t\t\t<div class=\"elementor-element elementor-element-b633dcd elementor-widget elementor-widget-text-editor\" data-id=\"b633dcd\" data-element_type=\"widget\" data-widget_type=\"text-editor.default\">\n\t\t\t\t<div class=\"elementor-widget-container\">\n\t\t\t\t\t\t\t\t\t<p>Cara Konstantina 10,<br>11283 Beograd, Srbija<\/p>\t\t\t\t\t\t\t\t<\/div>\n\t\t\t\t<\/div>\n\t\t\t\t<\/div>\n\t\t\t\t<\/div>\n\t\t\t\t<\/div>\n\t\t<div class=\"elementor-element elementor-element-d50d0e6 e-con-full e-flex wpr-particle-no wpr-jarallax-no wpr-parallax-no wpr-sticky-section-no e-con e-child\" data-id=\"d50d0e6\" data-element_type=\"container\">\n\t\t\t\t<div class=\"elementor-element elementor-element-9e30848 elementor-widget elementor-widget-text-editor\" data-id=\"9e30848\" data-element_type=\"widget\" data-widget_type=\"text-editor.default\">\n\t\t\t\t<div class=\"elementor-widget-container\">\n\t\t\t\t\t\t\t\t\t<p>*Za sva pitanja, sugestije ili dodatne informacije, slobodno nas kontaktirajte telefonom, e-po\u0161tom ili li\u010dno na na\u0161u adresu. Na\u0161 tim je tu da odgovori na va\u0161e zahteve i pomogne vam u najkra\u0107em mogu\u0107em roku. <\/p>\t\t\t\t\t\t\t\t<\/div>\n\t\t\t\t<\/div>\n\t\t\t\t<\/div>\n\t\t\t\t<\/div>\n\t\t<div class=\"elementor-element elementor-element-c294ca6 e-con-full e-flex wpr-particle-no wpr-jarallax-no wpr-parallax-no wpr-sticky-section-no e-con e-child\" data-id=\"c294ca6\" data-element_type=\"container\">\n\t\t\t\t<div class=\"elementor-element elementor-element-2426430 fluentform-widget-submit-button-custom elementor-widget elementor-widget-fluent-form-widget\" data-id=\"2426430\" data-element_type=\"widget\" data-widget_type=\"fluent-form-widget.default\">\n\t\t\t\t<div class=\"elementor-widget-container\">\n\t\t\t\t\t\n            <div class=\"fluentform-widget-wrapper fluentform-widget-align-default\">\n\n            \n            <div class='fluentform ff-default fluentform_wrapper_5 ffs_default_wrap'><form data-form_id=\"5\" id=\"fluentform_5\" class=\"frm-fluent-form fluent_form_5 ff-el-form-top ff_form_instance_5_1 ff-form-loading ffs_default\" data-form_instance=\"ff_form_instance_5_1\" method=\"POST\" ><fieldset  style=\"border: none!important;margin: 0!important;padding: 0!important;background-color: transparent!important;box-shadow: none!important;outline: none!important; min-inline-size: 100%;\">\n                    <legend class=\"ff_screen_reader_title\" style=\"display: block; margin: 0!important;padding: 0!important;height: 0!important;text-indent: -999999px;width: 0!important;overflow:hidden;\">KontaktForma (#5)<\/legend><input type='hidden' name='__fluent_form_embded_post_id' value='90001312314290' \/><input type=\"hidden\" id=\"_fluentform_5_fluentformnonce\" name=\"_fluentform_5_fluentformnonce\" value=\"08cd0bf9a3\" \/><input type=\"hidden\" name=\"_wp_http_referer\" value=\"\/sr\/wp-json\/wp\/v2\/pages\/90001312314290\" \/><div data-type=\"name-element\" data-name=\"names\" class=\" ff-field_container ff-name-field-wrapper\" ><div class='ff-t-container'><div class='ff-t-cell '><div class='ff-el-group ff-el-form-top'><div class=\"ff-el-input--label ff-el-is-required asterisk-right\"><label for='ff_5_names_first_name_' >Ime (Obavezno)<\/label><\/div><div class='ff-el-input--content'><input type=\"text\" name=\"names[first_name]\" id=\"ff_5_names_first_name_\" class=\"ff-el-form-control\" aria-invalid=\"false\" aria-required=true><\/div><\/div><\/div><div class='ff-t-cell '><div class='ff-el-group ff-el-form-top'><div class=\"ff-el-input--label ff-el-is-required asterisk-right\"><label for='ff_5_names_last_name_' >Prezime (Obavezno)<\/label><\/div><div class='ff-el-input--content'><input type=\"text\" name=\"names[last_name]\" id=\"ff_5_names_last_name_\" class=\"ff-el-form-control\" aria-invalid=\"false\" aria-required=true><\/div><\/div><\/div><\/div><\/div><div data-name=\"ff_cn_id_1\"  class='ff-t-container ff-column-container ff_columns_total_2  '><div class='ff-t-cell ff-t-column-1' style='flex-basis: 50%;'><div class='ff-el-group'><div class=\"ff-el-input--label ff-el-is-required asterisk-right\"><label for='ff_5_email' aria-label=\"Va\u0161a email adresa (Obavezno)\">Va\u0161a email adresa (Obavezno)<\/label><\/div><div class='ff-el-input--content'><input type=\"email\" name=\"email\" id=\"ff_5_email\" class=\"ff-el-form-control\" data-name=\"email\"  aria-invalid=\"false\" aria-required=true><\/div><\/div><\/div><div class='ff-t-cell ff-t-column-2' style='flex-basis: 50%;'><div class='ff-el-group'><div class=\"ff-el-input--label asterisk-right\"><label for='ff_5_input_text' aria-label=\"Broj telefona\">Broj telefona<\/label><\/div><div class='ff-el-input--content'><input type=\"text\" name=\"input_text\" class=\"ff-el-form-control\" data-name=\"input_text\" id=\"ff_5_input_text\"  aria-invalid=\"false\" aria-required=false><\/div><\/div><\/div><\/div><div class='ff-el-group'><div class=\"ff-el-input--label ff-el-is-required asterisk-right\"><label for='ff_5_description' aria-label=\"Va\u0161a poruka (Obavezno)\">Va\u0161a poruka (Obavezno)<\/label><\/div><div class='ff-el-input--content'><textarea aria-invalid=\"false\" aria-required=true name=\"description\" id=\"ff_5_description\" class=\"ff-el-form-control\" rows=\"3\" cols=\"2\" data-name=\"description\" ><\/textarea><\/div><\/div><div class='ff-el-group ff-text-center ff_submit_btn_wrapper'><button type=\"submit\" class=\"ff-btn ff-btn-submit ff-btn-md ff_btn_style wpf_has_custom_css\" >Send a message<\/button><\/div><\/fieldset><\/form><div id='fluentform_5_errors' class='ff-errors-in-stack ff_form_instance_5_1 ff-form-loading_errors ff_form_instance_5_1_errors'><\/div><\/div>        <script type=\"text\/javascript\">\n            window.fluent_form_ff_form_instance_5_1 = {\"id\":\"5\",\"settings\":{\"layout\":{\"labelPlacement\":\"top\",\"helpMessagePlacement\":\"with_label\",\"errorMessagePlacement\":\"inline\",\"cssClassName\":\"\",\"asteriskPlacement\":\"asterisk-right\"},\"restrictions\":{\"denyEmptySubmission\":{\"enabled\":false}}},\"form_instance\":\"ff_form_instance_5_1\",\"form_id_selector\":\"fluentform_5\",\"rules\":{\"names[first_name]\":{\"required\":{\"value\":true,\"message\":\"This field is required\",\"global_message\":\"This field is required\",\"global\":true}},\"names[middle_name]\":{\"required\":{\"value\":false,\"message\":\"This field is required\",\"global_message\":\"This field is required\",\"global\":true}},\"names[last_name]\":{\"required\":{\"value\":true,\"message\":\"This field is required\",\"global_message\":\"This field is required\",\"global\":true}},\"email\":{\"required\":{\"value\":true,\"message\":\"This field is required\",\"global_message\":\"This field is required\",\"global\":true},\"email\":{\"value\":true,\"message\":\"This field must contain a valid email\",\"global_message\":\"This field must contain a valid email\",\"global\":true}},\"input_text\":{\"required\":{\"value\":false,\"message\":\"This field is required\",\"global_message\":\"This field is required\",\"global\":true}},\"description\":{\"required\":{\"value\":true,\"message\":\"This field is required\",\"global_message\":\"This field is required\",\"global\":true}}},\"debounce_time\":300};\n                    <\/script>\n                    <\/div>\n\n            \t\t\t\t<\/div>\n\t\t\t\t<\/div>\n\t\t\t\t<\/div>\n\t\t\t\t<\/div>\n\t\t<div class=\"elementor-element elementor-element-1787922 e-con-full e-flex wpr-particle-no wpr-jarallax-no wpr-parallax-no wpr-sticky-section-no e-con e-parent\" data-id=\"1787922\" data-element_type=\"container\">\n\t\t\t\t<div class=\"elementor-element elementor-element-c454424 elementor-widget elementor-widget-google_maps\" data-id=\"c454424\" data-element_type=\"widget\" data-widget_type=\"google_maps.default\">\n\t\t\t\t<div class=\"elementor-widget-container\">\n\t\t\t\t\t\t\t<div class=\"elementor-custom-embed\">\n\t\t\t<iframe loading=\"lazy\"\n\t\t\t\t\tsrc=\"https:\/\/maps.google.com\/maps?q=TKS%20Group%20doo%2C%20Cara%20Konstantina%2010%2C%20%D0%91%D0%B5%D0%BE%D0%B3%D1%80%D0%B0%D0%B4%2011283&#038;t=m&#038;z=13&#038;output=embed&#038;iwloc=near\"\n\t\t\t\t\ttitle=\"TKS Group doo, Cara Konstantina 10, \u0411\u0435\u043e\u0433\u0440\u0430\u0434 11283\"\n\t\t\t\t\taria-label=\"TKS Group doo, Cara Konstantina 10, \u0411\u0435\u043e\u0433\u0440\u0430\u0434 11283\"\n\t\t\t><\/iframe>\n\t\t<\/div>\n\t\t\t\t\t\t<\/div>\n\t\t\t\t<\/div>\n\t\t\t\t<\/div>\n\t\t\t\t<\/div>\n\t\t","protected":false},"excerpt":{"rendered":"<p>+381 11 764 4945 info@tksgroup.rs Cara Konstantina 10,11283 Beograd, Srbija *Za sva pitanja, sugestije ili dodatne informacije, slobodno nas kontaktirajte telefonom, e-po\u0161tom ili li\u010dno na na\u0161u adresu. Na\u0161 tim je tu da odgovori na va\u0161e zahteve i pomogne vam u najkra\u0107em mogu\u0107em roku. KontaktForma (#5) Ime (Obavezno)Prezime (Obavezno)Va\u0161a email adresa (Obavezno)Broj telefonaVa\u0161a poruka (Obavezno)Send a message<\/p>\n","protected":false},"author":1,"featured_media":0,"parent":0,"menu_order":0,"comment_status":"closed","ping_status":"closed","template":"","meta":{"site-sidebar-layout":"no-sidebar","site-content-layout":"","ast-site-content-layout":"","site-content-style":"default","site-sidebar-style":"default","ast-global-header-display":"","ast-banner-title-visibility":"","ast-main-header-display":"","ast-hfb-above-header-display":"","ast-hfb-below-header-display":"","ast-hfb-mobile-header-display":"","site-post-title":"disabled","ast-breadcrumbs-content":"","ast-featured-img":"disabled","footer-sml-layout":"","theme-transparent-header-meta":"","adv-header-id-meta":"","stick-header-meta":"","header-above-stick-meta":"","header-main-stick-meta":"","header-below-stick-meta":"","astra-migrate-meta-layouts":"default","ast-page-background-enabled":"default","ast-page-background-meta":{"desktop":{"background-color":"var(--ast-global-color-4)","background-image":"","background-repeat":"repeat","background-position":"center center","background-size":"auto","background-attachment":"scroll","background-type":"","background-media":"","overlay-type":"","overlay-color":"","overlay-opacity":"","overlay-gradient":""},"tablet":{"background-color":"","background-image":"","background-repeat":"repeat","background-position":"center center","background-size":"auto","background-attachment":"scroll","background-type":"","background-media":"","overlay-type":"","overlay-color":"","overlay-opacity":"","overlay-gradient":""},"mobile":{"background-color":"","background-image":"","background-repeat":"repeat","background-position":"center center","background-size":"auto","background-attachment":"scroll","background-type":"","background-media":"","overlay-type":"","overlay-color":"","overlay-opacity":"","overlay-gradient":""}},"ast-content-background-meta":{"desktop":{"background-color":"var(--ast-global-color-5)","background-image":"","background-repeat":"repeat","background-position":"center center","background-size":"auto","background-attachment":"scroll","background-type":"","background-media":"","overlay-type":"","overlay-color":"","overlay-opacity":"","overlay-gradient":""},"tablet":{"background-color":"var(--ast-global-color-5)","background-image":"","background-repeat":"repeat","background-position":"center center","background-size":"auto","background-attachment":"scroll","background-type":"","background-media":"","overlay-type":"","overlay-color":"","overlay-opacity":"","overlay-gradient":""},"mobile":{"background-color":"var(--ast-global-color-5)","background-image":"","background-repeat":"repeat","background-position":"center center","background-size":"auto","background-attachment":"scroll","background-type":"","background-media":"","overlay-type":"","overlay-color":"","overlay-opacity":"","overlay-gradient":""}},"footnotes":""},"class_list":["post-90001312314290","page","type-page","status-publish","hentry"],"_links":{"self":[{"href":"https:\/\/test.tksgroup.rs\/sr\/wp-json\/wp\/v2\/pages\/90001312314290","targetHints":{"allow":["GET"]}}],"collection":[{"href":"https:\/\/test.tksgroup.rs\/sr\/wp-json\/wp\/v2\/pages"}],"about":[{"href":"https:\/\/test.tksgroup.rs\/sr\/wp-json\/wp\/v2\/types\/page"}],"author":[{"embeddable":true,"href":"https:\/\/test.tksgroup.rs\/sr\/wp-json\/wp\/v2\/users\/1"}],"replies":[{"embeddable":true,"href":"https:\/\/test.tksgroup.rs\/sr\/wp-json\/wp\/v2\/comments?post=90001312314290"}],"version-history":[{"count":10,"href":"https:\/\/test.tksgroup.rs\/sr\/wp-json\/wp\/v2\/pages\/90001312314290\/revisions"}],"predecessor-version":[{"id":90001312317294,"href":"https:\/\/test.tksgroup.rs\/sr\/wp-json\/wp\/v2\/pages\/90001312314290\/revisions\/90001312317294"}],"wp:attachment":[{"href":"https:\/\/test.tksgroup.rs\/sr\/wp-json\/wp\/v2\/media?parent=90001312314290"}],"curies":[{"name":"wp","href":"https:\/\/api.w.org\/{rel}","templated":true}]}}