{"id":90001312314304,"date":"2024-08-20T10:29:47","date_gmt":"2024-08-20T10:29:47","guid":{"rendered":"https:\/\/test.tksgroup.rs\/%d0%be%d0%bf%d1%80%d0%b5%d0%bc%d0%b0-%d0%b7%d0%b0-%d0%bf%d0%b0%d0%ba%d0%be%d0%b2%d0%b0%d1%9a%d0%b5-%d0%b8-%d1%81%d0%ba%d0%bb%d0%b0%d0%b4%d0%b8%d1%88%d1%82%d0%b5%d1%9a%d0%b5\/"},"modified":"2025-12-24T15:41:36","modified_gmt":"2025-12-24T15:41:36","slug":"%d0%be%d0%bf%d1%80%d0%b5%d0%bc%d0%b0-%d0%b7%d0%b0-%d0%bf%d0%b0%d0%ba%d0%be%d0%b2%d0%b0%d1%9a%d0%b5-%d0%b8-%d1%81%d0%ba%d0%bb%d0%b0%d0%b4%d0%b8%d1%88%d1%82%d0%b5%d1%9a%d0%b5","status":"publish","type":"page","link":"https:\/\/test.tksgroup.rs\/sr\/%d0%be%d0%bf%d1%80%d0%b5%d0%bc%d0%b0-%d0%b7%d0%b0-%d0%bf%d0%b0%d0%ba%d0%be%d0%b2%d0%b0%d1%9a%d0%b5-%d0%b8-%d1%81%d0%ba%d0%bb%d0%b0%d0%b4%d0%b8%d1%88%d1%82%d0%b5%d1%9a%d0%b5\/","title":{"rendered":"Oprema za pakovanje i skladi\u0161tenje"},"content":{"rendered":"\t\t<div data-elementor-type=\"wp-page\" data-elementor-id=\"90001312314304\" class=\"elementor elementor-90001312314304 elementor-64\" data-elementor-post-type=\"page\">\n\t\t\t\t<div class=\"elementor-element elementor-element-59c7203d e-con-full e-flex wpr-particle-no wpr-jarallax-no wpr-parallax-no wpr-sticky-section-no e-con e-parent\" data-id=\"59c7203d\" data-element_type=\"container\">\n\t\t<div class=\"elementor-element elementor-element-19e0515d e-con-full e-flex wpr-particle-no wpr-jarallax-no wpr-parallax-no wpr-sticky-section-no e-con e-child\" data-id=\"19e0515d\" data-element_type=\"container\">\n\t\t\t\t<div class=\"elementor-element elementor-element-e8423de elementor-widget elementor-widget-image\" data-id=\"e8423de\" data-element_type=\"widget\" data-widget_type=\"image.default\">\n\t\t\t\t<div class=\"elementor-widget-container\">\n\t\t\t\t\t\t\t\t\t\t\t\t\t\t\t<img fetchpriority=\"high\" decoding=\"async\" width=\"1024\" height=\"683\" src=\"https:\/\/test.tksgroup.rs\/wp-content\/uploads\/2025\/07\/oprema-za-pakovanje-i-skladistenje-2-1024x683.jpg\" class=\"attachment-large size-large wp-image-90001312314305\" alt=\"\" srcset=\"https:\/\/test.tksgroup.rs\/wp-content\/uploads\/2025\/07\/oprema-za-pakovanje-i-skladistenje-2-1024x683.jpg 1024w, https:\/\/test.tksgroup.rs\/wp-content\/uploads\/2025\/07\/oprema-za-pakovanje-i-skladistenje-2-300x200.jpg 300w, https:\/\/test.tksgroup.rs\/wp-content\/uploads\/2025\/07\/oprema-za-pakovanje-i-skladistenje-2-768x512.jpg 768w, https:\/\/test.tksgroup.rs\/wp-content\/uploads\/2025\/07\/oprema-za-pakovanje-i-skladistenje-2-1536x1024.jpg 1536w, https:\/\/test.tksgroup.rs\/wp-content\/uploads\/2025\/07\/oprema-za-pakovanje-i-skladistenje-2-2048x1365.jpg 2048w, https:\/\/test.tksgroup.rs\/wp-content\/uploads\/2025\/07\/oprema-za-pakovanje-i-skladistenje-2-600x400.jpg 600w\" sizes=\"(max-width: 1024px) 100vw, 1024px\" \/>\t\t\t\t\t\t\t\t\t\t\t\t\t\t\t<\/div>\n\t\t\t\t<\/div>\n\t\t\t\t<\/div>\n\t\t<div class=\"elementor-element elementor-element-28e58112 e-con-full e-flex wpr-particle-no wpr-jarallax-no wpr-parallax-no wpr-sticky-section-no e-con e-child\" data-id=\"28e58112\" data-element_type=\"container\">\n\t\t\t\t<div class=\"elementor-element elementor-element-3d2dbb82 elementor-widget elementor-widget-text-editor\" data-id=\"3d2dbb82\" data-element_type=\"widget\" data-widget_type=\"text-editor.default\">\n\t\t\t\t<div class=\"elementor-widget-container\">\n\t\t\t\t\t\t\t\t\t<p>Kvalitetna oprema za pakovanje i skladi\u0161tenje je okosnica svakog efikasnog logisti\u010dkog sistema. Bez obzira da li pripremate robu za transport ili organizujete svoj skladi\u0161ni prostor, pravi materijali i alati \u0161tede vreme, \u0161tite proizvode i pove\u0107avaju produktivnost.<\/p>\t\t\t\t\t\t\t\t<\/div>\n\t\t\t\t<\/div>\n\t\t\t\t<div class=\"elementor-element elementor-element-7d7a97a elementor-mobile-align-center elementor-widget elementor-widget-button\" data-id=\"7d7a97a\" data-element_type=\"widget\" data-widget_type=\"button.default\">\n\t\t\t\t<div class=\"elementor-widget-container\">\n\t\t\t\t\t\t\t\t\t<div class=\"elementor-button-wrapper\">\n\t\t\t\t\t<a class=\"elementor-button elementor-button-link elementor-size-sm\" href=\"https:\/\/test.tksgroup.rs\/sr\/%d0%bf%d1%80%d0%be%d0%b8%d0%b7%d0%b2%d0%be%d0%b4%d0%b8\/\">\n\t\t\t\t\t\t<span class=\"elementor-button-content-wrapper\">\n\t\t\t\t\t\t\t\t\t<span class=\"elementor-button-text\">Pogledajte na\u0161e proizvode<\/span>\n\t\t\t\t\t<\/span>\n\t\t\t\t\t<\/a>\n\t\t\t\t<\/div>\n\t\t\t\t\t\t\t\t<\/div>\n\t\t\t\t<\/div>\n\t\t\t\t<\/div>\n\t\t\t\t<\/div>\n\t\t<div class=\"elementor-element elementor-element-549d5dd0 e-con-full e-flex wpr-particle-no wpr-jarallax-no wpr-parallax-no wpr-sticky-section-no e-con e-parent\" data-id=\"549d5dd0\" data-element_type=\"container\">\n\t\t<div class=\"elementor-element elementor-element-455338fd e-con-full e-flex wpr-particle-no wpr-jarallax-no wpr-parallax-no wpr-sticky-section-no e-con e-child\" data-id=\"455338fd\" data-element_type=\"container\">\n\t\t\t\t<div class=\"elementor-element elementor-element-133a3a71 elementor-widget elementor-widget-text-editor\" data-id=\"133a3a71\" data-element_type=\"widget\" data-widget_type=\"text-editor.default\">\n\t\t\t\t<div class=\"elementor-widget-container\">\n\t\t\t\t\t\t\t\t\t<p>Na\u0161a ponuda obuhvata \u010ditav asortiman re\u0161enja za pakovanje i skladi\u0161tenje \u2013 od industrijskih traka, stretch folija, PP i PET traka, do lepljivih traka (selotejp) za sigurno zaptivanje. Tako\u0111e pru\u017eamo plasti\u010dne palete, korpe i organizatore datoteka, dizajnirane da pobolj\u0161aju organizaciju robe i skladi\u0161nog prostora u svakodnevnom poslovanju.<\/p><p>Bez obzira na veli\u010dinu ili vrstu va\u0161eg poslovanja, na\u0107i \u0107ete sve \u0161to vam je potrebno za sigurno pakovanje, efikasno rukovanje i optimalno skladi\u0161tenje va\u0161ih proizvoda.<\/p>\t\t\t\t\t\t\t\t<\/div>\n\t\t\t\t<\/div>\n\t\t\t\t<\/div>\n\t\t<div class=\"elementor-element elementor-element-7103f03c e-con-full e-flex wpr-particle-no wpr-jarallax-no wpr-parallax-no wpr-sticky-section-no e-con e-child\" data-id=\"7103f03c\" data-element_type=\"container\">\n\t\t\t\t<div class=\"elementor-element elementor-element-48295c20 elementor-widget elementor-widget-image\" data-id=\"48295c20\" data-element_type=\"widget\" data-widget_type=\"image.default\">\n\t\t\t\t<div class=\"elementor-widget-container\">\n\t\t\t\t\t\t\t\t\t\t\t\t\t\t\t<img decoding=\"async\" width=\"1024\" height=\"683\" src=\"https:\/\/test.tksgroup.rs\/wp-content\/uploads\/2025\/07\/Packaging-and-storage-equipment-oprema-za-pakovanje-i-skladistenje-1024x683.jpg\" class=\"attachment-large size-large wp-image-90001312314306\" alt=\"\" srcset=\"https:\/\/test.tksgroup.rs\/wp-content\/uploads\/2025\/07\/Packaging-and-storage-equipment-oprema-za-pakovanje-i-skladistenje-1024x683.jpg 1024w, https:\/\/test.tksgroup.rs\/wp-content\/uploads\/2025\/07\/Packaging-and-storage-equipment-oprema-za-pakovanje-i-skladistenje-300x200.jpg 300w, https:\/\/test.tksgroup.rs\/wp-content\/uploads\/2025\/07\/Packaging-and-storage-equipment-oprema-za-pakovanje-i-skladistenje-768x512.jpg 768w, https:\/\/test.tksgroup.rs\/wp-content\/uploads\/2025\/07\/Packaging-and-storage-equipment-oprema-za-pakovanje-i-skladistenje-1536x1024.jpg 1536w, https:\/\/test.tksgroup.rs\/wp-content\/uploads\/2025\/07\/Packaging-and-storage-equipment-oprema-za-pakovanje-i-skladistenje-2048x1365.jpg 2048w, https:\/\/test.tksgroup.rs\/wp-content\/uploads\/2025\/07\/Packaging-and-storage-equipment-oprema-za-pakovanje-i-skladistenje-600x400.jpg 600w\" sizes=\"(max-width: 1024px) 100vw, 1024px\" \/>\t\t\t\t\t\t\t\t\t\t\t\t\t\t\t<\/div>\n\t\t\t\t<\/div>\n\t\t\t\t<\/div>\n\t\t\t\t<\/div>\n\t\t<div class=\"elementor-element elementor-element-4e7486b1 e-flex e-con-boxed wpr-particle-no wpr-jarallax-no wpr-parallax-no wpr-sticky-section-no e-con e-parent\" data-id=\"4e7486b1\" data-element_type=\"container\" data-settings=\"{&quot;background_background&quot;:&quot;gradient&quot;}\">\n\t\t\t\t\t<div class=\"e-con-inner\">\n\t\t<div class=\"elementor-element elementor-element-51d5e9a6 e-con-full e-flex wpr-particle-no wpr-jarallax-no wpr-parallax-no wpr-sticky-section-no e-con e-child\" data-id=\"51d5e9a6\" data-element_type=\"container\" data-settings=\"{&quot;background_background&quot;:&quot;classic&quot;}\">\n\t\t\t\t<div class=\"elementor-element elementor-element-18be3498 elementor-widget elementor-widget-heading\" data-id=\"18be3498\" data-element_type=\"widget\" data-widget_type=\"heading.default\">\n\t\t\t\t<div class=\"elementor-widget-container\">\n\t\t\t\t\t<h2 class=\"elementor-heading-title elementor-size-default\">Brendovi<\/h2>\t\t\t\t<\/div>\n\t\t\t\t<\/div>\n\t\t\t\t<\/div>\n\t\t<div class=\"elementor-element elementor-element-7f12d562 e-con-full e-flex wpr-particle-no wpr-jarallax-no wpr-parallax-no wpr-sticky-section-no e-con e-child\" data-id=\"7f12d562\" data-element_type=\"container\" data-settings=\"{&quot;background_background&quot;:&quot;classic&quot;}\">\n\t\t\t\t<div class=\"elementor-element elementor-element-50a4ae63 elementor-arrows-position-inside elementor-pagination-position-outside elementor-widget elementor-widget-image-carousel\" data-id=\"50a4ae63\" data-element_type=\"widget\" data-settings=\"{&quot;slides_to_show&quot;:&quot;4&quot;,&quot;navigation&quot;:&quot;both&quot;,&quot;autoplay&quot;:&quot;yes&quot;,&quot;pause_on_hover&quot;:&quot;yes&quot;,&quot;pause_on_interaction&quot;:&quot;yes&quot;,&quot;autoplay_speed&quot;:5000,&quot;infinite&quot;:&quot;yes&quot;,&quot;speed&quot;:500}\" data-widget_type=\"image-carousel.default\">\n\t\t\t\t<div class=\"elementor-widget-container\">\n\t\t\t\t\t\t\t<div class=\"elementor-image-carousel-wrapper swiper\" role=\"region\" aria-roledescription=\"carousel\" aria-label=\"Image Carousel\" dir=\"ltr\">\n\t\t\t<div class=\"elementor-image-carousel swiper-wrapper\" aria-live=\"off\">\n\t\t\t\t\t\t\t\t<div class=\"swiper-slide\" role=\"group\" aria-roledescription=\"slide\" aria-label=\"1 of 9\"><figure class=\"swiper-slide-inner\"><img decoding=\"async\" class=\"swiper-slide-image\" src=\"https:\/\/test.tksgroup.rs\/wp-content\/uploads\/2024\/08\/Durable_logo-1.png\" alt=\"Durable_logo 1\" \/><\/figure><\/div><div class=\"swiper-slide\" role=\"group\" aria-roledescription=\"slide\" aria-label=\"2 of 9\"><figure class=\"swiper-slide-inner\"><img decoding=\"async\" class=\"swiper-slide-image\" src=\"https:\/\/test.tksgroup.rs\/wp-content\/uploads\/2024\/08\/Logo_SMC_Corporation-1.png\" alt=\"Logo_SMC_Corporation 1\" \/><\/figure><\/div><div class=\"swiper-slide\" role=\"group\" aria-roledescription=\"slide\" aria-label=\"3 of 9\"><figure class=\"swiper-slide-inner\"><img decoding=\"async\" class=\"swiper-slide-image\" src=\"https:\/\/test.tksgroup.rs\/wp-content\/uploads\/2025\/07\/Bedra_Logo_250x50.png\" alt=\"Bedra_Logo_250x50\" \/><\/figure><\/div><div class=\"swiper-slide\" role=\"group\" aria-roledescription=\"slide\" aria-label=\"4 of 9\"><figure class=\"swiper-slide-inner\"><img decoding=\"async\" class=\"swiper-slide-image\" src=\"https:\/\/test.tksgroup.rs\/wp-content\/uploads\/2025\/07\/CEPRO_Logo_250x50.png\" alt=\"CEPRO_Logo_250x50\" \/><\/figure><\/div><div class=\"swiper-slide\" role=\"group\" aria-roledescription=\"slide\" aria-label=\"5 of 9\"><figure class=\"swiper-slide-inner\"><img decoding=\"async\" class=\"swiper-slide-image\" src=\"https:\/\/test.tksgroup.rs\/wp-content\/uploads\/2025\/07\/Ergomat_Logo_250x50.png\" alt=\"Ergomat_Logo_250x50\" \/><\/figure><\/div><div class=\"swiper-slide\" role=\"group\" aria-roledescription=\"slide\" aria-label=\"6 of 9\"><figure class=\"swiper-slide-inner\"><img decoding=\"async\" class=\"swiper-slide-image\" src=\"https:\/\/test.tksgroup.rs\/wp-content\/uploads\/2025\/07\/Green_Belting_Logo_250x50.png\" alt=\"Green_Belting_Logo_250x50\" \/><\/figure><\/div><div class=\"swiper-slide\" role=\"group\" aria-roledescription=\"slide\" aria-label=\"7 of 9\"><figure class=\"swiper-slide-inner\"><img decoding=\"async\" class=\"swiper-slide-image\" src=\"https:\/\/test.tksgroup.rs\/wp-content\/uploads\/2025\/07\/Krautzberger_Logo_250x50.png\" alt=\"Krautzberger_Logo_250x50\" \/><\/figure><\/div><div class=\"swiper-slide\" role=\"group\" aria-roledescription=\"slide\" aria-label=\"8 of 9\"><figure class=\"swiper-slide-inner\"><img decoding=\"async\" class=\"swiper-slide-image\" src=\"https:\/\/test.tksgroup.rs\/wp-content\/uploads\/2025\/07\/Osborn_Logo_250x50_Centered.png\" alt=\"Osborn_Logo_250x50_Centered\" \/><\/figure><\/div><div class=\"swiper-slide\" role=\"group\" aria-roledescription=\"slide\" aria-label=\"9 of 9\"><figure class=\"swiper-slide-inner\"><img decoding=\"async\" class=\"swiper-slide-image\" src=\"https:\/\/test.tksgroup.rs\/wp-content\/uploads\/2025\/07\/Scapa_Logo_250x50.png\" alt=\"Scapa_Logo_250x50\" \/><\/figure><\/div>\t\t\t<\/div>\n\t\t\t\t\t\t\t\t\t\t\t\t<div class=\"elementor-swiper-button elementor-swiper-button-prev\" role=\"button\" tabindex=\"0\">\n\t\t\t\t\t\t<svg aria-hidden=\"true\" class=\"e-font-icon-svg e-eicon-chevron-left\" viewBox=\"0 0 1000 1000\" xmlns=\"http:\/\/www.w3.org\/2000\/svg\"><path d=\"M646 125C629 125 613 133 604 142L308 442C296 454 292 471 292 487 292 504 296 521 308 533L604 854C617 867 629 875 646 875 663 875 679 871 692 858 704 846 713 829 713 812 713 796 708 779 692 767L438 487 692 225C700 217 708 204 708 187 708 171 704 154 692 142 675 129 663 125 646 125Z\"><\/path><\/svg>\t\t\t\t\t<\/div>\n\t\t\t\t\t<div class=\"elementor-swiper-button elementor-swiper-button-next\" role=\"button\" tabindex=\"0\">\n\t\t\t\t\t\t<svg aria-hidden=\"true\" class=\"e-font-icon-svg e-eicon-chevron-right\" viewBox=\"0 0 1000 1000\" xmlns=\"http:\/\/www.w3.org\/2000\/svg\"><path d=\"M696 533C708 521 713 504 713 487 713 471 708 454 696 446L400 146C388 133 375 125 354 125 338 125 325 129 313 142 300 154 292 171 292 187 292 204 296 221 308 233L563 492 304 771C292 783 288 800 288 817 288 833 296 850 308 863 321 871 338 875 354 875 371 875 388 867 400 854L696 533Z\"><\/path><\/svg>\t\t\t\t\t<\/div>\n\t\t\t\t\n\t\t\t\t\t\t\t\t\t<div class=\"swiper-pagination\"><\/div>\n\t\t\t\t\t\t\t\t\t<\/div>\n\t\t\t\t\t\t<\/div>\n\t\t\t\t<\/div>\n\t\t\t\t<\/div>\n\t\t\t\t\t<\/div>\n\t\t\t\t<\/div>\n\t\t\t\t<\/div>\n\t\t","protected":false},"excerpt":{"rendered":"<p>Kvalitetna oprema za pakovanje i skladi\u0161tenje je okosnica svakog efikasnog logisti\u010dkog sistema. Bez obzira da li pripremate robu za transport ili organizujete svoj skladi\u0161ni prostor, pravi materijali i alati \u0161tede vreme, \u0161tite proizvode i pove\u0107avaju produktivnost. Pogledajte na\u0161e proizvode Na\u0161a ponuda obuhvata \u010ditav asortiman re\u0161enja za pakovanje i skladi\u0161tenje \u2013 od industrijskih traka, stretch folija, PP i PET traka, do lepljivih traka (selotejp) za sigurno zaptivanje. Tako\u0111e pru\u017eamo plasti\u010dne palete, korpe i organizatore datoteka, dizajnirane da pobolj\u0161aju organizaciju robe i skladi\u0161nog prostora u svakodnevnom poslovanju. Bez obzira na veli\u010dinu ili vrstu va\u0161eg poslovanja, na\u0107i \u0107ete sve \u0161to vam je potrebno za sigurno pakovanje, efikasno rukovanje i optimalno skladi\u0161tenje va\u0161ih proizvoda. Brendovi<\/p>\n","protected":false},"author":1,"featured_media":0,"parent":0,"menu_order":0,"comment_status":"closed","ping_status":"closed","template":"","meta":{"site-sidebar-layout":"no-sidebar","site-content-layout":"","ast-site-content-layout":"","site-content-style":"default","site-sidebar-style":"default","ast-global-header-display":"","ast-banner-title-visibility":"","ast-main-header-display":"","ast-hfb-above-header-display":"","ast-hfb-below-header-display":"","ast-hfb-mobile-header-display":"","site-post-title":"disabled","ast-breadcrumbs-content":"","ast-featured-img":"disabled","footer-sml-layout":"","theme-transparent-header-meta":"","adv-header-id-meta":"","stick-header-meta":"","header-above-stick-meta":"","header-main-stick-meta":"","header-below-stick-meta":"","astra-migrate-meta-layouts":"default","ast-page-background-enabled":"default","ast-page-background-meta":{"desktop":{"background-color":"var(--ast-global-color-4)","background-image":"","background-repeat":"repeat","background-position":"center center","background-size":"auto","background-attachment":"scroll","background-type":"","background-media":"","overlay-type":"","overlay-color":"","overlay-opacity":"","overlay-gradient":""},"tablet":{"background-color":"","background-image":"","background-repeat":"repeat","background-position":"center center","background-size":"auto","background-attachment":"scroll","background-type":"","background-media":"","overlay-type":"","overlay-color":"","overlay-opacity":"","overlay-gradient":""},"mobile":{"background-color":"","background-image":"","background-repeat":"repeat","background-position":"center center","background-size":"auto","background-attachment":"scroll","background-type":"","background-media":"","overlay-type":"","overlay-color":"","overlay-opacity":"","overlay-gradient":""}},"ast-content-background-meta":{"desktop":{"background-color":"var(--ast-global-color-5)","background-image":"","background-repeat":"repeat","background-position":"center center","background-size":"auto","background-attachment":"scroll","background-type":"","background-media":"","overlay-type":"","overlay-color":"","overlay-opacity":"","overlay-gradient":""},"tablet":{"background-color":"var(--ast-global-color-5)","background-image":"","background-repeat":"repeat","background-position":"center center","background-size":"auto","background-attachment":"scroll","background-type":"","background-media":"","overlay-type":"","overlay-color":"","overlay-opacity":"","overlay-gradient":""},"mobile":{"background-color":"var(--ast-global-color-5)","background-image":"","background-repeat":"repeat","background-position":"center center","background-size":"auto","background-attachment":"scroll","background-type":"","background-media":"","overlay-type":"","overlay-color":"","overlay-opacity":"","overlay-gradient":""}},"footnotes":""},"class_list":["post-90001312314304","page","type-page","status-publish","hentry"],"_links":{"self":[{"href":"https:\/\/test.tksgroup.rs\/sr\/wp-json\/wp\/v2\/pages\/90001312314304","targetHints":{"allow":["GET"]}}],"collection":[{"href":"https:\/\/test.tksgroup.rs\/sr\/wp-json\/wp\/v2\/pages"}],"about":[{"href":"https:\/\/test.tksgroup.rs\/sr\/wp-json\/wp\/v2\/types\/page"}],"author":[{"embeddable":true,"href":"https:\/\/test.tksgroup.rs\/sr\/wp-json\/wp\/v2\/users\/1"}],"replies":[{"embeddable":true,"href":"https:\/\/test.tksgroup.rs\/sr\/wp-json\/wp\/v2\/comments?post=90001312314304"}],"version-history":[{"count":8,"href":"https:\/\/test.tksgroup.rs\/sr\/wp-json\/wp\/v2\/pages\/90001312314304\/revisions"}],"predecessor-version":[{"id":90001312317248,"href":"https:\/\/test.tksgroup.rs\/sr\/wp-json\/wp\/v2\/pages\/90001312314304\/revisions\/90001312317248"}],"wp:attachment":[{"href":"https:\/\/test.tksgroup.rs\/sr\/wp-json\/wp\/v2\/media?parent=90001312314304"}],"curies":[{"name":"wp","href":"https:\/\/api.w.org\/{rel}","templated":true}]}}