{"id":90001312314362,"date":"2025-04-01T07:32:41","date_gmt":"2025-04-01T07:32:41","guid":{"rendered":"https:\/\/test.tksgroup.rs\/cepro\/"},"modified":"2026-02-03T12:37:14","modified_gmt":"2026-02-03T12:37:14","slug":"cepro","status":"publish","type":"page","link":"https:\/\/test.tksgroup.rs\/sr\/cepro\/","title":{"rendered":"Cepro"},"content":{"rendered":"\t\t<div data-elementor-type=\"wp-page\" data-elementor-id=\"90001312314362\" class=\"elementor elementor-90001312314362 elementor-54001034\" data-elementor-post-type=\"page\">\n\t\t\t\t<div class=\"elementor-element elementor-element-d233f0a e-con-full e-flex wpr-particle-no wpr-jarallax-no wpr-parallax-no wpr-sticky-section-no e-con e-parent\" data-id=\"d233f0a\" data-element_type=\"container\" data-settings=\"{&quot;background_background&quot;:&quot;classic&quot;}\">\n\t\t\t\t<div class=\"elementor-element elementor-element-7a1460d elementor-widget elementor-widget-button\" data-id=\"7a1460d\" data-element_type=\"widget\" data-widget_type=\"button.default\">\n\t\t\t\t<div class=\"elementor-widget-container\">\n\t\t\t\t\t\t\t\t\t<div class=\"elementor-button-wrapper\">\n\t\t\t\t\t<a class=\"elementor-button elementor-button-link elementor-size-sm\" href=\"https:\/\/www.cepro.eu\/our-products\" target=\"_blank\">\n\t\t\t\t\t\t<span class=\"elementor-button-content-wrapper\">\n\t\t\t\t\t\t\t\t\t<span class=\"elementor-button-text\">Vidi proizvode<\/span>\n\t\t\t\t\t<\/span>\n\t\t\t\t\t<\/a>\n\t\t\t\t<\/div>\n\t\t\t\t\t\t\t\t<\/div>\n\t\t\t\t<\/div>\n\t\t\t\t<\/div>\n\t\t<div class=\"elementor-element elementor-element-c0c40c7 e-con-full e-flex wpr-particle-no wpr-jarallax-no wpr-parallax-no wpr-sticky-section-no e-con e-parent\" data-id=\"c0c40c7\" data-element_type=\"container\">\n\t\t<div class=\"elementor-element elementor-element-04dbd33 e-con-full e-flex wpr-particle-no wpr-jarallax-no wpr-parallax-no wpr-sticky-section-no e-con e-child\" data-id=\"04dbd33\" data-element_type=\"container\">\n\t\t\t\t<div class=\"elementor-element elementor-element-8124d79 elementor-widget elementor-widget-heading\" data-id=\"8124d79\" data-element_type=\"widget\" data-widget_type=\"heading.default\">\n\t\t\t\t<div class=\"elementor-widget-container\">\n\t\t\t\t\t<h2 class=\"elementor-heading-title elementor-size-default\">CEPRO \u2013 Za\u0161tita ljudi na radnom mestu\n\n<\/h2>\t\t\t\t<\/div>\n\t\t\t\t<\/div>\n\t\t\t\t<div class=\"elementor-element elementor-element-db044c9 elementor-widget elementor-widget-text-editor\" data-id=\"db044c9\" data-element_type=\"widget\" data-widget_type=\"text-editor.default\">\n\t\t\t\t<div class=\"elementor-widget-container\">\n\t\t\t\t\t\t\t\t\t<p>CEPRO razvija bezbedna radna okru\u017eenja za zavarivanje i bru\u0161enje, obezbe\u0111uju\u0107i efikasnu za\u0161titu zaposlenih i njihove okoline. Bezbednost na radu je klju\u010dna komponenta uspe\u0161nog operativnog upravljanja. Pored toga, sa poslovnim partnerima delimo na\u0161e bogato znanje o zakonskim zahtevima u oblasti bezbednosti.  <\/p><p>Globalni lider na tr\u017ei\u0161tu<\/p><p>U na\u0161e proizvode, usluge i procese ugra\u0111ujemo najnovija znanja i stru\u010dnost iz industrije. Svaki zahtev obra\u0111ujemo pa\u017eljivo i posve\u0107eno, kako bismo obezbedili re\u0161enja prilago\u0111ena potrebama na\u0161ih klijenata i krajnjih korisnika. U CEPRO-u kontinuirano ula\u017eemo u znanje, obuke i odnose, \u0161to garantuje dosledan kvalitet i uskla\u0111enost sa me\u0111unarodnim propisima o bezbednosti. Ta posve\u0107enost u\u010dinila nas je globalnim liderom u industriji.   <\/p><p>Posve\u0107eni i visoko motivisani zaposleni<\/p><p>Te\u017eimo izvrsnosti ne samo u bezbednosti i zadovoljstvu klijenata, ve\u0107 i u dobrobiti zaposlenih. Kao rezultat, na\u0161i timovi su veoma motivisani i posve\u0107eni, \u0161to stvara sna\u017enu lojalnost prema CEPRO-u i na\u0161im poslovnim partnerima. To omogu\u0107ava dugoro\u010dne i konstruktivne odnose.  <\/p><p> Personalizovana podr\u0161ka \u2013 Posve\u0107ene kontakt osobe obezbe\u0111uju besprekorno iskustvo saradnje.<br>Fleksibilni i prilagodljivi timovi \u2013 Na\u0161i zaposleni se brzo prilago\u0111avaju novim okolnostima i pru\u017eaju najbolja re\u0161enja za potrebe klijenata koje se razvijaju.<br>Dodata vrednost \u2013 Na\u0161a posve\u0107enost fleksibilnosti, predanosti i zadovoljstvu zaposlenih donosi u\u0161tede i pove\u0107anu vrednost za na\u0161e klijente.<\/p><p><b>CEPRO \u2013 Va\u0161 pouzdani partner za bezbednost na radnom mestu!<\/b><b><\/b><\/p>\t\t\t\t\t\t\t\t<\/div>\n\t\t\t\t<\/div>\n\t\t\t\t<\/div>\n\t\t<div class=\"elementor-element elementor-element-01ae39f e-con-full e-flex wpr-particle-no wpr-jarallax-no wpr-parallax-no wpr-sticky-section-no e-con e-child\" data-id=\"01ae39f\" data-element_type=\"container\">\n\t\t\t\t<div class=\"elementor-element elementor-element-ba32d39 elementor-widget elementor-widget-image\" data-id=\"ba32d39\" data-element_type=\"widget\" data-widget_type=\"image.default\">\n\t\t\t\t<div class=\"elementor-widget-container\">\n\t\t\t\t\t\t\t\t\t\t\t\t\t\t\t<img fetchpriority=\"high\" decoding=\"async\" width=\"1024\" height=\"993\" src=\"https:\/\/test.tksgroup.rs\/wp-content\/uploads\/2025\/07\/Cepro-druga-slika-1-1024x993.jpg\" class=\"attachment-large size-large wp-image-90001312314361\" alt=\"\" srcset=\"https:\/\/test.tksgroup.rs\/wp-content\/uploads\/2025\/07\/Cepro-druga-slika-1-1024x993.jpg 1024w, https:\/\/test.tksgroup.rs\/wp-content\/uploads\/2025\/07\/Cepro-druga-slika-1-300x291.jpg 300w, https:\/\/test.tksgroup.rs\/wp-content\/uploads\/2025\/07\/Cepro-druga-slika-1-768x745.jpg 768w, https:\/\/test.tksgroup.rs\/wp-content\/uploads\/2025\/07\/Cepro-druga-slika-1-1536x1489.jpg 1536w, https:\/\/test.tksgroup.rs\/wp-content\/uploads\/2025\/07\/Cepro-druga-slika-1-600x582.jpg 600w, https:\/\/test.tksgroup.rs\/wp-content\/uploads\/2025\/07\/Cepro-druga-slika-1.jpg 1980w\" sizes=\"(max-width: 1024px) 100vw, 1024px\" \/>\t\t\t\t\t\t\t\t\t\t\t\t\t\t\t<\/div>\n\t\t\t\t<\/div>\n\t\t\t\t<\/div>\n\t\t\t\t<\/div>\n\t\t<div class=\"elementor-element elementor-element-5339377 e-flex e-con-boxed wpr-particle-no wpr-jarallax-no wpr-parallax-no wpr-sticky-section-no e-con e-parent\" data-id=\"5339377\" data-element_type=\"container\" data-settings=\"{&quot;background_background&quot;:&quot;gradient&quot;}\">\n\t\t\t\t\t<div class=\"e-con-inner\">\n\t\t<div class=\"elementor-element elementor-element-5da0cc8 e-con-full e-flex wpr-particle-no wpr-jarallax-no wpr-parallax-no wpr-sticky-section-no e-con e-child\" data-id=\"5da0cc8\" data-element_type=\"container\" data-settings=\"{&quot;background_background&quot;:&quot;classic&quot;}\">\n\t\t\t\t<div class=\"elementor-element elementor-element-f30477f elementor-widget elementor-widget-heading\" data-id=\"f30477f\" data-element_type=\"widget\" data-widget_type=\"heading.default\">\n\t\t\t\t<div class=\"elementor-widget-container\">\n\t\t\t\t\t<h2 class=\"elementor-heading-title elementor-size-default\">Brendovi<\/h2>\t\t\t\t<\/div>\n\t\t\t\t<\/div>\n\t\t\t\t<\/div>\n\t\t<div class=\"elementor-element elementor-element-d3af52f e-con-full e-flex wpr-particle-no wpr-jarallax-no wpr-parallax-no wpr-sticky-section-no e-con e-child\" data-id=\"d3af52f\" data-element_type=\"container\" data-settings=\"{&quot;background_background&quot;:&quot;classic&quot;}\">\n\t\t\t\t<div class=\"elementor-element elementor-element-6af2329 elementor-arrows-position-inside elementor-pagination-position-outside elementor-widget elementor-widget-image-carousel\" data-id=\"6af2329\" data-element_type=\"widget\" data-settings=\"{&quot;slides_to_show&quot;:&quot;4&quot;,&quot;navigation&quot;:&quot;both&quot;,&quot;autoplay&quot;:&quot;yes&quot;,&quot;pause_on_hover&quot;:&quot;yes&quot;,&quot;pause_on_interaction&quot;:&quot;yes&quot;,&quot;autoplay_speed&quot;:5000,&quot;infinite&quot;:&quot;yes&quot;,&quot;speed&quot;:500}\" data-widget_type=\"image-carousel.default\">\n\t\t\t\t<div class=\"elementor-widget-container\">\n\t\t\t\t\t\t\t<div class=\"elementor-image-carousel-wrapper swiper\" role=\"region\" aria-roledescription=\"carousel\" aria-label=\"Image Carousel\" dir=\"ltr\">\n\t\t\t<div class=\"elementor-image-carousel swiper-wrapper\" aria-live=\"off\">\n\t\t\t\t\t\t\t\t<div class=\"swiper-slide\" role=\"group\" aria-roledescription=\"slide\" aria-label=\"1 of 9\"><figure class=\"swiper-slide-inner\"><img decoding=\"async\" class=\"swiper-slide-image\" src=\"https:\/\/test.tksgroup.rs\/wp-content\/uploads\/2024\/08\/Durable_logo-1.png\" alt=\"Durable_logo 1\" \/><\/figure><\/div><div class=\"swiper-slide\" role=\"group\" aria-roledescription=\"slide\" aria-label=\"2 of 9\"><figure class=\"swiper-slide-inner\"><img decoding=\"async\" class=\"swiper-slide-image\" src=\"https:\/\/test.tksgroup.rs\/wp-content\/uploads\/2024\/08\/Logo_SMC_Corporation-1.png\" alt=\"Logo_SMC_Corporation 1\" \/><\/figure><\/div><div class=\"swiper-slide\" role=\"group\" aria-roledescription=\"slide\" aria-label=\"3 of 9\"><figure class=\"swiper-slide-inner\"><img decoding=\"async\" class=\"swiper-slide-image\" src=\"https:\/\/test.tksgroup.rs\/wp-content\/uploads\/2025\/07\/Bedra_Logo_250x50.png\" alt=\"Bedra_Logo_250x50\" \/><\/figure><\/div><div class=\"swiper-slide\" role=\"group\" aria-roledescription=\"slide\" aria-label=\"4 of 9\"><figure class=\"swiper-slide-inner\"><img decoding=\"async\" class=\"swiper-slide-image\" src=\"https:\/\/test.tksgroup.rs\/wp-content\/uploads\/2025\/07\/CEPRO_Logo_250x50.png\" alt=\"CEPRO_Logo_250x50\" \/><\/figure><\/div><div class=\"swiper-slide\" role=\"group\" aria-roledescription=\"slide\" aria-label=\"5 of 9\"><figure class=\"swiper-slide-inner\"><img decoding=\"async\" class=\"swiper-slide-image\" src=\"https:\/\/test.tksgroup.rs\/wp-content\/uploads\/2025\/07\/Ergomat_Logo_250x50.png\" alt=\"Ergomat_Logo_250x50\" \/><\/figure><\/div><div class=\"swiper-slide\" role=\"group\" aria-roledescription=\"slide\" aria-label=\"6 of 9\"><figure class=\"swiper-slide-inner\"><img decoding=\"async\" class=\"swiper-slide-image\" src=\"https:\/\/test.tksgroup.rs\/wp-content\/uploads\/2025\/07\/Green_Belting_Logo_250x50.png\" alt=\"Green_Belting_Logo_250x50\" \/><\/figure><\/div><div class=\"swiper-slide\" role=\"group\" aria-roledescription=\"slide\" aria-label=\"7 of 9\"><figure class=\"swiper-slide-inner\"><img decoding=\"async\" class=\"swiper-slide-image\" src=\"https:\/\/test.tksgroup.rs\/wp-content\/uploads\/2025\/07\/Krautzberger_Logo_250x50.png\" alt=\"Krautzberger_Logo_250x50\" \/><\/figure><\/div><div class=\"swiper-slide\" role=\"group\" aria-roledescription=\"slide\" aria-label=\"8 of 9\"><figure class=\"swiper-slide-inner\"><img decoding=\"async\" class=\"swiper-slide-image\" src=\"https:\/\/test.tksgroup.rs\/wp-content\/uploads\/2025\/07\/Osborn_Logo_250x50_Centered.png\" alt=\"Osborn_Logo_250x50_Centered\" \/><\/figure><\/div><div class=\"swiper-slide\" role=\"group\" aria-roledescription=\"slide\" aria-label=\"9 of 9\"><figure class=\"swiper-slide-inner\"><img decoding=\"async\" class=\"swiper-slide-image\" src=\"https:\/\/test.tksgroup.rs\/wp-content\/uploads\/2025\/07\/Scapa_Logo_250x50.png\" alt=\"Scapa_Logo_250x50\" \/><\/figure><\/div>\t\t\t<\/div>\n\t\t\t\t\t\t\t\t\t\t\t\t<div class=\"elementor-swiper-button elementor-swiper-button-prev\" role=\"button\" tabindex=\"0\">\n\t\t\t\t\t\t<svg aria-hidden=\"true\" class=\"e-font-icon-svg e-eicon-chevron-left\" viewBox=\"0 0 1000 1000\" xmlns=\"http:\/\/www.w3.org\/2000\/svg\"><path d=\"M646 125C629 125 613 133 604 142L308 442C296 454 292 471 292 487 292 504 296 521 308 533L604 854C617 867 629 875 646 875 663 875 679 871 692 858 704 846 713 829 713 812 713 796 708 779 692 767L438 487 692 225C700 217 708 204 708 187 708 171 704 154 692 142 675 129 663 125 646 125Z\"><\/path><\/svg>\t\t\t\t\t<\/div>\n\t\t\t\t\t<div class=\"elementor-swiper-button elementor-swiper-button-next\" role=\"button\" tabindex=\"0\">\n\t\t\t\t\t\t<svg aria-hidden=\"true\" class=\"e-font-icon-svg e-eicon-chevron-right\" viewBox=\"0 0 1000 1000\" xmlns=\"http:\/\/www.w3.org\/2000\/svg\"><path d=\"M696 533C708 521 713 504 713 487 713 471 708 454 696 446L400 146C388 133 375 125 354 125 338 125 325 129 313 142 300 154 292 171 292 187 292 204 296 221 308 233L563 492 304 771C292 783 288 800 288 817 288 833 296 850 308 863 321 871 338 875 354 875 371 875 388 867 400 854L696 533Z\"><\/path><\/svg>\t\t\t\t\t<\/div>\n\t\t\t\t\n\t\t\t\t\t\t\t\t\t<div class=\"swiper-pagination\"><\/div>\n\t\t\t\t\t\t\t\t\t<\/div>\n\t\t\t\t\t\t<\/div>\n\t\t\t\t<\/div>\n\t\t\t\t<\/div>\n\t\t\t\t\t<\/div>\n\t\t\t\t<\/div>\n\t\t\t\t<\/div>\n\t\t","protected":false},"excerpt":{"rendered":"<p>Vidi proizvode CEPRO \u2013 Za\u0161tita ljudi na radnom mestu CEPRO razvija bezbedna radna okru\u017eenja za zavarivanje i bru\u0161enje, obezbe\u0111uju\u0107i efikasnu za\u0161titu zaposlenih i njihove okoline. Bezbednost na radu je klju\u010dna komponenta uspe\u0161nog operativnog upravljanja. Pored toga, sa poslovnim partnerima delimo na\u0161e bogato znanje o zakonskim zahtevima u oblasti bezbednosti. Globalni lider na tr\u017ei\u0161tu U na\u0161e proizvode, usluge i procese ugra\u0111ujemo najnovija znanja i stru\u010dnost iz industrije. Svaki zahtev obra\u0111ujemo pa\u017eljivo i posve\u0107eno, kako bismo obezbedili re\u0161enja prilago\u0111ena potrebama na\u0161ih klijenata i krajnjih korisnika. U CEPRO-u kontinuirano ula\u017eemo u znanje, obuke i odnose, \u0161to garantuje dosledan kvalitet i uskla\u0111enost sa me\u0111unarodnim propisima o bezbednosti. Ta posve\u0107enost u\u010dinila nas je globalnim liderom u industriji. Posve\u0107eni i visoko motivisani zaposleni Te\u017eimo izvrsnosti ne samo u bezbednosti i zadovoljstvu klijenata, ve\u0107 i u dobrobiti zaposlenih. Kao rezultat, na\u0161i timovi su veoma motivisani i posve\u0107eni, \u0161to stvara sna\u017enu lojalnost prema CEPRO-u i na\u0161im poslovnim partnerima. To omogu\u0107ava dugoro\u010dne i konstruktivne odnose. Personalizovana podr\u0161ka \u2013 Posve\u0107ene kontakt osobe obezbe\u0111uju besprekorno iskustvo saradnje.Fleksibilni i prilagodljivi timovi \u2013 Na\u0161i zaposleni se brzo prilago\u0111avaju novim okolnostima i pru\u017eaju najbolja re\u0161enja za potrebe klijenata koje se razvijaju.Dodata vrednost \u2013 Na\u0161a posve\u0107enost fleksibilnosti, predanosti i zadovoljstvu zaposlenih donosi u\u0161tede i pove\u0107anu vrednost za na\u0161e klijente. CEPRO \u2013 Va\u0161 pouzdani partner za bezbednost na radnom mestu! Brendovi<\/p>\n","protected":false},"author":1,"featured_media":0,"parent":0,"menu_order":0,"comment_status":"closed","ping_status":"closed","template":"","meta":{"site-sidebar-layout":"no-sidebar","site-content-layout":"","ast-site-content-layout":"full-width-container","site-content-style":"default","site-sidebar-style":"default","ast-global-header-display":"","ast-banner-title-visibility":"","ast-main-header-display":"","ast-hfb-above-header-display":"","ast-hfb-below-header-display":"","ast-hfb-mobile-header-display":"","site-post-title":"disabled","ast-breadcrumbs-content":"","ast-featured-img":"disabled","footer-sml-layout":"","theme-transparent-header-meta":"","adv-header-id-meta":"","stick-header-meta":"","header-above-stick-meta":"","header-main-stick-meta":"","header-below-stick-meta":"","astra-migrate-meta-layouts":"default","ast-page-background-enabled":"default","ast-page-background-meta":{"desktop":{"background-color":"var(--ast-global-color-4)","background-image":"","background-repeat":"repeat","background-position":"center center","background-size":"auto","background-attachment":"scroll","background-type":"","background-media":"","overlay-type":"","overlay-color":"","overlay-opacity":"","overlay-gradient":""},"tablet":{"background-color":"","background-image":"","background-repeat":"repeat","background-position":"center center","background-size":"auto","background-attachment":"scroll","background-type":"","background-media":"","overlay-type":"","overlay-color":"","overlay-opacity":"","overlay-gradient":""},"mobile":{"background-color":"","background-image":"","background-repeat":"repeat","background-position":"center center","background-size":"auto","background-attachment":"scroll","background-type":"","background-media":"","overlay-type":"","overlay-color":"","overlay-opacity":"","overlay-gradient":""}},"ast-content-background-meta":{"desktop":{"background-color":"var(--ast-global-color-5)","background-image":"","background-repeat":"repeat","background-position":"center center","background-size":"auto","background-attachment":"scroll","background-type":"","background-media":"","overlay-type":"","overlay-color":"","overlay-opacity":"","overlay-gradient":""},"tablet":{"background-color":"var(--ast-global-color-5)","background-image":"","background-repeat":"repeat","background-position":"center center","background-size":"auto","background-attachment":"scroll","background-type":"","background-media":"","overlay-type":"","overlay-color":"","overlay-opacity":"","overlay-gradient":""},"mobile":{"background-color":"var(--ast-global-color-5)","background-image":"","background-repeat":"repeat","background-position":"center center","background-size":"auto","background-attachment":"scroll","background-type":"","background-media":"","overlay-type":"","overlay-color":"","overlay-opacity":"","overlay-gradient":""}},"footnotes":""},"class_list":["post-90001312314362","page","type-page","status-publish","hentry"],"_links":{"self":[{"href":"https:\/\/test.tksgroup.rs\/sr\/wp-json\/wp\/v2\/pages\/90001312314362","targetHints":{"allow":["GET"]}}],"collection":[{"href":"https:\/\/test.tksgroup.rs\/sr\/wp-json\/wp\/v2\/pages"}],"about":[{"href":"https:\/\/test.tksgroup.rs\/sr\/wp-json\/wp\/v2\/types\/page"}],"author":[{"embeddable":true,"href":"https:\/\/test.tksgroup.rs\/sr\/wp-json\/wp\/v2\/users\/1"}],"replies":[{"embeddable":true,"href":"https:\/\/test.tksgroup.rs\/sr\/wp-json\/wp\/v2\/comments?post=90001312314362"}],"version-history":[{"count":2,"href":"https:\/\/test.tksgroup.rs\/sr\/wp-json\/wp\/v2\/pages\/90001312314362\/revisions"}],"predecessor-version":[{"id":90001312317326,"href":"https:\/\/test.tksgroup.rs\/sr\/wp-json\/wp\/v2\/pages\/90001312314362\/revisions\/90001312317326"}],"wp:attachment":[{"href":"https:\/\/test.tksgroup.rs\/sr\/wp-json\/wp\/v2\/media?parent=90001312314362"}],"curies":[{"name":"wp","href":"https:\/\/api.w.org\/{rel}","templated":true}]}}