{"id":90001312314381,"date":"2024-08-20T11:12:39","date_gmt":"2024-08-20T11:12:39","guid":{"rendered":"https:\/\/test.tksgroup.rs\/durable\/"},"modified":"2025-11-21T20:54:14","modified_gmt":"2025-11-21T20:54:14","slug":"durable","status":"publish","type":"page","link":"https:\/\/test.tksgroup.rs\/sr\/durable\/","title":{"rendered":"Durable"},"content":{"rendered":"\t\t<div data-elementor-type=\"wp-page\" data-elementor-id=\"90001312314381\" class=\"elementor elementor-90001312314381 elementor-95\" data-elementor-post-type=\"page\">\n\t\t\t\t<div class=\"elementor-element elementor-element-1a485d9a e-con-full e-flex wpr-particle-no wpr-jarallax-no wpr-parallax-no wpr-sticky-section-no e-con e-parent\" data-id=\"1a485d9a\" data-element_type=\"container\" data-settings=\"{&quot;background_background&quot;:&quot;classic&quot;}\">\n\t\t\t\t<div class=\"elementor-element elementor-element-21d94161 elementor-widget elementor-widget-heading\" data-id=\"21d94161\" data-element_type=\"widget\" data-widget_type=\"heading.default\">\n\t\t\t\t<div class=\"elementor-widget-container\">\n\t\t\t\t\t<h2 class=\"elementor-heading-title elementor-size-default\">Durable<\/h2>\t\t\t\t<\/div>\n\t\t\t\t<\/div>\n\t\t\t\t<div class=\"elementor-element elementor-element-4a50f626 elementor-widget elementor-widget-button\" data-id=\"4a50f626\" data-element_type=\"widget\" data-widget_type=\"button.default\">\n\t\t\t\t<div class=\"elementor-widget-container\">\n\t\t\t\t\t\t\t\t\t<div class=\"elementor-button-wrapper\">\n\t\t\t\t\t<a class=\"elementor-button elementor-button-link elementor-size-sm\" href=\"https:\/\/www.durable-north-america.com\/en_US\/all-products\/\">\n\t\t\t\t\t\t<span class=\"elementor-button-content-wrapper\">\n\t\t\t\t\t\t\t\t\t<span class=\"elementor-button-text\">Pogledaj proizvode<\/span>\n\t\t\t\t\t<\/span>\n\t\t\t\t\t<\/a>\n\t\t\t\t<\/div>\n\t\t\t\t\t\t\t\t<\/div>\n\t\t\t\t<\/div>\n\t\t\t\t<\/div>\n\t\t<div class=\"elementor-element elementor-element-2431d3c2 e-con-full e-flex wpr-particle-no wpr-jarallax-no wpr-parallax-no wpr-sticky-section-no e-con e-parent\" data-id=\"2431d3c2\" data-element_type=\"container\">\n\t\t<div class=\"elementor-element elementor-element-6b58f81c e-con-full e-flex wpr-particle-no wpr-jarallax-no wpr-parallax-no wpr-sticky-section-no e-con e-child\" data-id=\"6b58f81c\" data-element_type=\"container\">\n\t\t\t\t<div class=\"elementor-element elementor-element-0c7bc8f elementor-widget elementor-widget-heading\" data-id=\"0c7bc8f\" data-element_type=\"widget\" data-widget_type=\"heading.default\">\n\t\t\t\t<div class=\"elementor-widget-container\">\n\t\t\t\t\t<h2 class=\"elementor-heading-title elementor-size-default\">DURABLE Hunke &amp; Jochheim GmbH &amp; Co. KG \u2013 Inteligentna re\u0161enja za moderno radno mesto\n<\/h2>\t\t\t\t<\/div>\n\t\t\t\t<\/div>\n\t\t\t\t<div class=\"elementor-element elementor-element-6b26aa67 elementor-widget elementor-widget-text-editor\" data-id=\"6b26aa67\" data-element_type=\"widget\" data-widget_type=\"text-editor.default\">\n\t\t\t\t<div class=\"elementor-widget-container\">\n\t\t\t\t\t\t\t\t\t<p>Hunke &amp; Jochheim GmbH &amp; Co. KG razvija i proizvodi visokokvalitetna, inovativna re\u0161enja za radno mesto koje se razvija.<span class=\"Apple-converted-space\"> <\/span><\/p><p>Sna\u017eno globalno prisustvo<\/p><p>Kao me\u0111unarodno orijentisana kompanija, DURABLE zapo\u0161ljava oko 700 ljudi \u0161irom sveta. Ve\u0107ina na\u0161ih proizvoda se proizvodi u na\u0161im najsavremenijim proizvodnim pogonima u: <\/p><p>  Gota, Nema\u010dka<\/p><p>  Kamen-Methler, Nema\u010dka<\/p><p>  \u0160\u010decin, Poljska<\/p><p>Na\u0161e prodajne grane \u0161irom Evrope i SAD-a, zajedno sa partnerstvom sa renomiranim uvoznicima i predstavnicima \u0161irom sveta, ja\u010daju na\u0161 globalni domet i posve\u0107enost izvrsnosti.<\/p><p>Oblikovanje budu\u0107nosti rada<\/p><p>Moderno radno mesto se stalno razvija \u2013 uloge, procesi i alati se svakodnevno redefini\u0161u. Vi\u0161e od jednog veka, DURABLE je ostao pouzdan partner u pru\u017eanju profesionalnih re\u0161enja na radnom mestu. <\/p><p>Na\u0161a misija je jednostavna: da stvorimo pametna, efikasna re\u0161enja koja poma\u017eu korisnicima da profesionalno obavljaju svoje svakodnevne zadatke \u2013 pove\u0107avaju\u0107i produktivnost i podsti\u010du\u0107i korporativni uspeh, danas i u budu\u0107nosti.<\/p><p>  DURABLE \u2013 Inovacija, kvalitet i funkcionalnost za moderno radno mesto!<\/p>\t\t\t\t\t\t\t\t<\/div>\n\t\t\t\t<\/div>\n\t\t\t\t<\/div>\n\t\t<div class=\"elementor-element elementor-element-4a4c8f94 e-con-full e-flex wpr-particle-no wpr-jarallax-no wpr-parallax-no wpr-sticky-section-no e-con e-child\" data-id=\"4a4c8f94\" data-element_type=\"container\">\n\t\t\t\t<div class=\"elementor-element elementor-element-5aa6295 elementor-widget elementor-widget-image\" data-id=\"5aa6295\" data-element_type=\"widget\" data-widget_type=\"image.default\">\n\t\t\t\t<div class=\"elementor-widget-container\">\n\t\t\t\t\t\t\t\t\t\t\t\t\t\t\t<img fetchpriority=\"high\" decoding=\"async\" width=\"1024\" height=\"993\" src=\"https:\/\/test.tksgroup.rs\/wp-content\/uploads\/2025\/07\/Durable-druga-slika-1024x993.jpg\" class=\"attachment-large size-large wp-image-90001312314380\" alt=\"\" srcset=\"https:\/\/test.tksgroup.rs\/wp-content\/uploads\/2025\/07\/Durable-druga-slika-1024x993.jpg 1024w, https:\/\/test.tksgroup.rs\/wp-content\/uploads\/2025\/07\/Durable-druga-slika-300x291.jpg 300w, https:\/\/test.tksgroup.rs\/wp-content\/uploads\/2025\/07\/Durable-druga-slika-768x745.jpg 768w, https:\/\/test.tksgroup.rs\/wp-content\/uploads\/2025\/07\/Durable-druga-slika-1536x1489.jpg 1536w, https:\/\/test.tksgroup.rs\/wp-content\/uploads\/2025\/07\/Durable-druga-slika-600x582.jpg 600w, https:\/\/test.tksgroup.rs\/wp-content\/uploads\/2025\/07\/Durable-druga-slika.jpg 1980w\" sizes=\"(max-width: 1024px) 100vw, 1024px\" \/>\t\t\t\t\t\t\t\t\t\t\t\t\t\t\t<\/div>\n\t\t\t\t<\/div>\n\t\t\t\t<\/div>\n\t\t\t\t<\/div>\n\t\t<div class=\"elementor-element elementor-element-84da53e e-flex e-con-boxed wpr-particle-no wpr-jarallax-no wpr-parallax-no wpr-sticky-section-no e-con e-parent\" data-id=\"84da53e\" data-element_type=\"container\" data-settings=\"{&quot;background_background&quot;:&quot;gradient&quot;}\">\n\t\t\t\t\t<div class=\"e-con-inner\">\n\t\t<div class=\"elementor-element elementor-element-3d1c519 e-con-full e-flex wpr-particle-no wpr-jarallax-no wpr-parallax-no wpr-sticky-section-no e-con e-child\" data-id=\"3d1c519\" data-element_type=\"container\" data-settings=\"{&quot;background_background&quot;:&quot;classic&quot;}\">\n\t\t\t\t<div class=\"elementor-element elementor-element-2499633 elementor-widget elementor-widget-heading\" data-id=\"2499633\" data-element_type=\"widget\" data-widget_type=\"heading.default\">\n\t\t\t\t<div class=\"elementor-widget-container\">\n\t\t\t\t\t<h2 class=\"elementor-heading-title elementor-size-default\">Brendovi<\/h2>\t\t\t\t<\/div>\n\t\t\t\t<\/div>\n\t\t\t\t<\/div>\n\t\t<div class=\"elementor-element elementor-element-560e069 e-con-full e-flex wpr-particle-no wpr-jarallax-no wpr-parallax-no wpr-sticky-section-no e-con e-child\" data-id=\"560e069\" data-element_type=\"container\" data-settings=\"{&quot;background_background&quot;:&quot;classic&quot;}\">\n\t\t\t\t<div class=\"elementor-element elementor-element-be30679 elementor-arrows-position-inside elementor-pagination-position-outside elementor-widget elementor-widget-image-carousel\" data-id=\"be30679\" data-element_type=\"widget\" data-settings=\"{&quot;slides_to_show&quot;:&quot;4&quot;,&quot;navigation&quot;:&quot;both&quot;,&quot;autoplay&quot;:&quot;yes&quot;,&quot;pause_on_hover&quot;:&quot;yes&quot;,&quot;pause_on_interaction&quot;:&quot;yes&quot;,&quot;autoplay_speed&quot;:5000,&quot;infinite&quot;:&quot;yes&quot;,&quot;speed&quot;:500}\" data-widget_type=\"image-carousel.default\">\n\t\t\t\t<div class=\"elementor-widget-container\">\n\t\t\t\t\t\t\t<div class=\"elementor-image-carousel-wrapper swiper\" role=\"region\" aria-roledescription=\"carousel\" aria-label=\"Image Carousel\" dir=\"ltr\">\n\t\t\t<div class=\"elementor-image-carousel swiper-wrapper\" aria-live=\"off\">\n\t\t\t\t\t\t\t\t<div class=\"swiper-slide\" role=\"group\" aria-roledescription=\"slide\" aria-label=\"1 of 9\"><figure class=\"swiper-slide-inner\"><img decoding=\"async\" class=\"swiper-slide-image\" src=\"https:\/\/test.tksgroup.rs\/wp-content\/uploads\/2024\/08\/Durable_logo-1.png\" alt=\"Durable_logo 1\" \/><\/figure><\/div><div class=\"swiper-slide\" role=\"group\" aria-roledescription=\"slide\" aria-label=\"2 of 9\"><figure class=\"swiper-slide-inner\"><img decoding=\"async\" class=\"swiper-slide-image\" src=\"https:\/\/test.tksgroup.rs\/wp-content\/uploads\/2024\/08\/Logo_SMC_Corporation-1.png\" alt=\"Logo_SMC_Corporation 1\" \/><\/figure><\/div><div class=\"swiper-slide\" role=\"group\" aria-roledescription=\"slide\" aria-label=\"3 of 9\"><figure class=\"swiper-slide-inner\"><img decoding=\"async\" class=\"swiper-slide-image\" src=\"https:\/\/test.tksgroup.rs\/wp-content\/uploads\/2025\/07\/Bedra_Logo_250x50.png\" alt=\"Bedra_Logo_250x50\" \/><\/figure><\/div><div class=\"swiper-slide\" role=\"group\" aria-roledescription=\"slide\" aria-label=\"4 of 9\"><figure class=\"swiper-slide-inner\"><img decoding=\"async\" class=\"swiper-slide-image\" src=\"https:\/\/test.tksgroup.rs\/wp-content\/uploads\/2025\/07\/CEPRO_Logo_250x50.png\" alt=\"CEPRO_Logo_250x50\" \/><\/figure><\/div><div class=\"swiper-slide\" role=\"group\" aria-roledescription=\"slide\" aria-label=\"5 of 9\"><figure class=\"swiper-slide-inner\"><img decoding=\"async\" class=\"swiper-slide-image\" src=\"https:\/\/test.tksgroup.rs\/wp-content\/uploads\/2025\/07\/Ergomat_Logo_250x50.png\" alt=\"Ergomat_Logo_250x50\" \/><\/figure><\/div><div class=\"swiper-slide\" role=\"group\" aria-roledescription=\"slide\" aria-label=\"6 of 9\"><figure class=\"swiper-slide-inner\"><img decoding=\"async\" class=\"swiper-slide-image\" src=\"https:\/\/test.tksgroup.rs\/wp-content\/uploads\/2025\/07\/Green_Belting_Logo_250x50.png\" alt=\"Green_Belting_Logo_250x50\" \/><\/figure><\/div><div class=\"swiper-slide\" role=\"group\" aria-roledescription=\"slide\" aria-label=\"7 of 9\"><figure class=\"swiper-slide-inner\"><img decoding=\"async\" class=\"swiper-slide-image\" src=\"https:\/\/test.tksgroup.rs\/wp-content\/uploads\/2025\/07\/Krautzberger_Logo_250x50.png\" alt=\"Krautzberger_Logo_250x50\" \/><\/figure><\/div><div class=\"swiper-slide\" role=\"group\" aria-roledescription=\"slide\" aria-label=\"8 of 9\"><figure class=\"swiper-slide-inner\"><img decoding=\"async\" class=\"swiper-slide-image\" src=\"https:\/\/test.tksgroup.rs\/wp-content\/uploads\/2025\/07\/Osborn_Logo_250x50_Centered.png\" alt=\"Osborn_Logo_250x50_Centered\" \/><\/figure><\/div><div class=\"swiper-slide\" role=\"group\" aria-roledescription=\"slide\" aria-label=\"9 of 9\"><figure class=\"swiper-slide-inner\"><img decoding=\"async\" class=\"swiper-slide-image\" src=\"https:\/\/test.tksgroup.rs\/wp-content\/uploads\/2025\/07\/Scapa_Logo_250x50.png\" alt=\"Scapa_Logo_250x50\" \/><\/figure><\/div>\t\t\t<\/div>\n\t\t\t\t\t\t\t\t\t\t\t\t<div class=\"elementor-swiper-button elementor-swiper-button-prev\" role=\"button\" tabindex=\"0\">\n\t\t\t\t\t\t<svg aria-hidden=\"true\" class=\"e-font-icon-svg e-eicon-chevron-left\" viewBox=\"0 0 1000 1000\" xmlns=\"http:\/\/www.w3.org\/2000\/svg\"><path d=\"M646 125C629 125 613 133 604 142L308 442C296 454 292 471 292 487 292 504 296 521 308 533L604 854C617 867 629 875 646 875 663 875 679 871 692 858 704 846 713 829 713 812 713 796 708 779 692 767L438 487 692 225C700 217 708 204 708 187 708 171 704 154 692 142 675 129 663 125 646 125Z\"><\/path><\/svg>\t\t\t\t\t<\/div>\n\t\t\t\t\t<div class=\"elementor-swiper-button elementor-swiper-button-next\" role=\"button\" tabindex=\"0\">\n\t\t\t\t\t\t<svg aria-hidden=\"true\" class=\"e-font-icon-svg e-eicon-chevron-right\" viewBox=\"0 0 1000 1000\" xmlns=\"http:\/\/www.w3.org\/2000\/svg\"><path d=\"M696 533C708 521 713 504 713 487 713 471 708 454 696 446L400 146C388 133 375 125 354 125 338 125 325 129 313 142 300 154 292 171 292 187 292 204 296 221 308 233L563 492 304 771C292 783 288 800 288 817 288 833 296 850 308 863 321 871 338 875 354 875 371 875 388 867 400 854L696 533Z\"><\/path><\/svg>\t\t\t\t\t<\/div>\n\t\t\t\t\n\t\t\t\t\t\t\t\t\t<div class=\"swiper-pagination\"><\/div>\n\t\t\t\t\t\t\t\t\t<\/div>\n\t\t\t\t\t\t<\/div>\n\t\t\t\t<\/div>\n\t\t\t\t<\/div>\n\t\t\t\t\t<\/div>\n\t\t\t\t<\/div>\n\t\t\t\t<\/div>\n\t\t","protected":false},"excerpt":{"rendered":"<p>Durable Pogledaj proizvode DURABLE Hunke &amp; Jochheim GmbH &amp; Co. KG \u2013 Inteligentna re\u0161enja za moderno radno mesto Hunke &amp; Jochheim GmbH &amp; Co. KG razvija i proizvodi visokokvalitetna, inovativna re\u0161enja za radno mesto koje se razvija. Sna\u017eno globalno prisustvo Kao me\u0111unarodno orijentisana kompanija, DURABLE zapo\u0161ljava oko 700 ljudi \u0161irom sveta. Ve\u0107ina na\u0161ih proizvoda se proizvodi u na\u0161im najsavremenijim proizvodnim pogonima u: Gota, Nema\u010dka Kamen-Methler, Nema\u010dka \u0160\u010decin, Poljska Na\u0161e prodajne grane \u0161irom Evrope i SAD-a, zajedno sa partnerstvom sa renomiranim uvoznicima i predstavnicima \u0161irom sveta, ja\u010daju na\u0161 globalni domet i posve\u0107enost izvrsnosti. Oblikovanje budu\u0107nosti rada Moderno radno mesto se stalno razvija \u2013 uloge, procesi i alati se svakodnevno redefini\u0161u. Vi\u0161e od jednog veka, DURABLE je ostao pouzdan partner u pru\u017eanju profesionalnih re\u0161enja na radnom mestu. Na\u0161a misija je jednostavna: da stvorimo pametna, efikasna re\u0161enja koja poma\u017eu korisnicima da profesionalno obavljaju svoje svakodnevne zadatke \u2013 pove\u0107avaju\u0107i produktivnost i podsti\u010du\u0107i korporativni uspeh, danas i u budu\u0107nosti. DURABLE \u2013 Inovacija, kvalitet i funkcionalnost za moderno radno mesto! Brendovi<\/p>\n","protected":false},"author":1,"featured_media":0,"parent":0,"menu_order":0,"comment_status":"closed","ping_status":"closed","template":"","meta":{"site-sidebar-layout":"no-sidebar","site-content-layout":"","ast-site-content-layout":"","site-content-style":"default","site-sidebar-style":"default","ast-global-header-display":"","ast-banner-title-visibility":"","ast-main-header-display":"","ast-hfb-above-header-display":"","ast-hfb-below-header-display":"","ast-hfb-mobile-header-display":"","site-post-title":"disabled","ast-breadcrumbs-content":"","ast-featured-img":"disabled","footer-sml-layout":"","theme-transparent-header-meta":"","adv-header-id-meta":"","stick-header-meta":"","header-above-stick-meta":"","header-main-stick-meta":"","header-below-stick-meta":"","astra-migrate-meta-layouts":"default","ast-page-background-enabled":"default","ast-page-background-meta":{"desktop":{"background-color":"var(--ast-global-color-4)","background-image":"","background-repeat":"repeat","background-position":"center center","background-size":"auto","background-attachment":"scroll","background-type":"","background-media":"","overlay-type":"","overlay-color":"","overlay-opacity":"","overlay-gradient":""},"tablet":{"background-color":"","background-image":"","background-repeat":"repeat","background-position":"center center","background-size":"auto","background-attachment":"scroll","background-type":"","background-media":"","overlay-type":"","overlay-color":"","overlay-opacity":"","overlay-gradient":""},"mobile":{"background-color":"","background-image":"","background-repeat":"repeat","background-position":"center center","background-size":"auto","background-attachment":"scroll","background-type":"","background-media":"","overlay-type":"","overlay-color":"","overlay-opacity":"","overlay-gradient":""}},"ast-content-background-meta":{"desktop":{"background-color":"var(--ast-global-color-5)","background-image":"","background-repeat":"repeat","background-position":"center center","background-size":"auto","background-attachment":"scroll","background-type":"","background-media":"","overlay-type":"","overlay-color":"","overlay-opacity":"","overlay-gradient":""},"tablet":{"background-color":"var(--ast-global-color-5)","background-image":"","background-repeat":"repeat","background-position":"center center","background-size":"auto","background-attachment":"scroll","background-type":"","background-media":"","overlay-type":"","overlay-color":"","overlay-opacity":"","overlay-gradient":""},"mobile":{"background-color":"var(--ast-global-color-5)","background-image":"","background-repeat":"repeat","background-position":"center center","background-size":"auto","background-attachment":"scroll","background-type":"","background-media":"","overlay-type":"","overlay-color":"","overlay-opacity":"","overlay-gradient":""}},"footnotes":""},"class_list":["post-90001312314381","page","type-page","status-publish","hentry"],"_links":{"self":[{"href":"https:\/\/test.tksgroup.rs\/sr\/wp-json\/wp\/v2\/pages\/90001312314381","targetHints":{"allow":["GET"]}}],"collection":[{"href":"https:\/\/test.tksgroup.rs\/sr\/wp-json\/wp\/v2\/pages"}],"about":[{"href":"https:\/\/test.tksgroup.rs\/sr\/wp-json\/wp\/v2\/types\/page"}],"author":[{"embeddable":true,"href":"https:\/\/test.tksgroup.rs\/sr\/wp-json\/wp\/v2\/users\/1"}],"replies":[{"embeddable":true,"href":"https:\/\/test.tksgroup.rs\/sr\/wp-json\/wp\/v2\/comments?post=90001312314381"}],"version-history":[{"count":1,"href":"https:\/\/test.tksgroup.rs\/sr\/wp-json\/wp\/v2\/pages\/90001312314381\/revisions"}],"predecessor-version":[{"id":90001312314385,"href":"https:\/\/test.tksgroup.rs\/sr\/wp-json\/wp\/v2\/pages\/90001312314381\/revisions\/90001312314385"}],"wp:attachment":[{"href":"https:\/\/test.tksgroup.rs\/sr\/wp-json\/wp\/v2\/media?parent=90001312314381"}],"curies":[{"name":"wp","href":"https:\/\/api.w.org\/{rel}","templated":true}]}}