{"id":90001312314392,"date":"2025-04-01T07:31:34","date_gmt":"2025-04-01T07:31:34","guid":{"rendered":"https:\/\/test.tksgroup.rs\/ergomat\/"},"modified":"2026-02-03T12:37:57","modified_gmt":"2026-02-03T12:37:57","slug":"ergomat","status":"publish","type":"page","link":"https:\/\/test.tksgroup.rs\/sr\/ergomat\/","title":{"rendered":"Ergomat"},"content":{"rendered":"\t\t<div data-elementor-type=\"wp-page\" data-elementor-id=\"90001312314392\" class=\"elementor elementor-90001312314392 elementor-54001029\" data-elementor-post-type=\"page\">\n\t\t\t\t<div class=\"elementor-element elementor-element-88717d8 e-con-full e-flex wpr-particle-no wpr-jarallax-no wpr-parallax-no wpr-sticky-section-no e-con e-parent\" data-id=\"88717d8\" data-element_type=\"container\" data-settings=\"{&quot;background_background&quot;:&quot;classic&quot;}\">\n\t\t\t\t<div class=\"elementor-element elementor-element-b6bbf2c elementor-widget elementor-widget-button\" data-id=\"b6bbf2c\" data-element_type=\"widget\" data-widget_type=\"button.default\">\n\t\t\t\t<div class=\"elementor-widget-container\">\n\t\t\t\t\t\t\t\t\t<div class=\"elementor-button-wrapper\">\n\t\t\t\t\t<a class=\"elementor-button elementor-button-link elementor-size-sm\" href=\"https:\/\/global.ergomat.com\/en\/\" target=\"_blank\">\n\t\t\t\t\t\t<span class=\"elementor-button-content-wrapper\">\n\t\t\t\t\t\t\t\t\t<span class=\"elementor-button-text\">Pogledaj proizvode<\/span>\n\t\t\t\t\t<\/span>\n\t\t\t\t\t<\/a>\n\t\t\t\t<\/div>\n\t\t\t\t\t\t\t\t<\/div>\n\t\t\t\t<\/div>\n\t\t\t\t<\/div>\n\t\t<div class=\"elementor-element elementor-element-0261d19 e-con-full e-flex wpr-particle-no wpr-jarallax-no wpr-parallax-no wpr-sticky-section-no e-con e-parent\" data-id=\"0261d19\" data-element_type=\"container\">\n\t\t<div class=\"elementor-element elementor-element-547e498 e-con-full e-flex wpr-particle-no wpr-jarallax-no wpr-parallax-no wpr-sticky-section-no e-con e-child\" data-id=\"547e498\" data-element_type=\"container\">\n\t\t\t\t<div class=\"elementor-element elementor-element-e05255e elementor-widget elementor-widget-heading\" data-id=\"e05255e\" data-element_type=\"widget\" data-widget_type=\"heading.default\">\n\t\t\t\t<div class=\"elementor-widget-container\">\n\t\t\t\t\t<h2 class=\"elementor-heading-title elementor-size-default\">Ergomat \u2013 globalni lider u ergonomskim i bezbednosnim re\u0161enjima\n\n<\/h2>\t\t\t\t<\/div>\n\t\t\t\t<\/div>\n\t\t\t\t<div class=\"elementor-element elementor-element-bec839e elementor-widget elementor-widget-text-editor\" data-id=\"bec839e\" data-element_type=\"widget\" data-widget_type=\"text-editor.default\">\n\t\t\t\t<div class=\"elementor-widget-container\">\n\t\t\t\t\t\t\t\t\t<p>Ergomat je vode\u0107i svetski dobavlja\u010d inovativnih ergonomskih i bezbednosnih proizvoda dizajniranih za moderno radno mesto.<\/p><p>Kao deo SP Group A \/ S, globalnog inovatora u plasti\u010dnim komponentama i industrijskim premazima, Ergomat ima koristi od najsavremenijih proizvodnih procesa, uklju\u010duju\u0107i brizganje, vakuumsko oblikovanje i ekstruziju poliuretana, PVC-a i druge plastike. Sa proizvodnim pogonima \u0161irom Evrope, Severne Amerike, Ju\u017ene Amerike i Azije, SP Grupa se javno trguje na NASDAK Nordic (SPG). <\/p><p>Pionirska bezbednost i odr\u017eivost na radnom mestu<\/p><p>Ergomatov \u0161irok asortiman oblikovanih i ekstrudiranih sigurnosnih proizvoda uskla\u0111en je sa posve\u0107eno\u0161\u0107u SP Grupe korporativnoj odgovornosti, obezbe\u0111uju\u0107i sigurnija i produktivnija radna mesta sa najodr\u017eivijim industrijskim re\u0161enjima.<\/p><p>Nasle\u0111e inovacija<\/p><p>Za vi\u0161e od 25 godina, Ergomat je poremetio i redefinisao industriju bezbednosti. Pre na\u0161ih inovacija, nije bilo:<br> Ergonomske prostirke prilago\u0111ene specifi\u010dnim radnim okru\u017eenjima<br>Izdr\u017eljivi peel-and-stick sistemi za obele\u017eavanje poda za bezbednost i 5S aplikacije<br> Energetski efikasne LED komponente integrisane u bezbednosnu i ergonomsku opremu <\/p><p>Vi\u0161e od dobavlja\u010da \u2013 pouzdan partner<\/p><p>Mi ne prodajemo samo proizvode &#8211; sara\u0111ujemo sa klijentima kako bismo razvili prilago\u0111ena re\u0161enja visokih performansi koja pove\u0107avaju efikasnost i vrednost. Na\u0161 uspeh se ogleda u rastu\u0107oj bazi lojalnih klijenata koji se obra\u0107aju Ergomatu za inovativna re\u0161enja za svoje izazove na radnom mestu. <\/p><p><b>Ergomat \u2013 Oblikovanje budu\u0107nosti bezbednosti i ergonomije na radnom mestu!<\/b><b><\/b><\/p>\t\t\t\t\t\t\t\t<\/div>\n\t\t\t\t<\/div>\n\t\t\t\t<\/div>\n\t\t<div class=\"elementor-element elementor-element-25cef73 e-con-full e-flex wpr-particle-no wpr-jarallax-no wpr-parallax-no wpr-sticky-section-no e-con e-child\" data-id=\"25cef73\" data-element_type=\"container\">\n\t\t\t\t<div class=\"elementor-element elementor-element-31feea0 elementor-widget elementor-widget-image\" data-id=\"31feea0\" data-element_type=\"widget\" data-widget_type=\"image.default\">\n\t\t\t\t<div class=\"elementor-widget-container\">\n\t\t\t\t\t\t\t\t\t\t\t\t\t\t\t<img fetchpriority=\"high\" decoding=\"async\" width=\"1024\" height=\"993\" src=\"https:\/\/test.tksgroup.rs\/wp-content\/uploads\/2025\/07\/Ergomat-druga-slika-1024x993.jpg\" class=\"attachment-large size-large wp-image-90001312314391\" alt=\"\" srcset=\"https:\/\/test.tksgroup.rs\/wp-content\/uploads\/2025\/07\/Ergomat-druga-slika-1024x993.jpg 1024w, https:\/\/test.tksgroup.rs\/wp-content\/uploads\/2025\/07\/Ergomat-druga-slika-300x291.jpg 300w, https:\/\/test.tksgroup.rs\/wp-content\/uploads\/2025\/07\/Ergomat-druga-slika-768x745.jpg 768w, https:\/\/test.tksgroup.rs\/wp-content\/uploads\/2025\/07\/Ergomat-druga-slika-1536x1489.jpg 1536w, https:\/\/test.tksgroup.rs\/wp-content\/uploads\/2025\/07\/Ergomat-druga-slika-600x582.jpg 600w, https:\/\/test.tksgroup.rs\/wp-content\/uploads\/2025\/07\/Ergomat-druga-slika.jpg 1980w\" sizes=\"(max-width: 1024px) 100vw, 1024px\" \/>\t\t\t\t\t\t\t\t\t\t\t\t\t\t\t<\/div>\n\t\t\t\t<\/div>\n\t\t\t\t<\/div>\n\t\t\t\t<\/div>\n\t\t<div class=\"elementor-element elementor-element-91dc144 e-flex e-con-boxed wpr-particle-no wpr-jarallax-no wpr-parallax-no wpr-sticky-section-no e-con e-parent\" data-id=\"91dc144\" data-element_type=\"container\" data-settings=\"{&quot;background_background&quot;:&quot;gradient&quot;}\">\n\t\t\t\t\t<div class=\"e-con-inner\">\n\t\t<div class=\"elementor-element elementor-element-75b1033 e-con-full e-flex wpr-particle-no wpr-jarallax-no wpr-parallax-no wpr-sticky-section-no e-con e-child\" data-id=\"75b1033\" data-element_type=\"container\" data-settings=\"{&quot;background_background&quot;:&quot;classic&quot;}\">\n\t\t\t\t<div class=\"elementor-element elementor-element-e4c27a0 elementor-widget elementor-widget-heading\" data-id=\"e4c27a0\" data-element_type=\"widget\" data-widget_type=\"heading.default\">\n\t\t\t\t<div class=\"elementor-widget-container\">\n\t\t\t\t\t<h2 class=\"elementor-heading-title elementor-size-default\">Brendovi<\/h2>\t\t\t\t<\/div>\n\t\t\t\t<\/div>\n\t\t\t\t<\/div>\n\t\t<div class=\"elementor-element elementor-element-1124570 e-con-full e-flex wpr-particle-no wpr-jarallax-no wpr-parallax-no wpr-sticky-section-no e-con e-child\" data-id=\"1124570\" data-element_type=\"container\" data-settings=\"{&quot;background_background&quot;:&quot;classic&quot;}\">\n\t\t\t\t<div class=\"elementor-element elementor-element-5e88195 elementor-arrows-position-inside elementor-pagination-position-outside elementor-widget elementor-widget-image-carousel\" data-id=\"5e88195\" data-element_type=\"widget\" data-settings=\"{&quot;slides_to_show&quot;:&quot;4&quot;,&quot;navigation&quot;:&quot;both&quot;,&quot;autoplay&quot;:&quot;yes&quot;,&quot;pause_on_hover&quot;:&quot;yes&quot;,&quot;pause_on_interaction&quot;:&quot;yes&quot;,&quot;autoplay_speed&quot;:5000,&quot;infinite&quot;:&quot;yes&quot;,&quot;speed&quot;:500}\" data-widget_type=\"image-carousel.default\">\n\t\t\t\t<div class=\"elementor-widget-container\">\n\t\t\t\t\t\t\t<div class=\"elementor-image-carousel-wrapper swiper\" role=\"region\" aria-roledescription=\"carousel\" aria-label=\"Image Carousel\" dir=\"ltr\">\n\t\t\t<div class=\"elementor-image-carousel swiper-wrapper\" aria-live=\"off\">\n\t\t\t\t\t\t\t\t<div class=\"swiper-slide\" role=\"group\" aria-roledescription=\"slide\" aria-label=\"1 of 9\"><figure class=\"swiper-slide-inner\"><img decoding=\"async\" class=\"swiper-slide-image\" src=\"https:\/\/test.tksgroup.rs\/wp-content\/uploads\/2024\/08\/Durable_logo-1.png\" alt=\"Durable_logo 1\" \/><\/figure><\/div><div class=\"swiper-slide\" role=\"group\" aria-roledescription=\"slide\" aria-label=\"2 of 9\"><figure class=\"swiper-slide-inner\"><img decoding=\"async\" class=\"swiper-slide-image\" src=\"https:\/\/test.tksgroup.rs\/wp-content\/uploads\/2024\/08\/Logo_SMC_Corporation-1.png\" alt=\"Logo_SMC_Corporation 1\" \/><\/figure><\/div><div class=\"swiper-slide\" role=\"group\" aria-roledescription=\"slide\" aria-label=\"3 of 9\"><figure class=\"swiper-slide-inner\"><img decoding=\"async\" class=\"swiper-slide-image\" src=\"https:\/\/test.tksgroup.rs\/wp-content\/uploads\/2025\/07\/Bedra_Logo_250x50.png\" alt=\"Bedra_Logo_250x50\" \/><\/figure><\/div><div class=\"swiper-slide\" role=\"group\" aria-roledescription=\"slide\" aria-label=\"4 of 9\"><figure class=\"swiper-slide-inner\"><img decoding=\"async\" class=\"swiper-slide-image\" src=\"https:\/\/test.tksgroup.rs\/wp-content\/uploads\/2025\/07\/CEPRO_Logo_250x50.png\" alt=\"CEPRO_Logo_250x50\" \/><\/figure><\/div><div class=\"swiper-slide\" role=\"group\" aria-roledescription=\"slide\" aria-label=\"5 of 9\"><figure class=\"swiper-slide-inner\"><img decoding=\"async\" class=\"swiper-slide-image\" src=\"https:\/\/test.tksgroup.rs\/wp-content\/uploads\/2025\/07\/Ergomat_Logo_250x50.png\" alt=\"Ergomat_Logo_250x50\" \/><\/figure><\/div><div class=\"swiper-slide\" role=\"group\" aria-roledescription=\"slide\" aria-label=\"6 of 9\"><figure class=\"swiper-slide-inner\"><img decoding=\"async\" class=\"swiper-slide-image\" src=\"https:\/\/test.tksgroup.rs\/wp-content\/uploads\/2025\/07\/Green_Belting_Logo_250x50.png\" alt=\"Green_Belting_Logo_250x50\" \/><\/figure><\/div><div class=\"swiper-slide\" role=\"group\" aria-roledescription=\"slide\" aria-label=\"7 of 9\"><figure class=\"swiper-slide-inner\"><img decoding=\"async\" class=\"swiper-slide-image\" src=\"https:\/\/test.tksgroup.rs\/wp-content\/uploads\/2025\/07\/Krautzberger_Logo_250x50.png\" alt=\"Krautzberger_Logo_250x50\" \/><\/figure><\/div><div class=\"swiper-slide\" role=\"group\" aria-roledescription=\"slide\" aria-label=\"8 of 9\"><figure class=\"swiper-slide-inner\"><img decoding=\"async\" class=\"swiper-slide-image\" src=\"https:\/\/test.tksgroup.rs\/wp-content\/uploads\/2025\/07\/Osborn_Logo_250x50_Centered.png\" alt=\"Osborn_Logo_250x50_Centered\" \/><\/figure><\/div><div class=\"swiper-slide\" role=\"group\" aria-roledescription=\"slide\" aria-label=\"9 of 9\"><figure class=\"swiper-slide-inner\"><img decoding=\"async\" class=\"swiper-slide-image\" src=\"https:\/\/test.tksgroup.rs\/wp-content\/uploads\/2025\/07\/Scapa_Logo_250x50.png\" alt=\"Scapa_Logo_250x50\" \/><\/figure><\/div>\t\t\t<\/div>\n\t\t\t\t\t\t\t\t\t\t\t\t<div class=\"elementor-swiper-button elementor-swiper-button-prev\" role=\"button\" tabindex=\"0\">\n\t\t\t\t\t\t<svg aria-hidden=\"true\" class=\"e-font-icon-svg e-eicon-chevron-left\" viewBox=\"0 0 1000 1000\" xmlns=\"http:\/\/www.w3.org\/2000\/svg\"><path d=\"M646 125C629 125 613 133 604 142L308 442C296 454 292 471 292 487 292 504 296 521 308 533L604 854C617 867 629 875 646 875 663 875 679 871 692 858 704 846 713 829 713 812 713 796 708 779 692 767L438 487 692 225C700 217 708 204 708 187 708 171 704 154 692 142 675 129 663 125 646 125Z\"><\/path><\/svg>\t\t\t\t\t<\/div>\n\t\t\t\t\t<div class=\"elementor-swiper-button elementor-swiper-button-next\" role=\"button\" tabindex=\"0\">\n\t\t\t\t\t\t<svg aria-hidden=\"true\" class=\"e-font-icon-svg e-eicon-chevron-right\" viewBox=\"0 0 1000 1000\" xmlns=\"http:\/\/www.w3.org\/2000\/svg\"><path d=\"M696 533C708 521 713 504 713 487 713 471 708 454 696 446L400 146C388 133 375 125 354 125 338 125 325 129 313 142 300 154 292 171 292 187 292 204 296 221 308 233L563 492 304 771C292 783 288 800 288 817 288 833 296 850 308 863 321 871 338 875 354 875 371 875 388 867 400 854L696 533Z\"><\/path><\/svg>\t\t\t\t\t<\/div>\n\t\t\t\t\n\t\t\t\t\t\t\t\t\t<div class=\"swiper-pagination\"><\/div>\n\t\t\t\t\t\t\t\t\t<\/div>\n\t\t\t\t\t\t<\/div>\n\t\t\t\t<\/div>\n\t\t\t\t<\/div>\n\t\t\t\t\t<\/div>\n\t\t\t\t<\/div>\n\t\t\t\t<\/div>\n\t\t","protected":false},"excerpt":{"rendered":"<p>Pogledaj proizvode Ergomat \u2013 globalni lider u ergonomskim i bezbednosnim re\u0161enjima Ergomat je vode\u0107i svetski dobavlja\u010d inovativnih ergonomskih i bezbednosnih proizvoda dizajniranih za moderno radno mesto. Kao deo SP Group A \/ S, globalnog inovatora u plasti\u010dnim komponentama i industrijskim premazima, Ergomat ima koristi od najsavremenijih proizvodnih procesa, uklju\u010duju\u0107i brizganje, vakuumsko oblikovanje i ekstruziju poliuretana, PVC-a i druge plastike. Sa proizvodnim pogonima \u0161irom Evrope, Severne Amerike, Ju\u017ene Amerike i Azije, SP Grupa se javno trguje na NASDAK Nordic (SPG). Pionirska bezbednost i odr\u017eivost na radnom mestu Ergomatov \u0161irok asortiman oblikovanih i ekstrudiranih sigurnosnih proizvoda uskla\u0111en je sa posve\u0107eno\u0161\u0107u SP Grupe korporativnoj odgovornosti, obezbe\u0111uju\u0107i sigurnija i produktivnija radna mesta sa najodr\u017eivijim industrijskim re\u0161enjima. Nasle\u0111e inovacija Za vi\u0161e od 25 godina, Ergomat je poremetio i redefinisao industriju bezbednosti. Pre na\u0161ih inovacija, nije bilo: Ergonomske prostirke prilago\u0111ene specifi\u010dnim radnim okru\u017eenjimaIzdr\u017eljivi peel-and-stick sistemi za obele\u017eavanje poda za bezbednost i 5S aplikacije Energetski efikasne LED komponente integrisane u bezbednosnu i ergonomsku opremu Vi\u0161e od dobavlja\u010da \u2013 pouzdan partner Mi ne prodajemo samo proizvode &#8211; sara\u0111ujemo sa klijentima kako bismo razvili prilago\u0111ena re\u0161enja visokih performansi koja pove\u0107avaju efikasnost i vrednost. Na\u0161 uspeh se ogleda u rastu\u0107oj bazi lojalnih klijenata koji se obra\u0107aju Ergomatu za inovativna re\u0161enja za svoje izazove na radnom mestu. Ergomat \u2013 Oblikovanje budu\u0107nosti bezbednosti i ergonomije na radnom mestu! Brendovi<\/p>\n","protected":false},"author":1,"featured_media":0,"parent":0,"menu_order":0,"comment_status":"closed","ping_status":"closed","template":"","meta":{"site-sidebar-layout":"no-sidebar","site-content-layout":"","ast-site-content-layout":"full-width-container","site-content-style":"default","site-sidebar-style":"default","ast-global-header-display":"","ast-banner-title-visibility":"","ast-main-header-display":"","ast-hfb-above-header-display":"","ast-hfb-below-header-display":"","ast-hfb-mobile-header-display":"","site-post-title":"disabled","ast-breadcrumbs-content":"","ast-featured-img":"disabled","footer-sml-layout":"","theme-transparent-header-meta":"","adv-header-id-meta":"","stick-header-meta":"","header-above-stick-meta":"","header-main-stick-meta":"","header-below-stick-meta":"","astra-migrate-meta-layouts":"default","ast-page-background-enabled":"default","ast-page-background-meta":{"desktop":{"background-color":"var(--ast-global-color-4)","background-image":"","background-repeat":"repeat","background-position":"center center","background-size":"auto","background-attachment":"scroll","background-type":"","background-media":"","overlay-type":"","overlay-color":"","overlay-opacity":"","overlay-gradient":""},"tablet":{"background-color":"","background-image":"","background-repeat":"repeat","background-position":"center center","background-size":"auto","background-attachment":"scroll","background-type":"","background-media":"","overlay-type":"","overlay-color":"","overlay-opacity":"","overlay-gradient":""},"mobile":{"background-color":"","background-image":"","background-repeat":"repeat","background-position":"center center","background-size":"auto","background-attachment":"scroll","background-type":"","background-media":"","overlay-type":"","overlay-color":"","overlay-opacity":"","overlay-gradient":""}},"ast-content-background-meta":{"desktop":{"background-color":"var(--ast-global-color-5)","background-image":"","background-repeat":"repeat","background-position":"center center","background-size":"auto","background-attachment":"scroll","background-type":"","background-media":"","overlay-type":"","overlay-color":"","overlay-opacity":"","overlay-gradient":""},"tablet":{"background-color":"var(--ast-global-color-5)","background-image":"","background-repeat":"repeat","background-position":"center center","background-size":"auto","background-attachment":"scroll","background-type":"","background-media":"","overlay-type":"","overlay-color":"","overlay-opacity":"","overlay-gradient":""},"mobile":{"background-color":"var(--ast-global-color-5)","background-image":"","background-repeat":"repeat","background-position":"center center","background-size":"auto","background-attachment":"scroll","background-type":"","background-media":"","overlay-type":"","overlay-color":"","overlay-opacity":"","overlay-gradient":""}},"footnotes":""},"class_list":["post-90001312314392","page","type-page","status-publish","hentry"],"_links":{"self":[{"href":"https:\/\/test.tksgroup.rs\/sr\/wp-json\/wp\/v2\/pages\/90001312314392","targetHints":{"allow":["GET"]}}],"collection":[{"href":"https:\/\/test.tksgroup.rs\/sr\/wp-json\/wp\/v2\/pages"}],"about":[{"href":"https:\/\/test.tksgroup.rs\/sr\/wp-json\/wp\/v2\/types\/page"}],"author":[{"embeddable":true,"href":"https:\/\/test.tksgroup.rs\/sr\/wp-json\/wp\/v2\/users\/1"}],"replies":[{"embeddable":true,"href":"https:\/\/test.tksgroup.rs\/sr\/wp-json\/wp\/v2\/comments?post=90001312314392"}],"version-history":[{"count":2,"href":"https:\/\/test.tksgroup.rs\/sr\/wp-json\/wp\/v2\/pages\/90001312314392\/revisions"}],"predecessor-version":[{"id":90001312317333,"href":"https:\/\/test.tksgroup.rs\/sr\/wp-json\/wp\/v2\/pages\/90001312314392\/revisions\/90001312317333"}],"wp:attachment":[{"href":"https:\/\/test.tksgroup.rs\/sr\/wp-json\/wp\/v2\/media?parent=90001312314392"}],"curies":[{"name":"wp","href":"https:\/\/api.w.org\/{rel}","templated":true}]}}