{"id":90001312314405,"date":"2024-08-20T11:12:50","date_gmt":"2024-08-20T11:12:50","guid":{"rendered":"https:\/\/test.tksgroup.rs\/martor\/"},"modified":"2025-11-21T20:59:36","modified_gmt":"2025-11-21T20:59:36","slug":"martor","status":"publish","type":"page","link":"https:\/\/test.tksgroup.rs\/sr\/martor\/","title":{"rendered":"Martor"},"content":{"rendered":"\t\t<div data-elementor-type=\"wp-page\" data-elementor-id=\"90001312314405\" class=\"elementor elementor-90001312314405 elementor-97\" data-elementor-post-type=\"page\">\n\t\t\t\t<div class=\"elementor-element elementor-element-c8b52b e-con-full e-flex wpr-particle-no wpr-jarallax-no wpr-parallax-no wpr-sticky-section-no e-con e-parent\" data-id=\"c8b52b\" data-element_type=\"container\" data-settings=\"{&quot;background_background&quot;:&quot;classic&quot;}\">\n\t\t\t\t<div class=\"elementor-element elementor-element-75549c70 elementor-widget elementor-widget-button\" data-id=\"75549c70\" data-element_type=\"widget\" data-widget_type=\"button.default\">\n\t\t\t\t<div class=\"elementor-widget-container\">\n\t\t\t\t\t\t\t\t\t<div class=\"elementor-button-wrapper\">\n\t\t\t\t\t<a class=\"elementor-button elementor-button-link elementor-size-sm\" href=\"https:\/\/www.martor.com\/en\/products\/product-filter\">\n\t\t\t\t\t\t<span class=\"elementor-button-content-wrapper\">\n\t\t\t\t\t\t\t\t\t<span class=\"elementor-button-text\">Pogledaj proizvode<\/span>\n\t\t\t\t\t<\/span>\n\t\t\t\t\t<\/a>\n\t\t\t\t<\/div>\n\t\t\t\t\t\t\t\t<\/div>\n\t\t\t\t<\/div>\n\t\t\t\t<\/div>\n\t\t<div class=\"elementor-element elementor-element-78169769 e-con-full e-flex wpr-particle-no wpr-jarallax-no wpr-parallax-no wpr-sticky-section-no e-con e-parent\" data-id=\"78169769\" data-element_type=\"container\">\n\t\t<div class=\"elementor-element elementor-element-26f5665b e-con-full e-flex wpr-particle-no wpr-jarallax-no wpr-parallax-no wpr-sticky-section-no e-con e-child\" data-id=\"26f5665b\" data-element_type=\"container\">\n\t\t\t\t<div class=\"elementor-element elementor-element-53374a5 elementor-widget elementor-widget-heading\" data-id=\"53374a5\" data-element_type=\"widget\" data-widget_type=\"heading.default\">\n\t\t\t\t<div class=\"elementor-widget-container\">\n\t\t\t\t\t<h2 class=\"elementor-heading-title elementor-size-default\">MARTOR KG \u2013 vode\u0107i proizvo\u0111a\u010d visokokvalitetnih sigurnosnih no\u017eeva\n<\/h2>\t\t\t\t<\/div>\n\t\t\t\t<\/div>\n\t\t\t\t<div class=\"elementor-element elementor-element-6d56b5bf elementor-widget elementor-widget-text-editor\" data-id=\"6d56b5bf\" data-element_type=\"widget\" data-widget_type=\"text-editor.default\">\n\t\t\t\t<div class=\"elementor-widget-container\">\n\t\t\t\t\t\t\t\t\t<p><b>MARTOR KG,<\/b> sa sedi\u0161tem u <b>Solingenu, Nema\u010dka<\/b>, <b>globalni je lider<\/b> u proizvodnji <b>visokokvalitetnih sigurnosnih no\u017eeva i makaza<\/b>, dizajniranih da pobolj\u0161aju bezbednost na radnom mestu i smanje povrede od se\u010denja. Sa <b>GS-sertifikovanim bezbednosnim tehnologijama<\/b>, na\u0161i profesionalni alati za se\u010denje su vitalna komponenta <b>li\u010dne za\u0161titne opreme (PPE)<\/b> u razli\u010ditim industrijama, uklju\u010duju\u0107i <b>proizvodnju, maloprodaju, logistiku i trgovinu<\/b>. <\/p><p><b>Sveobuhvatna re\u0161enja za se\u010denje<\/b><\/p><p>Pored sigurnosnih no\u017eeva, <b>MARTOR<\/b> nudi raznovrstan asortiman preciznih alata za se\u010denje, uklju\u010duju\u0107i:<br><b>Pomo\u0107ni no\u017eevi<\/b><br><b>Struga\u010di<\/b><br><b>Reza\u010di za skidanje ivica<\/b><br><b>Grafi\u010dki seka\u010di<\/b><br><b>Skalpeli<\/b><b><\/b><\/p><p>Tako\u0111e nudimo <b>\u0161irok izbor visokokvalitetnih zamenskih se\u010diva<\/b>, kao \u0161to su trapezoidne o\u0161trice, no\u017eeve za kuke, industrijske o\u0161trice, o\u0161trice za struganje, se\u010diva za uklanjanje ivica, grafi\u010dke o\u0161trice i se\u010diva skalpela &#8211; obezbe\u0111uju\u0107i izdr\u017eljivost i optimalne performanse se\u010denja.<\/p><p><b>Bezbednost i efikasnost u kombinaciji<\/b><\/p><p><b>MARTOR sigurnosni no\u017eevi<\/b> dizajnirani su za svestranost, \u0161to ih \u010dini idealnim za se\u010denje <b>papira, kartona, plasti\u010dnih folija, tepiha, PVC-a, gume, ko\u017ee, stiropora, pene, traka, lepljive trake i jo\u0161 mnogo toga<\/b>. Neki modeli su posebno dizajnirani kao <b>reza\u010di filmova, kartonski no\u017eevi ili otvara\u010di za torbe<\/b> kako bi se optimiziralo rukovanje i efikasnost. <\/p><p>Na\u0161i <b>napredni bezbednosni mehanizmi<\/b> obezbe\u0111uju maksimalnu za\u0161titu:<br><b>SECUMAX<\/b> \u2013 Skrivena o\u0161trica za <b>najve\u0107u sigurnost<\/b><br><b>SECUPRO<\/b> \u2013 Potpuno automatsko uvla\u010denje se\u010diva za <b>veoma visoku bezbednost<\/b><br><b>SECUNORM<\/b> \u2013 Automatsko uvla\u010denje no\u017ea za <b>visoku sigurnost<\/b><b><\/b><\/p><p>Pored toga, <b>ergonomski dizajn i pojednostavljeni sistemi za zamenu se\u010diva pove\u0107avaju<\/b> i bezbednost i produktivnost na radnom mestu.<\/p><p><b>Kompletna re\u0161enja za bezbednost na radnom mestu<\/b><\/p><p>Da bismo osigurali <b>bezbedno skladi\u0161tenje i transport<\/b>, nudimo <b>tri nove futrole za pojas dizajnirane<\/b> za laku dostupnost i za\u0161titu va\u0161ih reznih alata.<\/p>\t\t\t\t\t\t\t\t<\/div>\n\t\t\t\t<\/div>\n\t\t\t\t<\/div>\n\t\t<div class=\"elementor-element elementor-element-945beb7 e-con-full e-flex wpr-particle-no wpr-jarallax-no wpr-parallax-no wpr-sticky-section-no e-con e-child\" data-id=\"945beb7\" data-element_type=\"container\">\n\t\t\t\t<div class=\"elementor-element elementor-element-50dfb5b6 elementor-widget elementor-widget-image\" data-id=\"50dfb5b6\" data-element_type=\"widget\" data-widget_type=\"image.default\">\n\t\t\t\t<div class=\"elementor-widget-container\">\n\t\t\t\t\t\t\t\t\t\t\t\t\t\t\t<img fetchpriority=\"high\" decoding=\"async\" width=\"1024\" height=\"993\" src=\"https:\/\/test.tksgroup.rs\/wp-content\/uploads\/2025\/07\/Martor-druga-slika-1024x993.jpg\" class=\"attachment-large size-large wp-image-90001312314404\" alt=\"\" srcset=\"https:\/\/test.tksgroup.rs\/wp-content\/uploads\/2025\/07\/Martor-druga-slika-1024x993.jpg 1024w, https:\/\/test.tksgroup.rs\/wp-content\/uploads\/2025\/07\/Martor-druga-slika-300x291.jpg 300w, https:\/\/test.tksgroup.rs\/wp-content\/uploads\/2025\/07\/Martor-druga-slika-768x745.jpg 768w, https:\/\/test.tksgroup.rs\/wp-content\/uploads\/2025\/07\/Martor-druga-slika-1536x1489.jpg 1536w, https:\/\/test.tksgroup.rs\/wp-content\/uploads\/2025\/07\/Martor-druga-slika-600x582.jpg 600w, https:\/\/test.tksgroup.rs\/wp-content\/uploads\/2025\/07\/Martor-druga-slika.jpg 1980w\" sizes=\"(max-width: 1024px) 100vw, 1024px\" \/>\t\t\t\t\t\t\t\t\t\t\t\t\t\t\t<\/div>\n\t\t\t\t<\/div>\n\t\t\t\t<\/div>\n\t\t\t\t<\/div>\n\t\t<div class=\"elementor-element elementor-element-c830c2c e-flex e-con-boxed wpr-particle-no wpr-jarallax-no wpr-parallax-no wpr-sticky-section-no e-con e-parent\" data-id=\"c830c2c\" data-element_type=\"container\" data-settings=\"{&quot;background_background&quot;:&quot;gradient&quot;}\">\n\t\t\t\t\t<div class=\"e-con-inner\">\n\t\t<div class=\"elementor-element elementor-element-16908fa e-con-full e-flex wpr-particle-no wpr-jarallax-no wpr-parallax-no wpr-sticky-section-no e-con e-child\" data-id=\"16908fa\" data-element_type=\"container\" data-settings=\"{&quot;background_background&quot;:&quot;classic&quot;}\">\n\t\t\t\t<div class=\"elementor-element elementor-element-1f719d8 elementor-widget elementor-widget-heading\" data-id=\"1f719d8\" data-element_type=\"widget\" data-widget_type=\"heading.default\">\n\t\t\t\t<div class=\"elementor-widget-container\">\n\t\t\t\t\t<h2 class=\"elementor-heading-title elementor-size-default\">Brendovi<\/h2>\t\t\t\t<\/div>\n\t\t\t\t<\/div>\n\t\t\t\t<\/div>\n\t\t<div class=\"elementor-element elementor-element-dc3a19a e-con-full e-flex wpr-particle-no wpr-jarallax-no wpr-parallax-no wpr-sticky-section-no e-con e-child\" data-id=\"dc3a19a\" data-element_type=\"container\" data-settings=\"{&quot;background_background&quot;:&quot;classic&quot;}\">\n\t\t\t\t<div class=\"elementor-element elementor-element-b8bdb8f elementor-arrows-position-inside elementor-pagination-position-outside elementor-widget elementor-widget-image-carousel\" data-id=\"b8bdb8f\" data-element_type=\"widget\" data-settings=\"{&quot;slides_to_show&quot;:&quot;4&quot;,&quot;navigation&quot;:&quot;both&quot;,&quot;autoplay&quot;:&quot;yes&quot;,&quot;pause_on_hover&quot;:&quot;yes&quot;,&quot;pause_on_interaction&quot;:&quot;yes&quot;,&quot;autoplay_speed&quot;:5000,&quot;infinite&quot;:&quot;yes&quot;,&quot;speed&quot;:500}\" data-widget_type=\"image-carousel.default\">\n\t\t\t\t<div class=\"elementor-widget-container\">\n\t\t\t\t\t\t\t<div class=\"elementor-image-carousel-wrapper swiper\" role=\"region\" aria-roledescription=\"carousel\" aria-label=\"Image Carousel\" dir=\"ltr\">\n\t\t\t<div class=\"elementor-image-carousel swiper-wrapper\" aria-live=\"off\">\n\t\t\t\t\t\t\t\t<div class=\"swiper-slide\" role=\"group\" aria-roledescription=\"slide\" aria-label=\"1 of 9\"><figure class=\"swiper-slide-inner\"><img decoding=\"async\" class=\"swiper-slide-image\" src=\"https:\/\/test.tksgroup.rs\/wp-content\/uploads\/2024\/08\/Durable_logo-1.png\" alt=\"Durable_logo 1\" \/><\/figure><\/div><div class=\"swiper-slide\" role=\"group\" aria-roledescription=\"slide\" aria-label=\"2 of 9\"><figure class=\"swiper-slide-inner\"><img decoding=\"async\" class=\"swiper-slide-image\" src=\"https:\/\/test.tksgroup.rs\/wp-content\/uploads\/2024\/08\/Logo_SMC_Corporation-1.png\" alt=\"Logo_SMC_Corporation 1\" \/><\/figure><\/div><div class=\"swiper-slide\" role=\"group\" aria-roledescription=\"slide\" aria-label=\"3 of 9\"><figure class=\"swiper-slide-inner\"><img decoding=\"async\" class=\"swiper-slide-image\" src=\"https:\/\/test.tksgroup.rs\/wp-content\/uploads\/2025\/07\/Bedra_Logo_250x50.png\" alt=\"Bedra_Logo_250x50\" \/><\/figure><\/div><div class=\"swiper-slide\" role=\"group\" aria-roledescription=\"slide\" aria-label=\"4 of 9\"><figure class=\"swiper-slide-inner\"><img decoding=\"async\" class=\"swiper-slide-image\" src=\"https:\/\/test.tksgroup.rs\/wp-content\/uploads\/2025\/07\/CEPRO_Logo_250x50.png\" alt=\"CEPRO_Logo_250x50\" \/><\/figure><\/div><div class=\"swiper-slide\" role=\"group\" aria-roledescription=\"slide\" aria-label=\"5 of 9\"><figure class=\"swiper-slide-inner\"><img decoding=\"async\" class=\"swiper-slide-image\" src=\"https:\/\/test.tksgroup.rs\/wp-content\/uploads\/2025\/07\/Ergomat_Logo_250x50.png\" alt=\"Ergomat_Logo_250x50\" \/><\/figure><\/div><div class=\"swiper-slide\" role=\"group\" aria-roledescription=\"slide\" aria-label=\"6 of 9\"><figure class=\"swiper-slide-inner\"><img decoding=\"async\" class=\"swiper-slide-image\" src=\"https:\/\/test.tksgroup.rs\/wp-content\/uploads\/2025\/07\/Green_Belting_Logo_250x50.png\" alt=\"Green_Belting_Logo_250x50\" \/><\/figure><\/div><div class=\"swiper-slide\" role=\"group\" aria-roledescription=\"slide\" aria-label=\"7 of 9\"><figure class=\"swiper-slide-inner\"><img decoding=\"async\" class=\"swiper-slide-image\" src=\"https:\/\/test.tksgroup.rs\/wp-content\/uploads\/2025\/07\/Krautzberger_Logo_250x50.png\" alt=\"Krautzberger_Logo_250x50\" \/><\/figure><\/div><div class=\"swiper-slide\" role=\"group\" aria-roledescription=\"slide\" aria-label=\"8 of 9\"><figure class=\"swiper-slide-inner\"><img decoding=\"async\" class=\"swiper-slide-image\" src=\"https:\/\/test.tksgroup.rs\/wp-content\/uploads\/2025\/07\/Osborn_Logo_250x50_Centered.png\" alt=\"Osborn_Logo_250x50_Centered\" \/><\/figure><\/div><div class=\"swiper-slide\" role=\"group\" aria-roledescription=\"slide\" aria-label=\"9 of 9\"><figure class=\"swiper-slide-inner\"><img decoding=\"async\" class=\"swiper-slide-image\" src=\"https:\/\/test.tksgroup.rs\/wp-content\/uploads\/2025\/07\/Scapa_Logo_250x50.png\" alt=\"Scapa_Logo_250x50\" \/><\/figure><\/div>\t\t\t<\/div>\n\t\t\t\t\t\t\t\t\t\t\t\t<div class=\"elementor-swiper-button elementor-swiper-button-prev\" role=\"button\" tabindex=\"0\">\n\t\t\t\t\t\t<svg aria-hidden=\"true\" class=\"e-font-icon-svg e-eicon-chevron-left\" viewBox=\"0 0 1000 1000\" xmlns=\"http:\/\/www.w3.org\/2000\/svg\"><path d=\"M646 125C629 125 613 133 604 142L308 442C296 454 292 471 292 487 292 504 296 521 308 533L604 854C617 867 629 875 646 875 663 875 679 871 692 858 704 846 713 829 713 812 713 796 708 779 692 767L438 487 692 225C700 217 708 204 708 187 708 171 704 154 692 142 675 129 663 125 646 125Z\"><\/path><\/svg>\t\t\t\t\t<\/div>\n\t\t\t\t\t<div class=\"elementor-swiper-button elementor-swiper-button-next\" role=\"button\" tabindex=\"0\">\n\t\t\t\t\t\t<svg aria-hidden=\"true\" class=\"e-font-icon-svg e-eicon-chevron-right\" viewBox=\"0 0 1000 1000\" xmlns=\"http:\/\/www.w3.org\/2000\/svg\"><path d=\"M696 533C708 521 713 504 713 487 713 471 708 454 696 446L400 146C388 133 375 125 354 125 338 125 325 129 313 142 300 154 292 171 292 187 292 204 296 221 308 233L563 492 304 771C292 783 288 800 288 817 288 833 296 850 308 863 321 871 338 875 354 875 371 875 388 867 400 854L696 533Z\"><\/path><\/svg>\t\t\t\t\t<\/div>\n\t\t\t\t\n\t\t\t\t\t\t\t\t\t<div class=\"swiper-pagination\"><\/div>\n\t\t\t\t\t\t\t\t\t<\/div>\n\t\t\t\t\t\t<\/div>\n\t\t\t\t<\/div>\n\t\t\t\t<\/div>\n\t\t\t\t\t<\/div>\n\t\t\t\t<\/div>\n\t\t\t\t<\/div>\n\t\t","protected":false},"excerpt":{"rendered":"<p>Pogledaj proizvode MARTOR KG \u2013 vode\u0107i proizvo\u0111a\u010d visokokvalitetnih sigurnosnih no\u017eeva MARTOR KG, sa sedi\u0161tem u Solingenu, Nema\u010dka, globalni je lider u proizvodnji visokokvalitetnih sigurnosnih no\u017eeva i makaza, dizajniranih da pobolj\u0161aju bezbednost na radnom mestu i smanje povrede od se\u010denja. Sa GS-sertifikovanim bezbednosnim tehnologijama, na\u0161i profesionalni alati za se\u010denje su vitalna komponenta li\u010dne za\u0161titne opreme (PPE) u razli\u010ditim industrijama, uklju\u010duju\u0107i proizvodnju, maloprodaju, logistiku i trgovinu. Sveobuhvatna re\u0161enja za se\u010denje Pored sigurnosnih no\u017eeva, MARTOR nudi raznovrstan asortiman preciznih alata za se\u010denje, uklju\u010duju\u0107i:Pomo\u0107ni no\u017eeviStruga\u010diReza\u010di za skidanje ivicaGrafi\u010dki seka\u010diSkalpeli Tako\u0111e nudimo \u0161irok izbor visokokvalitetnih zamenskih se\u010diva, kao \u0161to su trapezoidne o\u0161trice, no\u017eeve za kuke, industrijske o\u0161trice, o\u0161trice za struganje, se\u010diva za uklanjanje ivica, grafi\u010dke o\u0161trice i se\u010diva skalpela &#8211; obezbe\u0111uju\u0107i izdr\u017eljivost i optimalne performanse se\u010denja. Bezbednost i efikasnost u kombinaciji MARTOR sigurnosni no\u017eevi dizajnirani su za svestranost, \u0161to ih \u010dini idealnim za se\u010denje papira, kartona, plasti\u010dnih folija, tepiha, PVC-a, gume, ko\u017ee, stiropora, pene, traka, lepljive trake i jo\u0161 mnogo toga. Neki modeli su posebno dizajnirani kao reza\u010di filmova, kartonski no\u017eevi ili otvara\u010di za torbe kako bi se optimiziralo rukovanje i efikasnost. Na\u0161i napredni bezbednosni mehanizmi obezbe\u0111uju maksimalnu za\u0161titu:SECUMAX \u2013 Skrivena o\u0161trica za najve\u0107u sigurnostSECUPRO \u2013 Potpuno automatsko uvla\u010denje se\u010diva za veoma visoku bezbednostSECUNORM \u2013 Automatsko uvla\u010denje no\u017ea za visoku sigurnost Pored toga, ergonomski dizajn i pojednostavljeni sistemi za zamenu se\u010diva pove\u0107avaju i bezbednost i produktivnost na radnom mestu. Kompletna re\u0161enja za bezbednost na radnom mestu Da bismo osigurali bezbedno skladi\u0161tenje i transport, nudimo tri nove futrole za pojas dizajnirane za laku dostupnost i za\u0161titu va\u0161ih reznih alata. Brendovi<\/p>\n","protected":false},"author":1,"featured_media":0,"parent":0,"menu_order":0,"comment_status":"closed","ping_status":"closed","template":"","meta":{"site-sidebar-layout":"no-sidebar","site-content-layout":"","ast-site-content-layout":"","site-content-style":"default","site-sidebar-style":"default","ast-global-header-display":"","ast-banner-title-visibility":"","ast-main-header-display":"","ast-hfb-above-header-display":"","ast-hfb-below-header-display":"","ast-hfb-mobile-header-display":"","site-post-title":"disabled","ast-breadcrumbs-content":"","ast-featured-img":"disabled","footer-sml-layout":"","theme-transparent-header-meta":"","adv-header-id-meta":"","stick-header-meta":"","header-above-stick-meta":"","header-main-stick-meta":"","header-below-stick-meta":"","astra-migrate-meta-layouts":"default","ast-page-background-enabled":"default","ast-page-background-meta":{"desktop":{"background-color":"var(--ast-global-color-4)","background-image":"","background-repeat":"repeat","background-position":"center center","background-size":"auto","background-attachment":"scroll","background-type":"","background-media":"","overlay-type":"","overlay-color":"","overlay-opacity":"","overlay-gradient":""},"tablet":{"background-color":"","background-image":"","background-repeat":"repeat","background-position":"center center","background-size":"auto","background-attachment":"scroll","background-type":"","background-media":"","overlay-type":"","overlay-color":"","overlay-opacity":"","overlay-gradient":""},"mobile":{"background-color":"","background-image":"","background-repeat":"repeat","background-position":"center center","background-size":"auto","background-attachment":"scroll","background-type":"","background-media":"","overlay-type":"","overlay-color":"","overlay-opacity":"","overlay-gradient":""}},"ast-content-background-meta":{"desktop":{"background-color":"var(--ast-global-color-5)","background-image":"","background-repeat":"repeat","background-position":"center center","background-size":"auto","background-attachment":"scroll","background-type":"","background-media":"","overlay-type":"","overlay-color":"","overlay-opacity":"","overlay-gradient":""},"tablet":{"background-color":"var(--ast-global-color-5)","background-image":"","background-repeat":"repeat","background-position":"center center","background-size":"auto","background-attachment":"scroll","background-type":"","background-media":"","overlay-type":"","overlay-color":"","overlay-opacity":"","overlay-gradient":""},"mobile":{"background-color":"var(--ast-global-color-5)","background-image":"","background-repeat":"repeat","background-position":"center center","background-size":"auto","background-attachment":"scroll","background-type":"","background-media":"","overlay-type":"","overlay-color":"","overlay-opacity":"","overlay-gradient":""}},"footnotes":""},"class_list":["post-90001312314405","page","type-page","status-publish","hentry"],"_links":{"self":[{"href":"https:\/\/test.tksgroup.rs\/sr\/wp-json\/wp\/v2\/pages\/90001312314405","targetHints":{"allow":["GET"]}}],"collection":[{"href":"https:\/\/test.tksgroup.rs\/sr\/wp-json\/wp\/v2\/pages"}],"about":[{"href":"https:\/\/test.tksgroup.rs\/sr\/wp-json\/wp\/v2\/types\/page"}],"author":[{"embeddable":true,"href":"https:\/\/test.tksgroup.rs\/sr\/wp-json\/wp\/v2\/users\/1"}],"replies":[{"embeddable":true,"href":"https:\/\/test.tksgroup.rs\/sr\/wp-json\/wp\/v2\/comments?post=90001312314405"}],"version-history":[{"count":1,"href":"https:\/\/test.tksgroup.rs\/sr\/wp-json\/wp\/v2\/pages\/90001312314405\/revisions"}],"predecessor-version":[{"id":90001312314408,"href":"https:\/\/test.tksgroup.rs\/sr\/wp-json\/wp\/v2\/pages\/90001312314405\/revisions\/90001312314408"}],"wp:attachment":[{"href":"https:\/\/test.tksgroup.rs\/sr\/wp-json\/wp\/v2\/media?parent=90001312314405"}],"curies":[{"name":"wp","href":"https:\/\/api.w.org\/{rel}","templated":true}]}}