{"id":90001312314474,"date":"2024-08-20T10:31:39","date_gmt":"2024-08-20T10:31:39","guid":{"rendered":"https:\/\/test.tksgroup.rs\/bezbednost-zastita-i-higijena\/"},"modified":"2025-12-24T15:43:14","modified_gmt":"2025-12-24T15:43:14","slug":"bezbednost-zastita-i-higijena","status":"publish","type":"page","link":"https:\/\/test.tksgroup.rs\/sr\/bezbednost-zastita-i-higijena\/","title":{"rendered":"Bezbednost, za\u0161tita i higijena"},"content":{"rendered":"\t\t<div data-elementor-type=\"wp-page\" data-elementor-id=\"90001312314474\" class=\"elementor elementor-90001312314474 elementor-78\" data-elementor-post-type=\"page\">\n\t\t\t\t<div class=\"elementor-element elementor-element-60a3f71c e-con-full e-flex wpr-particle-no wpr-jarallax-no wpr-parallax-no wpr-sticky-section-no e-con e-parent\" data-id=\"60a3f71c\" data-element_type=\"container\">\n\t\t<div class=\"elementor-element elementor-element-6b29851c e-con-full e-flex wpr-particle-no wpr-jarallax-no wpr-parallax-no wpr-sticky-section-no e-con e-child\" data-id=\"6b29851c\" data-element_type=\"container\">\n\t\t\t\t<div class=\"elementor-element elementor-element-d1b8c75 elementor-widget elementor-widget-image\" data-id=\"d1b8c75\" data-element_type=\"widget\" data-widget_type=\"image.default\">\n\t\t\t\t<div class=\"elementor-widget-container\">\n\t\t\t\t\t\t\t\t\t\t\t\t\t\t\t<img fetchpriority=\"high\" decoding=\"async\" width=\"1024\" height=\"683\" src=\"https:\/\/test.tksgroup.rs\/wp-content\/uploads\/2025\/07\/zastitna-oprema-2-1024x683.jpg\" class=\"attachment-large size-large wp-image-90001312314472\" alt=\"\" srcset=\"https:\/\/test.tksgroup.rs\/wp-content\/uploads\/2025\/07\/zastitna-oprema-2-1024x683.jpg 1024w, https:\/\/test.tksgroup.rs\/wp-content\/uploads\/2025\/07\/zastitna-oprema-2-300x200.jpg 300w, https:\/\/test.tksgroup.rs\/wp-content\/uploads\/2025\/07\/zastitna-oprema-2-768x512.jpg 768w, https:\/\/test.tksgroup.rs\/wp-content\/uploads\/2025\/07\/zastitna-oprema-2-1536x1024.jpg 1536w, https:\/\/test.tksgroup.rs\/wp-content\/uploads\/2025\/07\/zastitna-oprema-2-2048x1365.jpg 2048w, https:\/\/test.tksgroup.rs\/wp-content\/uploads\/2025\/07\/zastitna-oprema-2-600x400.jpg 600w\" sizes=\"(max-width: 1024px) 100vw, 1024px\" \/>\t\t\t\t\t\t\t\t\t\t\t\t\t\t\t<\/div>\n\t\t\t\t<\/div>\n\t\t\t\t<\/div>\n\t\t<div class=\"elementor-element elementor-element-130370f3 e-con-full e-flex wpr-particle-no wpr-jarallax-no wpr-parallax-no wpr-sticky-section-no e-con e-child\" data-id=\"130370f3\" data-element_type=\"container\">\n\t\t\t\t<div class=\"elementor-element elementor-element-36c2d977 elementor-widget elementor-widget-text-editor\" data-id=\"36c2d977\" data-element_type=\"widget\" data-widget_type=\"text-editor.default\">\n\t\t\t\t<div class=\"elementor-widget-container\">\n\t\t\t\t\t\t\t\t\t<p data-start=\"1903\" data-end=\"2161\">Zdravlje, bezbednost i higijena na radnom mestu su osnova svakog uspe\u0161nog i odgovornog poslovanja. Pravilno odabrana za\u0161titna oprema i sistematska bezbednosna i higijenska re\u0161enja direktno uti\u010du na produktivnost, dobrobit zaposlenih i uskla\u0111enost sa propisima. <\/p>\t\t\t\t\t\t\t\t<\/div>\n\t\t\t\t<\/div>\n\t\t\t\t<div class=\"elementor-element elementor-element-b8a7c83 elementor-mobile-align-center elementor-widget elementor-widget-button\" data-id=\"b8a7c83\" data-element_type=\"widget\" data-widget_type=\"button.default\">\n\t\t\t\t<div class=\"elementor-widget-container\">\n\t\t\t\t\t\t\t\t\t<div class=\"elementor-button-wrapper\">\n\t\t\t\t\t<a class=\"elementor-button elementor-button-link elementor-size-sm\" href=\"https:\/\/test.tksgroup.rs\/sr\/%d0%bf%d1%80%d0%be%d0%b8%d0%b7%d0%b2%d0%be%d0%b4%d0%b8\/?maf_cats=protection-safety-and-hygiene\">\n\t\t\t\t\t\t<span class=\"elementor-button-content-wrapper\">\n\t\t\t\t\t\t\t\t\t<span class=\"elementor-button-text\">Pogledajte na\u0161e proizvode<\/span>\n\t\t\t\t\t<\/span>\n\t\t\t\t\t<\/a>\n\t\t\t\t<\/div>\n\t\t\t\t\t\t\t\t<\/div>\n\t\t\t\t<\/div>\n\t\t\t\t<\/div>\n\t\t\t\t<\/div>\n\t\t<div class=\"elementor-element elementor-element-4e6956f6 e-con-full e-flex wpr-particle-no wpr-jarallax-no wpr-parallax-no wpr-sticky-section-no e-con e-parent\" data-id=\"4e6956f6\" data-element_type=\"container\">\n\t\t<div class=\"elementor-element elementor-element-1f0157c5 e-con-full e-flex wpr-particle-no wpr-jarallax-no wpr-parallax-no wpr-sticky-section-no e-con e-child\" data-id=\"1f0157c5\" data-element_type=\"container\">\n\t\t\t\t<div class=\"elementor-element elementor-element-3a83bbef elementor-widget elementor-widget-text-editor\" data-id=\"3a83bbef\" data-element_type=\"widget\" data-widget_type=\"text-editor.default\">\n\t\t\t\t<div class=\"elementor-widget-container\">\n\t\t\t\t\t\t\t\t\t<p data-start=\"37\" data-end=\"244\">Na\u0161 asortiman za bezbednost, za\u0161titu i higijenu uklju\u010duje sveobuhvatan izbor proizvoda koji pokrivaju sve aspekte radnog prostora \u2013 od li\u010dne za\u0161tite do upravljanja otpadom i organizacije objekata.<\/p><p data-start=\"246\" data-end=\"524\">Li\u010dna za\u0161titna oprema (PPE) uklju\u010duje sve \u0161to je potrebno za bezbedan rad: rukavice, nao\u010dare, maske, \u0161titove i za\u0161titnu ode\u0107u.<br data-start=\"381\" data-end=\"384\">Za fizi\u010dku za\u0161titu radnog prostora, nudimo prostirke protiv umora i anti-stati\u010dke podne trka\u010de, pobolj\u0161avaju\u0107i udobnost i smanjuju\u0107i napor zaposlenih.<\/p><p data-start=\"526\" data-end=\"674\">U oblasti sigurnosnih alata za rezanje obezbe\u0111ujemo industrijske sigurnosne no\u017eeve, se\u010diva i makaze namenjene bezbednoj upotrebi u proizvodnji i logistici.<\/p><p data-start=\"676\" data-end=\"749\">Da bismo organizovali prostor i osigurali bezbedno kretanje unutar objekta, nudimo:<\/p><ul data-start=\"751\" data-end=\"854\"><li data-start=\"751\" data-end=\"776\"><p data-start=\"753\" data-end=\"776\">sistemi za obele\u017eavanje podova<\/p><\/li><li data-start=\"777\" data-end=\"809\"><p data-start=\"779\" data-end=\"809\">zidna signalizacija i informacije<\/p><\/li><li data-start=\"810\" data-end=\"854\"><p data-start=\"812\" data-end=\"854\">lasersko obele\u017eavanje za preciznost i izdr\u017eljivost<\/p><\/li><\/ul><p data-start=\"856\" data-end=\"910\">U oblasti higijene i otpada, na\u0161a ponuda uklju\u010duje:<\/p><ul data-start=\"912\" data-end=\"1103\"><li data-start=\"912\" data-end=\"964\"><p data-start=\"914\" data-end=\"964\">sredstva za \u010di\u0161\u0107enje i higijenski materijal za odr\u017eavanje<\/p><\/li><li data-start=\"965\" data-end=\"1014\"><p data-start=\"967\" data-end=\"1014\">Apsorbenti, krpe i industrijski papirni pe\u0161kiri<\/p><\/li><li data-start=\"1015\" data-end=\"1103\"><p data-start=\"1017\" data-end=\"1103\">efikasni sistemi za upravljanje otpadom, dizajnirani da odr\u017ee va\u0161 objekat \u010distim i uskla\u0111enim<\/p><\/li><\/ul><p data-start=\"1105\" data-end=\"1273\">Bez obzira da li vodite malu radionicu ili veliko industrijsko postrojenje \u2013 pru\u017eamo prava re\u0161enja za svaki nivo za\u0161tite, higijene i organizacije na radnom mestu.<\/p>\t\t\t\t\t\t\t\t<\/div>\n\t\t\t\t<\/div>\n\t\t\t\t<\/div>\n\t\t<div class=\"elementor-element elementor-element-5e259182 e-con-full e-flex wpr-particle-no wpr-jarallax-no wpr-parallax-no wpr-sticky-section-no e-con e-child\" data-id=\"5e259182\" data-element_type=\"container\">\n\t\t\t\t<div class=\"elementor-element elementor-element-7e81cda6 elementor-widget elementor-widget-image\" data-id=\"7e81cda6\" data-element_type=\"widget\" data-widget_type=\"image.default\">\n\t\t\t\t<div class=\"elementor-widget-container\">\n\t\t\t\t\t\t\t\t\t\t\t\t\t\t\t<img decoding=\"async\" width=\"1024\" height=\"683\" src=\"https:\/\/test.tksgroup.rs\/wp-content\/uploads\/2025\/07\/zastitna-oprema-1-1024x683.jpg\" class=\"attachment-large size-large wp-image-90001312314473\" alt=\"\" srcset=\"https:\/\/test.tksgroup.rs\/wp-content\/uploads\/2025\/07\/zastitna-oprema-1-1024x683.jpg 1024w, https:\/\/test.tksgroup.rs\/wp-content\/uploads\/2025\/07\/zastitna-oprema-1-300x200.jpg 300w, https:\/\/test.tksgroup.rs\/wp-content\/uploads\/2025\/07\/zastitna-oprema-1-768x512.jpg 768w, https:\/\/test.tksgroup.rs\/wp-content\/uploads\/2025\/07\/zastitna-oprema-1-1536x1024.jpg 1536w, https:\/\/test.tksgroup.rs\/wp-content\/uploads\/2025\/07\/zastitna-oprema-1-2048x1365.jpg 2048w, https:\/\/test.tksgroup.rs\/wp-content\/uploads\/2025\/07\/zastitna-oprema-1-600x400.jpg 600w\" sizes=\"(max-width: 1024px) 100vw, 1024px\" \/>\t\t\t\t\t\t\t\t\t\t\t\t\t\t\t<\/div>\n\t\t\t\t<\/div>\n\t\t\t\t<\/div>\n\t\t\t\t<\/div>\n\t\t<div class=\"elementor-element elementor-element-1ccecc2 e-flex e-con-boxed wpr-particle-no wpr-jarallax-no wpr-parallax-no wpr-sticky-section-no e-con e-parent\" data-id=\"1ccecc2\" data-element_type=\"container\" data-settings=\"{&quot;background_background&quot;:&quot;gradient&quot;}\">\n\t\t\t\t\t<div class=\"e-con-inner\">\n\t\t<div class=\"elementor-element elementor-element-9d8d544 e-con-full e-flex wpr-particle-no wpr-jarallax-no wpr-parallax-no wpr-sticky-section-no e-con e-child\" data-id=\"9d8d544\" data-element_type=\"container\" data-settings=\"{&quot;background_background&quot;:&quot;classic&quot;}\">\n\t\t\t\t<div class=\"elementor-element elementor-element-adf7e05 elementor-widget elementor-widget-heading\" data-id=\"adf7e05\" data-element_type=\"widget\" data-widget_type=\"heading.default\">\n\t\t\t\t<div class=\"elementor-widget-container\">\n\t\t\t\t\t<h2 class=\"elementor-heading-title elementor-size-default\">Brendovi<\/h2>\t\t\t\t<\/div>\n\t\t\t\t<\/div>\n\t\t\t\t<\/div>\n\t\t<div class=\"elementor-element elementor-element-677f6ca e-con-full e-flex wpr-particle-no wpr-jarallax-no wpr-parallax-no wpr-sticky-section-no e-con e-child\" data-id=\"677f6ca\" data-element_type=\"container\" data-settings=\"{&quot;background_background&quot;:&quot;classic&quot;}\">\n\t\t\t\t<div class=\"elementor-element elementor-element-8698969 elementor-arrows-position-inside elementor-pagination-position-outside elementor-widget elementor-widget-image-carousel\" data-id=\"8698969\" data-element_type=\"widget\" data-settings=\"{&quot;slides_to_show&quot;:&quot;4&quot;,&quot;navigation&quot;:&quot;both&quot;,&quot;autoplay&quot;:&quot;yes&quot;,&quot;pause_on_hover&quot;:&quot;yes&quot;,&quot;pause_on_interaction&quot;:&quot;yes&quot;,&quot;autoplay_speed&quot;:5000,&quot;infinite&quot;:&quot;yes&quot;,&quot;speed&quot;:500}\" data-widget_type=\"image-carousel.default\">\n\t\t\t\t<div class=\"elementor-widget-container\">\n\t\t\t\t\t\t\t<div class=\"elementor-image-carousel-wrapper swiper\" role=\"region\" aria-roledescription=\"carousel\" aria-label=\"Image Carousel\" dir=\"ltr\">\n\t\t\t<div class=\"elementor-image-carousel swiper-wrapper\" aria-live=\"off\">\n\t\t\t\t\t\t\t\t<div class=\"swiper-slide\" role=\"group\" aria-roledescription=\"slide\" aria-label=\"1 of 9\"><figure class=\"swiper-slide-inner\"><img decoding=\"async\" class=\"swiper-slide-image\" src=\"https:\/\/test.tksgroup.rs\/wp-content\/uploads\/2024\/08\/Durable_logo-1.png\" alt=\"Durable_logo 1\" \/><\/figure><\/div><div class=\"swiper-slide\" role=\"group\" aria-roledescription=\"slide\" aria-label=\"2 of 9\"><figure class=\"swiper-slide-inner\"><img decoding=\"async\" class=\"swiper-slide-image\" src=\"https:\/\/test.tksgroup.rs\/wp-content\/uploads\/2024\/08\/Logo_SMC_Corporation-1.png\" alt=\"Logo_SMC_Corporation 1\" \/><\/figure><\/div><div class=\"swiper-slide\" role=\"group\" aria-roledescription=\"slide\" aria-label=\"3 of 9\"><figure class=\"swiper-slide-inner\"><img decoding=\"async\" class=\"swiper-slide-image\" src=\"https:\/\/test.tksgroup.rs\/wp-content\/uploads\/2025\/07\/Bedra_Logo_250x50.png\" alt=\"Bedra_Logo_250x50\" \/><\/figure><\/div><div class=\"swiper-slide\" role=\"group\" aria-roledescription=\"slide\" aria-label=\"4 of 9\"><figure class=\"swiper-slide-inner\"><img decoding=\"async\" class=\"swiper-slide-image\" src=\"https:\/\/test.tksgroup.rs\/wp-content\/uploads\/2025\/07\/CEPRO_Logo_250x50.png\" alt=\"CEPRO_Logo_250x50\" \/><\/figure><\/div><div class=\"swiper-slide\" role=\"group\" aria-roledescription=\"slide\" aria-label=\"5 of 9\"><figure class=\"swiper-slide-inner\"><img decoding=\"async\" class=\"swiper-slide-image\" src=\"https:\/\/test.tksgroup.rs\/wp-content\/uploads\/2025\/07\/Ergomat_Logo_250x50.png\" alt=\"Ergomat_Logo_250x50\" \/><\/figure><\/div><div class=\"swiper-slide\" role=\"group\" aria-roledescription=\"slide\" aria-label=\"6 of 9\"><figure class=\"swiper-slide-inner\"><img decoding=\"async\" class=\"swiper-slide-image\" src=\"https:\/\/test.tksgroup.rs\/wp-content\/uploads\/2025\/07\/Green_Belting_Logo_250x50.png\" alt=\"Green_Belting_Logo_250x50\" \/><\/figure><\/div><div class=\"swiper-slide\" role=\"group\" aria-roledescription=\"slide\" aria-label=\"7 of 9\"><figure class=\"swiper-slide-inner\"><img decoding=\"async\" class=\"swiper-slide-image\" src=\"https:\/\/test.tksgroup.rs\/wp-content\/uploads\/2025\/07\/Krautzberger_Logo_250x50.png\" alt=\"Krautzberger_Logo_250x50\" \/><\/figure><\/div><div class=\"swiper-slide\" role=\"group\" aria-roledescription=\"slide\" aria-label=\"8 of 9\"><figure class=\"swiper-slide-inner\"><img decoding=\"async\" class=\"swiper-slide-image\" src=\"https:\/\/test.tksgroup.rs\/wp-content\/uploads\/2025\/07\/Osborn_Logo_250x50_Centered.png\" alt=\"Osborn_Logo_250x50_Centered\" \/><\/figure><\/div><div class=\"swiper-slide\" role=\"group\" aria-roledescription=\"slide\" aria-label=\"9 of 9\"><figure class=\"swiper-slide-inner\"><img decoding=\"async\" class=\"swiper-slide-image\" src=\"https:\/\/test.tksgroup.rs\/wp-content\/uploads\/2025\/07\/Scapa_Logo_250x50.png\" alt=\"Scapa_Logo_250x50\" \/><\/figure><\/div>\t\t\t<\/div>\n\t\t\t\t\t\t\t\t\t\t\t\t<div class=\"elementor-swiper-button elementor-swiper-button-prev\" role=\"button\" tabindex=\"0\">\n\t\t\t\t\t\t<svg aria-hidden=\"true\" class=\"e-font-icon-svg e-eicon-chevron-left\" viewBox=\"0 0 1000 1000\" xmlns=\"http:\/\/www.w3.org\/2000\/svg\"><path d=\"M646 125C629 125 613 133 604 142L308 442C296 454 292 471 292 487 292 504 296 521 308 533L604 854C617 867 629 875 646 875 663 875 679 871 692 858 704 846 713 829 713 812 713 796 708 779 692 767L438 487 692 225C700 217 708 204 708 187 708 171 704 154 692 142 675 129 663 125 646 125Z\"><\/path><\/svg>\t\t\t\t\t<\/div>\n\t\t\t\t\t<div class=\"elementor-swiper-button elementor-swiper-button-next\" role=\"button\" tabindex=\"0\">\n\t\t\t\t\t\t<svg aria-hidden=\"true\" class=\"e-font-icon-svg e-eicon-chevron-right\" viewBox=\"0 0 1000 1000\" xmlns=\"http:\/\/www.w3.org\/2000\/svg\"><path d=\"M696 533C708 521 713 504 713 487 713 471 708 454 696 446L400 146C388 133 375 125 354 125 338 125 325 129 313 142 300 154 292 171 292 187 292 204 296 221 308 233L563 492 304 771C292 783 288 800 288 817 288 833 296 850 308 863 321 871 338 875 354 875 371 875 388 867 400 854L696 533Z\"><\/path><\/svg>\t\t\t\t\t<\/div>\n\t\t\t\t\n\t\t\t\t\t\t\t\t\t<div class=\"swiper-pagination\"><\/div>\n\t\t\t\t\t\t\t\t\t<\/div>\n\t\t\t\t\t\t<\/div>\n\t\t\t\t<\/div>\n\t\t\t\t<\/div>\n\t\t\t\t\t<\/div>\n\t\t\t\t<\/div>\n\t\t\t\t<\/div>\n\t\t","protected":false},"excerpt":{"rendered":"<p>Zdravlje, bezbednost i higijena na radnom mestu su osnova svakog uspe\u0161nog i odgovornog poslovanja. Pravilno odabrana za\u0161titna oprema i sistematska bezbednosna i higijenska re\u0161enja direktno uti\u010du na produktivnost, dobrobit zaposlenih i uskla\u0111enost sa propisima. Pogledajte na\u0161e proizvode Na\u0161 asortiman za bezbednost, za\u0161titu i higijenu uklju\u010duje sveobuhvatan izbor proizvoda koji pokrivaju sve aspekte radnog prostora \u2013 od li\u010dne za\u0161tite do upravljanja otpadom i organizacije objekata. Li\u010dna za\u0161titna oprema (PPE) uklju\u010duje sve \u0161to je potrebno za bezbedan rad: rukavice, nao\u010dare, maske, \u0161titove i za\u0161titnu ode\u0107u.Za fizi\u010dku za\u0161titu radnog prostora, nudimo prostirke protiv umora i anti-stati\u010dke podne trka\u010de, pobolj\u0161avaju\u0107i udobnost i smanjuju\u0107i napor zaposlenih. U oblasti sigurnosnih alata za rezanje obezbe\u0111ujemo industrijske sigurnosne no\u017eeve, se\u010diva i makaze namenjene bezbednoj upotrebi u proizvodnji i logistici. Da bismo organizovali prostor i osigurali bezbedno kretanje unutar objekta, nudimo: sistemi za obele\u017eavanje podova zidna signalizacija i informacije lasersko obele\u017eavanje za preciznost i izdr\u017eljivost U oblasti higijene i otpada, na\u0161a ponuda uklju\u010duje: sredstva za \u010di\u0161\u0107enje i higijenski materijal za odr\u017eavanje Apsorbenti, krpe i industrijski papirni pe\u0161kiri efikasni sistemi za upravljanje otpadom, dizajnirani da odr\u017ee va\u0161 objekat \u010distim i uskla\u0111enim Bez obzira da li vodite malu radionicu ili veliko industrijsko postrojenje \u2013 pru\u017eamo prava re\u0161enja za svaki nivo za\u0161tite, higijene i organizacije na radnom mestu. Brendovi<\/p>\n","protected":false},"author":1,"featured_media":0,"parent":0,"menu_order":0,"comment_status":"closed","ping_status":"closed","template":"","meta":{"site-sidebar-layout":"no-sidebar","site-content-layout":"","ast-site-content-layout":"","site-content-style":"default","site-sidebar-style":"default","ast-global-header-display":"","ast-banner-title-visibility":"","ast-main-header-display":"","ast-hfb-above-header-display":"","ast-hfb-below-header-display":"","ast-hfb-mobile-header-display":"","site-post-title":"disabled","ast-breadcrumbs-content":"","ast-featured-img":"disabled","footer-sml-layout":"","theme-transparent-header-meta":"","adv-header-id-meta":"","stick-header-meta":"","header-above-stick-meta":"","header-main-stick-meta":"","header-below-stick-meta":"","astra-migrate-meta-layouts":"default","ast-page-background-enabled":"default","ast-page-background-meta":{"desktop":{"background-color":"var(--ast-global-color-4)","background-image":"","background-repeat":"repeat","background-position":"center center","background-size":"auto","background-attachment":"scroll","background-type":"","background-media":"","overlay-type":"","overlay-color":"","overlay-opacity":"","overlay-gradient":""},"tablet":{"background-color":"","background-image":"","background-repeat":"repeat","background-position":"center center","background-size":"auto","background-attachment":"scroll","background-type":"","background-media":"","overlay-type":"","overlay-color":"","overlay-opacity":"","overlay-gradient":""},"mobile":{"background-color":"","background-image":"","background-repeat":"repeat","background-position":"center center","background-size":"auto","background-attachment":"scroll","background-type":"","background-media":"","overlay-type":"","overlay-color":"","overlay-opacity":"","overlay-gradient":""}},"ast-content-background-meta":{"desktop":{"background-color":"var(--ast-global-color-5)","background-image":"","background-repeat":"repeat","background-position":"center center","background-size":"auto","background-attachment":"scroll","background-type":"","background-media":"","overlay-type":"","overlay-color":"","overlay-opacity":"","overlay-gradient":""},"tablet":{"background-color":"var(--ast-global-color-5)","background-image":"","background-repeat":"repeat","background-position":"center center","background-size":"auto","background-attachment":"scroll","background-type":"","background-media":"","overlay-type":"","overlay-color":"","overlay-opacity":"","overlay-gradient":""},"mobile":{"background-color":"var(--ast-global-color-5)","background-image":"","background-repeat":"repeat","background-position":"center center","background-size":"auto","background-attachment":"scroll","background-type":"","background-media":"","overlay-type":"","overlay-color":"","overlay-opacity":"","overlay-gradient":""}},"footnotes":""},"class_list":["post-90001312314474","page","type-page","status-publish","hentry"],"_links":{"self":[{"href":"https:\/\/test.tksgroup.rs\/sr\/wp-json\/wp\/v2\/pages\/90001312314474","targetHints":{"allow":["GET"]}}],"collection":[{"href":"https:\/\/test.tksgroup.rs\/sr\/wp-json\/wp\/v2\/pages"}],"about":[{"href":"https:\/\/test.tksgroup.rs\/sr\/wp-json\/wp\/v2\/types\/page"}],"author":[{"embeddable":true,"href":"https:\/\/test.tksgroup.rs\/sr\/wp-json\/wp\/v2\/users\/1"}],"replies":[{"embeddable":true,"href":"https:\/\/test.tksgroup.rs\/sr\/wp-json\/wp\/v2\/comments?post=90001312314474"}],"version-history":[{"count":5,"href":"https:\/\/test.tksgroup.rs\/sr\/wp-json\/wp\/v2\/pages\/90001312314474\/revisions"}],"predecessor-version":[{"id":90001312317262,"href":"https:\/\/test.tksgroup.rs\/sr\/wp-json\/wp\/v2\/pages\/90001312314474\/revisions\/90001312317262"}],"wp:attachment":[{"href":"https:\/\/test.tksgroup.rs\/sr\/wp-json\/wp\/v2\/media?parent=90001312314474"}],"curies":[{"name":"wp","href":"https:\/\/api.w.org\/{rel}","templated":true}]}}