{"id":90001312314478,"date":"2025-04-01T07:35:40","date_gmt":"2025-04-01T07:35:40","guid":{"rendered":"https:\/\/test.tksgroup.rs\/scapa-trake\/"},"modified":"2026-02-03T12:41:30","modified_gmt":"2026-02-03T12:41:30","slug":"scapa-trake","status":"publish","type":"page","link":"https:\/\/test.tksgroup.rs\/sr\/scapa-trake\/","title":{"rendered":"Scapa Tapes"},"content":{"rendered":"\t\t<div data-elementor-type=\"wp-page\" data-elementor-id=\"90001312314478\" class=\"elementor elementor-90001312314478 elementor-54001054\" data-elementor-post-type=\"page\">\n\t\t\t\t<div class=\"elementor-element elementor-element-e8637b7 e-con-full e-flex wpr-particle-no wpr-jarallax-no wpr-parallax-no wpr-sticky-section-no e-con e-parent\" data-id=\"e8637b7\" data-element_type=\"container\" data-settings=\"{&quot;background_background&quot;:&quot;classic&quot;}\">\n\t\t\t\t<div class=\"elementor-element elementor-element-93c4ddf elementor-widget elementor-widget-button\" data-id=\"93c4ddf\" data-element_type=\"widget\" data-widget_type=\"button.default\">\n\t\t\t\t<div class=\"elementor-widget-container\">\n\t\t\t\t\t\t\t\t\t<div class=\"elementor-button-wrapper\">\n\t\t\t\t\t<a class=\"elementor-button elementor-button-link elementor-size-sm\" href=\"https:\/\/scapaindustrial.com\/\" target=\"_blank\">\n\t\t\t\t\t\t<span class=\"elementor-button-content-wrapper\">\n\t\t\t\t\t\t\t\t\t<span class=\"elementor-button-text\">Pogledaj proizvode<\/span>\n\t\t\t\t\t<\/span>\n\t\t\t\t\t<\/a>\n\t\t\t\t<\/div>\n\t\t\t\t\t\t\t\t<\/div>\n\t\t\t\t<\/div>\n\t\t\t\t<\/div>\n\t\t<div class=\"elementor-element elementor-element-6516054 e-con-full e-flex wpr-particle-no wpr-jarallax-no wpr-parallax-no wpr-sticky-section-no e-con e-parent\" data-id=\"6516054\" data-element_type=\"container\">\n\t\t<div class=\"elementor-element elementor-element-cf9efe3 e-con-full e-flex wpr-particle-no wpr-jarallax-no wpr-parallax-no wpr-sticky-section-no e-con e-child\" data-id=\"cf9efe3\" data-element_type=\"container\">\n\t\t\t\t<div class=\"elementor-element elementor-element-735d5c4 elementor-widget elementor-widget-heading\" data-id=\"735d5c4\" data-element_type=\"widget\" data-widget_type=\"heading.default\">\n\t\t\t\t<div class=\"elementor-widget-container\">\n\t\t\t\t\t<h2 class=\"elementor-heading-title elementor-size-default\">Scapa Group \u2013 globalni lider u re\u0161enjima za lepljenje i lepljivim komponentama\n\n<\/h2>\t\t\t\t<\/div>\n\t\t\t\t<\/div>\n\t\t\t\t<div class=\"elementor-element elementor-element-395481c elementor-widget elementor-widget-text-editor\" data-id=\"395481c\" data-element_type=\"widget\" data-widget_type=\"text-editor.default\">\n\t\t\t\t<div class=\"elementor-widget-container\">\n\t\t\t\t\t\t\t\t\t<p><b>Scapa Group<\/b> je <b>vode\u0107i svetski proizvo\u0111a\u010d<\/b> <b>lepljenja re\u0161enja i lepljivih komponenti<\/b> za <b>zdravstveni i industrijski sektor<\/b>.<\/p><p>Na\u0161 pristup se zasniva na <b>dubokom razumevanju klju\u010dnih tr\u017ei\u0161ta<\/b>, \u0161to nam omogu\u0107ava da <b>predvidimo budu\u0107e potrebe kupaca<\/b> i <b>podr\u017eimo njihov uspeh<\/b> u dinami\u010dnim poslovnim okru\u017eenjima.<\/p><p> <b>Globalno prisustvo<\/b> \u2013 proizvodni <b>pogoni u Evropi, Severnoj Americi i Aziji<\/b><br><b>Optimizovani lanci snabdevanja<\/b> \u2013 strate\u0161ki pozicionirani za <b>partnerstvo sa globalnim kupcima<\/b><br><b>Odr\u017eivi rast i inovacije \u2013<\/b> primena <b>napredne tehnologije materijala<\/b> za <b>bolja re\u0161enja<\/b><b><\/b><\/p><p><b>Scapa Industrial \u2013 Re\u0161enja za razli\u010dite industrije<\/b><\/p><p><b>Scapa Industrial<\/b>, kao deo <b>Scapa grupe<\/b>, opslu\u017euje <b>vi\u0161e tr\u017ei\u0161nih segmenata \u0161irom sveta<\/b>. Na\u0161e poslovanje je podeljeno u dve klju\u010dne oblasti: <\/p><p><b>Engineered Products<\/b> \u2013 re\u0161enja za <b>automobilsku industriju, kablovsku industriju, elektroniku i specijalne proizvode<\/b>. Ova tr\u017ei\u0161ta zahtevaju proizvode koji zadovoljavaju <b>stroge standarde, tehni\u010dke specifikacije i lokalizovane zahteve<\/b>. <\/p><p><b>Komercijalni proizvodi<\/b> \u2013 re\u0161enja za <b>gra\u0111evinsku industriju, potro\u0161a\u010dke proizvode i specijalizovane aplikacije<\/b>. Ove sektore karakteri\u0161u <b>kra\u0107i rokovi isporuke i dinami\u010dni lanci snabdevanja<\/b>. <\/p><p>Bez obzira na industriju kojoj slu\u017eimo, kontinuirano <b>se prilago\u0111avamo<\/b> kako bismo zadovoljili <b>sve ve\u0107u slo\u017eenost tr\u017ei\u0161nih zahteva<\/b> i pobolj\u0161ali <b>lance vrednosti u kojima poslujemo<\/b>.<\/p><p> <b>Scapa Group \u2013 Va\u0161 globalni partner za inovativna re\u0161enja za lepljenje!<\/b><b><\/b><\/p><p>  Kamen-Methler, Nema\u010dka<\/p><p>  \u0160\u010decin, Poljska<\/p><p>Na\u0161e prodajne grane \u0161irom Evrope i SAD-a, zajedno sa partnerstvom sa renomiranim uvoznicima i predstavnicima \u0161irom sveta, ja\u010daju na\u0161 globalni domet i posve\u0107enost izvrsnosti.<\/p><p>Oblikovanje budu\u0107nosti rada<\/p><p>Moderno radno mesto se stalno razvija \u2013 uloge, procesi i alati se svakodnevno redefini\u0161u. Vi\u0161e od jednog veka, DURABLE je ostao pouzdan partner u pru\u017eanju profesionalnih re\u0161enja na radnom mestu. <\/p><p>Na\u0161a misija je jednostavna: da stvorimo pametna, efikasna re\u0161enja koja poma\u017eu korisnicima da profesionalno obavljaju svoje svakodnevne zadatke \u2013 pove\u0107avaju\u0107i produktivnost i podsti\u010du\u0107i korporativni uspeh, danas i u budu\u0107nosti.<\/p>\t\t\t\t\t\t\t\t<\/div>\n\t\t\t\t<\/div>\n\t\t\t\t<\/div>\n\t\t<div class=\"elementor-element elementor-element-13c58d7 e-con-full e-flex wpr-particle-no wpr-jarallax-no wpr-parallax-no wpr-sticky-section-no e-con e-child\" data-id=\"13c58d7\" data-element_type=\"container\">\n\t\t\t\t<div class=\"elementor-element elementor-element-b9bc83b elementor-widget elementor-widget-image\" data-id=\"b9bc83b\" data-element_type=\"widget\" data-widget_type=\"image.default\">\n\t\t\t\t<div class=\"elementor-widget-container\">\n\t\t\t\t\t\t\t\t\t\t\t\t\t\t\t<img fetchpriority=\"high\" decoding=\"async\" width=\"600\" height=\"600\" src=\"https:\/\/test.tksgroup.rs\/wp-content\/uploads\/2025\/07\/scapa-druga-slika.jpg\" class=\"attachment-large size-large wp-image-90001312314477\" alt=\"\" srcset=\"https:\/\/test.tksgroup.rs\/wp-content\/uploads\/2025\/07\/scapa-druga-slika.jpg 600w, https:\/\/test.tksgroup.rs\/wp-content\/uploads\/2025\/07\/scapa-druga-slika-300x300.jpg 300w, https:\/\/test.tksgroup.rs\/wp-content\/uploads\/2025\/07\/scapa-druga-slika-150x150.jpg 150w, https:\/\/test.tksgroup.rs\/wp-content\/uploads\/2025\/07\/scapa-druga-slika-100x100.jpg 100w\" sizes=\"(max-width: 600px) 100vw, 600px\" \/>\t\t\t\t\t\t\t\t\t\t\t\t\t\t\t<\/div>\n\t\t\t\t<\/div>\n\t\t\t\t<\/div>\n\t\t\t\t<\/div>\n\t\t<div class=\"elementor-element elementor-element-6d15320 e-flex e-con-boxed wpr-particle-no wpr-jarallax-no wpr-parallax-no wpr-sticky-section-no e-con e-parent\" data-id=\"6d15320\" data-element_type=\"container\" data-settings=\"{&quot;background_background&quot;:&quot;gradient&quot;}\">\n\t\t\t\t\t<div class=\"e-con-inner\">\n\t\t<div class=\"elementor-element elementor-element-c81965d e-con-full e-flex wpr-particle-no wpr-jarallax-no wpr-parallax-no wpr-sticky-section-no e-con e-child\" data-id=\"c81965d\" data-element_type=\"container\" data-settings=\"{&quot;background_background&quot;:&quot;classic&quot;}\">\n\t\t\t\t<div class=\"elementor-element elementor-element-8bc5d45 elementor-widget elementor-widget-heading\" data-id=\"8bc5d45\" data-element_type=\"widget\" data-widget_type=\"heading.default\">\n\t\t\t\t<div class=\"elementor-widget-container\">\n\t\t\t\t\t<h2 class=\"elementor-heading-title elementor-size-default\">Brendovi<\/h2>\t\t\t\t<\/div>\n\t\t\t\t<\/div>\n\t\t\t\t<\/div>\n\t\t<div class=\"elementor-element elementor-element-8e77fb9 e-con-full e-flex wpr-particle-no wpr-jarallax-no wpr-parallax-no wpr-sticky-section-no e-con e-child\" data-id=\"8e77fb9\" data-element_type=\"container\" data-settings=\"{&quot;background_background&quot;:&quot;classic&quot;}\">\n\t\t\t\t<div class=\"elementor-element elementor-element-d94027b elementor-arrows-position-inside elementor-pagination-position-outside elementor-widget elementor-widget-image-carousel\" data-id=\"d94027b\" data-element_type=\"widget\" data-settings=\"{&quot;slides_to_show&quot;:&quot;4&quot;,&quot;navigation&quot;:&quot;both&quot;,&quot;autoplay&quot;:&quot;yes&quot;,&quot;pause_on_hover&quot;:&quot;yes&quot;,&quot;pause_on_interaction&quot;:&quot;yes&quot;,&quot;autoplay_speed&quot;:5000,&quot;infinite&quot;:&quot;yes&quot;,&quot;speed&quot;:500}\" data-widget_type=\"image-carousel.default\">\n\t\t\t\t<div class=\"elementor-widget-container\">\n\t\t\t\t\t\t\t<div class=\"elementor-image-carousel-wrapper swiper\" role=\"region\" aria-roledescription=\"carousel\" aria-label=\"Image Carousel\" dir=\"ltr\">\n\t\t\t<div class=\"elementor-image-carousel swiper-wrapper\" aria-live=\"off\">\n\t\t\t\t\t\t\t\t<div class=\"swiper-slide\" role=\"group\" aria-roledescription=\"slide\" aria-label=\"1 of 9\"><figure class=\"swiper-slide-inner\"><img decoding=\"async\" class=\"swiper-slide-image\" src=\"https:\/\/test.tksgroup.rs\/wp-content\/uploads\/2024\/08\/Durable_logo-1.png\" alt=\"Durable_logo 1\" \/><\/figure><\/div><div class=\"swiper-slide\" role=\"group\" aria-roledescription=\"slide\" aria-label=\"2 of 9\"><figure class=\"swiper-slide-inner\"><img decoding=\"async\" class=\"swiper-slide-image\" src=\"https:\/\/test.tksgroup.rs\/wp-content\/uploads\/2024\/08\/Logo_SMC_Corporation-1.png\" alt=\"Logo_SMC_Corporation 1\" \/><\/figure><\/div><div class=\"swiper-slide\" role=\"group\" aria-roledescription=\"slide\" aria-label=\"3 of 9\"><figure class=\"swiper-slide-inner\"><img decoding=\"async\" class=\"swiper-slide-image\" src=\"https:\/\/test.tksgroup.rs\/wp-content\/uploads\/2025\/07\/Bedra_Logo_250x50.png\" alt=\"Bedra_Logo_250x50\" \/><\/figure><\/div><div class=\"swiper-slide\" role=\"group\" aria-roledescription=\"slide\" aria-label=\"4 of 9\"><figure class=\"swiper-slide-inner\"><img decoding=\"async\" class=\"swiper-slide-image\" src=\"https:\/\/test.tksgroup.rs\/wp-content\/uploads\/2025\/07\/CEPRO_Logo_250x50.png\" alt=\"CEPRO_Logo_250x50\" \/><\/figure><\/div><div class=\"swiper-slide\" role=\"group\" aria-roledescription=\"slide\" aria-label=\"5 of 9\"><figure class=\"swiper-slide-inner\"><img decoding=\"async\" class=\"swiper-slide-image\" src=\"https:\/\/test.tksgroup.rs\/wp-content\/uploads\/2025\/07\/Ergomat_Logo_250x50.png\" alt=\"Ergomat_Logo_250x50\" \/><\/figure><\/div><div class=\"swiper-slide\" role=\"group\" aria-roledescription=\"slide\" aria-label=\"6 of 9\"><figure class=\"swiper-slide-inner\"><img decoding=\"async\" class=\"swiper-slide-image\" src=\"https:\/\/test.tksgroup.rs\/wp-content\/uploads\/2025\/07\/Green_Belting_Logo_250x50.png\" alt=\"Green_Belting_Logo_250x50\" \/><\/figure><\/div><div class=\"swiper-slide\" role=\"group\" aria-roledescription=\"slide\" aria-label=\"7 of 9\"><figure class=\"swiper-slide-inner\"><img decoding=\"async\" class=\"swiper-slide-image\" src=\"https:\/\/test.tksgroup.rs\/wp-content\/uploads\/2025\/07\/Krautzberger_Logo_250x50.png\" alt=\"Krautzberger_Logo_250x50\" \/><\/figure><\/div><div class=\"swiper-slide\" role=\"group\" aria-roledescription=\"slide\" aria-label=\"8 of 9\"><figure class=\"swiper-slide-inner\"><img decoding=\"async\" class=\"swiper-slide-image\" src=\"https:\/\/test.tksgroup.rs\/wp-content\/uploads\/2025\/07\/Osborn_Logo_250x50_Centered.png\" alt=\"Osborn_Logo_250x50_Centered\" \/><\/figure><\/div><div class=\"swiper-slide\" role=\"group\" aria-roledescription=\"slide\" aria-label=\"9 of 9\"><figure class=\"swiper-slide-inner\"><img decoding=\"async\" class=\"swiper-slide-image\" src=\"https:\/\/test.tksgroup.rs\/wp-content\/uploads\/2025\/07\/Scapa_Logo_250x50.png\" alt=\"Scapa_Logo_250x50\" \/><\/figure><\/div>\t\t\t<\/div>\n\t\t\t\t\t\t\t\t\t\t\t\t<div class=\"elementor-swiper-button elementor-swiper-button-prev\" role=\"button\" tabindex=\"0\">\n\t\t\t\t\t\t<svg aria-hidden=\"true\" class=\"e-font-icon-svg e-eicon-chevron-left\" viewBox=\"0 0 1000 1000\" xmlns=\"http:\/\/www.w3.org\/2000\/svg\"><path d=\"M646 125C629 125 613 133 604 142L308 442C296 454 292 471 292 487 292 504 296 521 308 533L604 854C617 867 629 875 646 875 663 875 679 871 692 858 704 846 713 829 713 812 713 796 708 779 692 767L438 487 692 225C700 217 708 204 708 187 708 171 704 154 692 142 675 129 663 125 646 125Z\"><\/path><\/svg>\t\t\t\t\t<\/div>\n\t\t\t\t\t<div class=\"elementor-swiper-button elementor-swiper-button-next\" role=\"button\" tabindex=\"0\">\n\t\t\t\t\t\t<svg aria-hidden=\"true\" class=\"e-font-icon-svg e-eicon-chevron-right\" viewBox=\"0 0 1000 1000\" xmlns=\"http:\/\/www.w3.org\/2000\/svg\"><path d=\"M696 533C708 521 713 504 713 487 713 471 708 454 696 446L400 146C388 133 375 125 354 125 338 125 325 129 313 142 300 154 292 171 292 187 292 204 296 221 308 233L563 492 304 771C292 783 288 800 288 817 288 833 296 850 308 863 321 871 338 875 354 875 371 875 388 867 400 854L696 533Z\"><\/path><\/svg>\t\t\t\t\t<\/div>\n\t\t\t\t\n\t\t\t\t\t\t\t\t\t<div class=\"swiper-pagination\"><\/div>\n\t\t\t\t\t\t\t\t\t<\/div>\n\t\t\t\t\t\t<\/div>\n\t\t\t\t<\/div>\n\t\t\t\t<\/div>\n\t\t\t\t\t<\/div>\n\t\t\t\t<\/div>\n\t\t\t\t<\/div>\n\t\t","protected":false},"excerpt":{"rendered":"<p>Pogledaj proizvode Scapa Group \u2013 globalni lider u re\u0161enjima za lepljenje i lepljivim komponentama Scapa Group je vode\u0107i svetski proizvo\u0111a\u010d lepljenja re\u0161enja i lepljivih komponenti za zdravstveni i industrijski sektor. Na\u0161 pristup se zasniva na dubokom razumevanju klju\u010dnih tr\u017ei\u0161ta, \u0161to nam omogu\u0107ava da predvidimo budu\u0107e potrebe kupaca i podr\u017eimo njihov uspeh u dinami\u010dnim poslovnim okru\u017eenjima. Globalno prisustvo \u2013 proizvodni pogoni u Evropi, Severnoj Americi i AzijiOptimizovani lanci snabdevanja \u2013 strate\u0161ki pozicionirani za partnerstvo sa globalnim kupcimaOdr\u017eivi rast i inovacije \u2013 primena napredne tehnologije materijala za bolja re\u0161enja Scapa Industrial \u2013 Re\u0161enja za razli\u010dite industrije Scapa Industrial, kao deo Scapa grupe, opslu\u017euje vi\u0161e tr\u017ei\u0161nih segmenata \u0161irom sveta. Na\u0161e poslovanje je podeljeno u dve klju\u010dne oblasti: Engineered Products \u2013 re\u0161enja za automobilsku industriju, kablovsku industriju, elektroniku i specijalne proizvode. Ova tr\u017ei\u0161ta zahtevaju proizvode koji zadovoljavaju stroge standarde, tehni\u010dke specifikacije i lokalizovane zahteve. Komercijalni proizvodi \u2013 re\u0161enja za gra\u0111evinsku industriju, potro\u0161a\u010dke proizvode i specijalizovane aplikacije. Ove sektore karakteri\u0161u kra\u0107i rokovi isporuke i dinami\u010dni lanci snabdevanja. Bez obzira na industriju kojoj slu\u017eimo, kontinuirano se prilago\u0111avamo kako bismo zadovoljili sve ve\u0107u slo\u017eenost tr\u017ei\u0161nih zahteva i pobolj\u0161ali lance vrednosti u kojima poslujemo. Scapa Group \u2013 Va\u0161 globalni partner za inovativna re\u0161enja za lepljenje! Kamen-Methler, Nema\u010dka \u0160\u010decin, Poljska Na\u0161e prodajne grane \u0161irom Evrope i SAD-a, zajedno sa partnerstvom sa renomiranim uvoznicima i predstavnicima \u0161irom sveta, ja\u010daju na\u0161 globalni domet i posve\u0107enost izvrsnosti. Oblikovanje budu\u0107nosti rada Moderno radno mesto se stalno razvija \u2013 uloge, procesi i alati se svakodnevno redefini\u0161u. Vi\u0161e od jednog veka, DURABLE je ostao pouzdan partner u pru\u017eanju profesionalnih re\u0161enja na radnom mestu. Na\u0161a misija je jednostavna: da stvorimo pametna, efikasna re\u0161enja koja poma\u017eu korisnicima da profesionalno obavljaju svoje svakodnevne zadatke \u2013 pove\u0107avaju\u0107i produktivnost i podsti\u010du\u0107i korporativni uspeh, danas i u budu\u0107nosti. Brendovi<\/p>\n","protected":false},"author":1,"featured_media":0,"parent":0,"menu_order":0,"comment_status":"closed","ping_status":"closed","template":"","meta":{"site-sidebar-layout":"no-sidebar","site-content-layout":"","ast-site-content-layout":"full-width-container","site-content-style":"default","site-sidebar-style":"default","ast-global-header-display":"","ast-banner-title-visibility":"","ast-main-header-display":"","ast-hfb-above-header-display":"","ast-hfb-below-header-display":"","ast-hfb-mobile-header-display":"","site-post-title":"disabled","ast-breadcrumbs-content":"","ast-featured-img":"disabled","footer-sml-layout":"","theme-transparent-header-meta":"","adv-header-id-meta":"","stick-header-meta":"","header-above-stick-meta":"","header-main-stick-meta":"","header-below-stick-meta":"","astra-migrate-meta-layouts":"default","ast-page-background-enabled":"default","ast-page-background-meta":{"desktop":{"background-color":"var(--ast-global-color-4)","background-image":"","background-repeat":"repeat","background-position":"center center","background-size":"auto","background-attachment":"scroll","background-type":"","background-media":"","overlay-type":"","overlay-color":"","overlay-opacity":"","overlay-gradient":""},"tablet":{"background-color":"","background-image":"","background-repeat":"repeat","background-position":"center center","background-size":"auto","background-attachment":"scroll","background-type":"","background-media":"","overlay-type":"","overlay-color":"","overlay-opacity":"","overlay-gradient":""},"mobile":{"background-color":"","background-image":"","background-repeat":"repeat","background-position":"center center","background-size":"auto","background-attachment":"scroll","background-type":"","background-media":"","overlay-type":"","overlay-color":"","overlay-opacity":"","overlay-gradient":""}},"ast-content-background-meta":{"desktop":{"background-color":"var(--ast-global-color-5)","background-image":"","background-repeat":"repeat","background-position":"center center","background-size":"auto","background-attachment":"scroll","background-type":"","background-media":"","overlay-type":"","overlay-color":"","overlay-opacity":"","overlay-gradient":""},"tablet":{"background-color":"var(--ast-global-color-5)","background-image":"","background-repeat":"repeat","background-position":"center center","background-size":"auto","background-attachment":"scroll","background-type":"","background-media":"","overlay-type":"","overlay-color":"","overlay-opacity":"","overlay-gradient":""},"mobile":{"background-color":"var(--ast-global-color-5)","background-image":"","background-repeat":"repeat","background-position":"center center","background-size":"auto","background-attachment":"scroll","background-type":"","background-media":"","overlay-type":"","overlay-color":"","overlay-opacity":"","overlay-gradient":""}},"footnotes":""},"class_list":["post-90001312314478","page","type-page","status-publish","hentry"],"_links":{"self":[{"href":"https:\/\/test.tksgroup.rs\/sr\/wp-json\/wp\/v2\/pages\/90001312314478","targetHints":{"allow":["GET"]}}],"collection":[{"href":"https:\/\/test.tksgroup.rs\/sr\/wp-json\/wp\/v2\/pages"}],"about":[{"href":"https:\/\/test.tksgroup.rs\/sr\/wp-json\/wp\/v2\/types\/page"}],"author":[{"embeddable":true,"href":"https:\/\/test.tksgroup.rs\/sr\/wp-json\/wp\/v2\/users\/1"}],"replies":[{"embeddable":true,"href":"https:\/\/test.tksgroup.rs\/sr\/wp-json\/wp\/v2\/comments?post=90001312314478"}],"version-history":[{"count":8,"href":"https:\/\/test.tksgroup.rs\/sr\/wp-json\/wp\/v2\/pages\/90001312314478\/revisions"}],"predecessor-version":[{"id":90001312317351,"href":"https:\/\/test.tksgroup.rs\/sr\/wp-json\/wp\/v2\/pages\/90001312314478\/revisions\/90001312317351"}],"wp:attachment":[{"href":"https:\/\/test.tksgroup.rs\/sr\/wp-json\/wp\/v2\/media?parent=90001312314478"}],"curies":[{"name":"wp","href":"https:\/\/api.w.org\/{rel}","templated":true}]}}