{"id":90001312314501,"date":"2025-09-18T11:48:06","date_gmt":"2025-09-18T11:48:06","guid":{"rendered":"https:\/\/test.tksgroup.rs\/product\/kompaktni-senzor-zauzetosti-za-detekciju-niske-nadzemne-glave-i-kombinacija-led-znaka-ksnumkscm-sa-unutrasnjim-zvucnim-alarmom\/"},"modified":"2025-09-18T11:48:06","modified_gmt":"2025-09-18T11:48:06","slug":"kompaktni-senzor-zauzetosti-za-detekciju-niske-nadzemne-glave-i-kombinacija-led-znaka-ksnumkscm-sa-unutrasnjim-zvucnim-alarmom","status":"publish","type":"product","link":"https:\/\/test.tksgroup.rs\/sr\/\u043f\u0440\u043e\u0438\u0437\u0432\u043e\u0434\/kompaktni-senzor-zauzetosti-za-detekciju-niske-nadzemne-glave-i-kombinacija-led-znaka-ksnumkscm-sa-unutrasnjim-zvucnim-alarmom\/","title":{"rendered":"Kompaktni senzor zauzetosti za detekciju niske nadzemne glave i kombinacija LED znaka KSNUMKScm sa unutra\u0161njim zvu\u010dnim alarmom"},"content":{"rendered":"<p>Dvostrani 60 cm Znak sa LED sa be\u017ei\u010dnim prijemnikom i 6Amps napajanje. Be\u017ei\u010dni predajnik, KSNUMKSamp napajanje i kompaktan senzor zauzetosti. KSNUMKS m i KSNUMKS m produ\u017enog kabla, KSNUMKSamp napajanja i be\u017ei\u010dnog prijemnika.<br \/>\nDa upozori vozila pribli\u017eava niske iznad glave. Mo\u017ee se koristiti i kao vertikalna i horizontalna svetlosna zavesa, za detekciju perimetralne zone, kao i detekciju ulazne \/ izlazne zone. Zona do 10x10x10 m. Mo\u017ee se centrirati montiran ili bo\u010dno montiran.   <\/p>\n","protected":false},"excerpt":{"rendered":"<p>Kompaktni senzor zauzetosti za detekciju niske nadzemne glave i kombinacija LED znaka KSNUMKScm sa unutra\u0161njim zvu\u010dnim alarmom<\/p>\n","protected":false},"featured_media":0,"comment_status":"open","ping_status":"closed","template":"","meta":{"site-sidebar-layout":"default","site-content-layout":"","ast-site-content-layout":"default","site-content-style":"default","site-sidebar-style":"default","ast-global-header-display":"","ast-banner-title-visibility":"","ast-main-header-display":"","ast-hfb-above-header-display":"","ast-hfb-below-header-display":"","ast-hfb-mobile-header-display":"","site-post-title":"","ast-breadcrumbs-content":"","ast-featured-img":"","footer-sml-layout":"","theme-transparent-header-meta":"default","adv-header-id-meta":"","stick-header-meta":"","header-above-stick-meta":"","header-main-stick-meta":"","header-below-stick-meta":"","astra-migrate-meta-layouts":"default","ast-page-background-enabled":"default","ast-page-background-meta":{"desktop":{"background-color":"var(--ast-global-color-4)","background-image":"","background-repeat":"repeat","background-position":"center center","background-size":"auto","background-attachment":"scroll","background-type":"","background-media":"","overlay-type":"","overlay-color":"","overlay-opacity":"","overlay-gradient":""},"tablet":{"background-color":"","background-image":"","background-repeat":"repeat","background-position":"center center","background-size":"auto","background-attachment":"scroll","background-type":"","background-media":"","overlay-type":"","overlay-color":"","overlay-opacity":"","overlay-gradient":""},"mobile":{"background-color":"","background-image":"","background-repeat":"repeat","background-position":"center center","background-size":"auto","background-attachment":"scroll","background-type":"","background-media":"","overlay-type":"","overlay-color":"","overlay-opacity":"","overlay-gradient":""}},"ast-content-background-meta":{"desktop":{"background-color":"var(--ast-global-color-5)","background-image":"","background-repeat":"repeat","background-position":"center center","background-size":"auto","background-attachment":"scroll","background-type":"","background-media":"","overlay-type":"","overlay-color":"","overlay-opacity":"","overlay-gradient":""},"tablet":{"background-color":"var(--ast-global-color-5)","background-image":"","background-repeat":"repeat","background-position":"center center","background-size":"auto","background-attachment":"scroll","background-type":"","background-media":"","overlay-type":"","overlay-color":"","overlay-opacity":"","overlay-gradient":""},"mobile":{"background-color":"var(--ast-global-color-5)","background-image":"","background-repeat":"repeat","background-position":"center center","background-size":"auto","background-attachment":"scroll","background-type":"","background-media":"","overlay-type":"","overlay-color":"","overlay-opacity":"","overlay-gradient":""}}},"product_brand":[],"product_cat":[17021,17020],"product_tag":[],"class_list":{"0":"post-90001312314501","1":"product","2":"type-product","3":"status-publish","5":"product_cat-led-resenja","6":"product_cat-zastita-bezbednost-i-higijena","7":"desktop-align-left","8":"tablet-align-left","9":"mobile-align-left","11":"first","12":"instock","13":"shipping-taxable","14":"product-type-simple"},"_links":{"self":[{"href":"https:\/\/test.tksgroup.rs\/sr\/wp-json\/wp\/v2\/product\/90001312314501","targetHints":{"allow":["GET"]}}],"collection":[{"href":"https:\/\/test.tksgroup.rs\/sr\/wp-json\/wp\/v2\/product"}],"about":[{"href":"https:\/\/test.tksgroup.rs\/sr\/wp-json\/wp\/v2\/types\/product"}],"replies":[{"embeddable":true,"href":"https:\/\/test.tksgroup.rs\/sr\/wp-json\/wp\/v2\/comments?post=90001312314501"}],"wp:attachment":[{"href":"https:\/\/test.tksgroup.rs\/sr\/wp-json\/wp\/v2\/media?parent=90001312314501"}],"wp:term":[{"taxonomy":"product_brand","embeddable":true,"href":"https:\/\/test.tksgroup.rs\/sr\/wp-json\/wp\/v2\/product_brand?post=90001312314501"},{"taxonomy":"product_cat","embeddable":true,"href":"https:\/\/test.tksgroup.rs\/sr\/wp-json\/wp\/v2\/product_cat?post=90001312314501"},{"taxonomy":"product_tag","embeddable":true,"href":"https:\/\/test.tksgroup.rs\/sr\/wp-json\/wp\/v2\/product_tag?post=90001312314501"}],"curies":[{"name":"wp","href":"https:\/\/api.w.org\/{rel}","templated":true}]}}