{"id":90001312314519,"date":"2025-09-18T11:47:58","date_gmt":"2025-09-18T11:47:58","guid":{"rendered":"https:\/\/test.tksgroup.rs\/product\/in-out-lidar-usmereni-senzor-combo-dvostrani-znak\/"},"modified":"2025-11-21T22:13:39","modified_gmt":"2025-11-21T22:13:39","slug":"in-out-lidar-usmereni-senzor-combo-dvostrani-znak","status":"publish","type":"product","link":"https:\/\/test.tksgroup.rs\/sr\/\u043f\u0440\u043e\u0438\u0437\u0432\u043e\u0434\/in-out-lidar-usmereni-senzor-combo-dvostrani-znak\/","title":{"rendered":"In &amp; Out Lidar Usmereni senzor Combo, dvostrani znak"},"content":{"rendered":"<p>U \/ Out Lidar sistem (senzori sa ugra\u0111enim be\u017ei\u010dnim predajnikom), dvostrani KSNUMKScm znak sa be\u017ei\u010dnim prijemnikom, KSNUMKSA i KSNUMKSA napajanje, i KSNUMKSKS KSNUMKSM KSNUMKSV kablova za pro\u0161irenje \u017eice. Senzor Opseg: 1.3M do 2.4M<x id=\"gid_0\"><\/x>\u0160titi od sudara izme\u0111u pe\u0161aka<x id=\"gid_1\"><\/x>i vozila. Senzori se aktiviraju samo kada pe\u0161ak ili vozilo<br \/>\npro\u0111e kroz polje<br \/>\ndetekcije u jednom odre\u0111enom pravcu. Senzor \u0107e upaliti znak samo<br \/>\ndok pe\u0161ak ulazi u<br \/>\nraskrsnicu, a ne dok izlaze (nema la\u017eno pozitivnog<br \/>\no\u010ditavanja).<br \/>\nDomet senzora: 1,3M do 2,4M   <\/p>\n","protected":false},"excerpt":{"rendered":"<p>In &amp; Out Lidar Usmereni senzor Combo, dvostrani znak<\/p>\n","protected":false},"featured_media":90001312314164,"comment_status":"open","ping_status":"closed","template":"","meta":{"site-sidebar-layout":"default","site-content-layout":"","ast-site-content-layout":"default","site-content-style":"default","site-sidebar-style":"default","ast-global-header-display":"","ast-banner-title-visibility":"","ast-main-header-display":"","ast-hfb-above-header-display":"","ast-hfb-below-header-display":"","ast-hfb-mobile-header-display":"","site-post-title":"","ast-breadcrumbs-content":"","ast-featured-img":"","footer-sml-layout":"","theme-transparent-header-meta":"default","adv-header-id-meta":"","stick-header-meta":"","header-above-stick-meta":"","header-main-stick-meta":"","header-below-stick-meta":"","astra-migrate-meta-layouts":"default","ast-page-background-enabled":"default","ast-page-background-meta":{"desktop":{"background-color":"var(--ast-global-color-4)","background-image":"","background-repeat":"repeat","background-position":"center center","background-size":"auto","background-attachment":"scroll","background-type":"","background-media":"","overlay-type":"","overlay-color":"","overlay-opacity":"","overlay-gradient":""},"tablet":{"background-color":"","background-image":"","background-repeat":"repeat","background-position":"center center","background-size":"auto","background-attachment":"scroll","background-type":"","background-media":"","overlay-type":"","overlay-color":"","overlay-opacity":"","overlay-gradient":""},"mobile":{"background-color":"","background-image":"","background-repeat":"repeat","background-position":"center center","background-size":"auto","background-attachment":"scroll","background-type":"","background-media":"","overlay-type":"","overlay-color":"","overlay-opacity":"","overlay-gradient":""}},"ast-content-background-meta":{"desktop":{"background-color":"var(--ast-global-color-5)","background-image":"","background-repeat":"repeat","background-position":"center center","background-size":"auto","background-attachment":"scroll","background-type":"","background-media":"","overlay-type":"","overlay-color":"","overlay-opacity":"","overlay-gradient":""},"tablet":{"background-color":"var(--ast-global-color-5)","background-image":"","background-repeat":"repeat","background-position":"center center","background-size":"auto","background-attachment":"scroll","background-type":"","background-media":"","overlay-type":"","overlay-color":"","overlay-opacity":"","overlay-gradient":""},"mobile":{"background-color":"var(--ast-global-color-5)","background-image":"","background-repeat":"repeat","background-position":"center center","background-size":"auto","background-attachment":"scroll","background-type":"","background-media":"","overlay-type":"","overlay-color":"","overlay-opacity":"","overlay-gradient":""}}},"product_brand":[],"product_cat":[17021,17020],"product_tag":[],"class_list":{"0":"post-90001312314519","1":"product","2":"type-product","3":"status-publish","4":"has-post-thumbnail","6":"product_cat-led-resenja","7":"product_cat-zastita-bezbednost-i-higijena","8":"desktop-align-left","9":"tablet-align-left","10":"mobile-align-left","12":"first","13":"instock","14":"shipping-taxable","15":"product-type-simple"},"_links":{"self":[{"href":"https:\/\/test.tksgroup.rs\/sr\/wp-json\/wp\/v2\/product\/90001312314519","targetHints":{"allow":["GET"]}}],"collection":[{"href":"https:\/\/test.tksgroup.rs\/sr\/wp-json\/wp\/v2\/product"}],"about":[{"href":"https:\/\/test.tksgroup.rs\/sr\/wp-json\/wp\/v2\/types\/product"}],"replies":[{"embeddable":true,"href":"https:\/\/test.tksgroup.rs\/sr\/wp-json\/wp\/v2\/comments?post=90001312314519"}],"wp:featuredmedia":[{"embeddable":true,"href":"https:\/\/test.tksgroup.rs\/sr\/wp-json\/wp\/v2\/media\/90001312314164"}],"wp:attachment":[{"href":"https:\/\/test.tksgroup.rs\/sr\/wp-json\/wp\/v2\/media?parent=90001312314519"}],"wp:term":[{"taxonomy":"product_brand","embeddable":true,"href":"https:\/\/test.tksgroup.rs\/sr\/wp-json\/wp\/v2\/product_brand?post=90001312314519"},{"taxonomy":"product_cat","embeddable":true,"href":"https:\/\/test.tksgroup.rs\/sr\/wp-json\/wp\/v2\/product_cat?post=90001312314519"},{"taxonomy":"product_tag","embeddable":true,"href":"https:\/\/test.tksgroup.rs\/sr\/wp-json\/wp\/v2\/product_tag?post=90001312314519"}],"curies":[{"name":"wp","href":"https:\/\/api.w.org\/{rel}","templated":true}]}}