{"id":90001312314521,"date":"2025-09-18T11:48:07","date_gmt":"2025-09-18T11:48:07","guid":{"rendered":"https:\/\/test.tksgroup.rs\/product\/interaktivni-60cm-led-sign-ik-infiniti-deluke-mat-60ks90cm-combo\/"},"modified":"2025-09-18T11:48:07","modified_gmt":"2025-09-18T11:48:07","slug":"interaktivni-60cm-led-sign-ik-infiniti-deluke-mat-60ks90cm-combo","status":"publish","type":"product","link":"https:\/\/test.tksgroup.rs\/sr\/\u043f\u0440\u043e\u0438\u0437\u0432\u043e\u0434\/interaktivni-60cm-led-sign-ik-infiniti-deluke-mat-60ks90cm-combo\/","title":{"rendered":"Interaktivni 60cm LED SIGN &amp; IK Infiniti Deluke MAT 60Ks90cm combo"},"content":{"rendered":"<p>Interaktivni dvostrani 60cm LED znak. Be\u017ei\u010dni i be\u017ei\u010dni prijemnik (6 Amp Napajanje), 1k 4m produ\u017eni kabl i IK Mat 60k90cm. IK je samostalna podloga za pritisak sa ugra\u0111enim predajnikom.<x id=\"gid_0\"><\/x>Znak: Oprez Pe\u0161a\u010dki piktogram sa tekstom: OPREZ PE\u0160A\u010cKI SAOBRA\u0106AJ.<x id=\"gid_1\"><\/x>Infiniti Deluke Smooth Mat: Crna sa opasnim kosinama &#8211; crna \/ \u017euta (sa dvostranim lepkom na zadnjoj strani prostirke)<x id=\"gid_2\"><\/x> Da biste otkrili pe\u0161ake koji gaze na IK Mat i aktivirajte LED znak za oprez za pe\u0161ake. Samostalna i samoupravna prostirka sa dometom do 304 m.   <\/p>\n","protected":false},"excerpt":{"rendered":"<p>Interaktivni 60cm LED SIGN &amp; IK Infiniti Deluke MAT 60Ks90cm combo<\/p>\n","protected":false},"featured_media":54003597,"comment_status":"open","ping_status":"closed","template":"","meta":{"site-sidebar-layout":"default","site-content-layout":"","ast-site-content-layout":"default","site-content-style":"default","site-sidebar-style":"default","ast-global-header-display":"","ast-banner-title-visibility":"","ast-main-header-display":"","ast-hfb-above-header-display":"","ast-hfb-below-header-display":"","ast-hfb-mobile-header-display":"","site-post-title":"","ast-breadcrumbs-content":"","ast-featured-img":"","footer-sml-layout":"","theme-transparent-header-meta":"default","adv-header-id-meta":"","stick-header-meta":"","header-above-stick-meta":"","header-main-stick-meta":"","header-below-stick-meta":"","astra-migrate-meta-layouts":"default","ast-page-background-enabled":"default","ast-page-background-meta":{"desktop":{"background-color":"var(--ast-global-color-4)","background-image":"","background-repeat":"repeat","background-position":"center center","background-size":"auto","background-attachment":"scroll","background-type":"","background-media":"","overlay-type":"","overlay-color":"","overlay-opacity":"","overlay-gradient":""},"tablet":{"background-color":"","background-image":"","background-repeat":"repeat","background-position":"center center","background-size":"auto","background-attachment":"scroll","background-type":"","background-media":"","overlay-type":"","overlay-color":"","overlay-opacity":"","overlay-gradient":""},"mobile":{"background-color":"","background-image":"","background-repeat":"repeat","background-position":"center center","background-size":"auto","background-attachment":"scroll","background-type":"","background-media":"","overlay-type":"","overlay-color":"","overlay-opacity":"","overlay-gradient":""}},"ast-content-background-meta":{"desktop":{"background-color":"var(--ast-global-color-5)","background-image":"","background-repeat":"repeat","background-position":"center center","background-size":"auto","background-attachment":"scroll","background-type":"","background-media":"","overlay-type":"","overlay-color":"","overlay-opacity":"","overlay-gradient":""},"tablet":{"background-color":"var(--ast-global-color-5)","background-image":"","background-repeat":"repeat","background-position":"center center","background-size":"auto","background-attachment":"scroll","background-type":"","background-media":"","overlay-type":"","overlay-color":"","overlay-opacity":"","overlay-gradient":""},"mobile":{"background-color":"var(--ast-global-color-5)","background-image":"","background-repeat":"repeat","background-position":"center center","background-size":"auto","background-attachment":"scroll","background-type":"","background-media":"","overlay-type":"","overlay-color":"","overlay-opacity":"","overlay-gradient":""}}},"product_brand":[],"product_cat":[17021,17020],"product_tag":[],"class_list":{"0":"post-90001312314521","1":"product","2":"type-product","3":"status-publish","4":"has-post-thumbnail","6":"product_cat-led-resenja","7":"product_cat-zastita-bezbednost-i-higijena","8":"desktop-align-left","9":"tablet-align-left","10":"mobile-align-left","12":"first","13":"instock","14":"shipping-taxable","15":"product-type-simple"},"_links":{"self":[{"href":"https:\/\/test.tksgroup.rs\/sr\/wp-json\/wp\/v2\/product\/90001312314521","targetHints":{"allow":["GET"]}}],"collection":[{"href":"https:\/\/test.tksgroup.rs\/sr\/wp-json\/wp\/v2\/product"}],"about":[{"href":"https:\/\/test.tksgroup.rs\/sr\/wp-json\/wp\/v2\/types\/product"}],"replies":[{"embeddable":true,"href":"https:\/\/test.tksgroup.rs\/sr\/wp-json\/wp\/v2\/comments?post=90001312314521"}],"wp:featuredmedia":[{"embeddable":true,"href":"https:\/\/test.tksgroup.rs\/sr\/wp-json\/wp\/v2\/media\/54003597"}],"wp:attachment":[{"href":"https:\/\/test.tksgroup.rs\/sr\/wp-json\/wp\/v2\/media?parent=90001312314521"}],"wp:term":[{"taxonomy":"product_brand","embeddable":true,"href":"https:\/\/test.tksgroup.rs\/sr\/wp-json\/wp\/v2\/product_brand?post=90001312314521"},{"taxonomy":"product_cat","embeddable":true,"href":"https:\/\/test.tksgroup.rs\/sr\/wp-json\/wp\/v2\/product_cat?post=90001312314521"},{"taxonomy":"product_tag","embeddable":true,"href":"https:\/\/test.tksgroup.rs\/sr\/wp-json\/wp\/v2\/product_tag?post=90001312314521"}],"curies":[{"name":"wp","href":"https:\/\/api.w.org\/{rel}","templated":true}]}}