{"id":90001312314529,"date":"2025-09-18T11:47:57","date_gmt":"2025-09-18T11:47:57","guid":{"rendered":"https:\/\/test.tksgroup.rs\/product\/senzor-svetlosne-zavese-i-60cm-led-sign-combo-za-i-povrsinu-do-24mk24m\/"},"modified":"2025-09-18T11:47:57","modified_gmt":"2025-09-18T11:47:57","slug":"senzor-svetlosne-zavese-i-60cm-led-sign-combo-za-i-povrsinu-do-24mk24m","status":"publish","type":"product","link":"https:\/\/test.tksgroup.rs\/sr\/\u043f\u0440\u043e\u0438\u0437\u0432\u043e\u0434\/senzor-svetlosne-zavese-i-60cm-led-sign-combo-za-i-povrsinu-do-24mk24m\/","title":{"rendered":"Senzor svetlosne zavese i 60cm LED Sign Combo (za i povr\u0161inu do 24Mk24M)."},"content":{"rendered":"<p>Dvostrani 60cm Znak na 2 jednostrano Gator odbora sa 2.5M LED. Be\u017ei\u010dni senzor pokreta \/ predajnik (6 amp napajanje) i be\u017ei\u010dni prijemnik (6 amp napajanje), 2.5M i 7.5M od 12V \u017eice, senzor zauzetosti i daljinski upravlja\u010d<br \/>\nDa upozori vozila pribli\u017eava niske<br \/>\niznad glave. <\/p>\n","protected":false},"excerpt":{"rendered":"<p>Senzor svetlosne zavese i 60cm LED Sign Combo (za i povr\u0161inu do 24Mk24M).<\/p>\n","protected":false},"featured_media":54007898,"comment_status":"open","ping_status":"closed","template":"","meta":{"site-sidebar-layout":"default","site-content-layout":"","ast-site-content-layout":"default","site-content-style":"default","site-sidebar-style":"default","ast-global-header-display":"","ast-banner-title-visibility":"","ast-main-header-display":"","ast-hfb-above-header-display":"","ast-hfb-below-header-display":"","ast-hfb-mobile-header-display":"","site-post-title":"","ast-breadcrumbs-content":"","ast-featured-img":"","footer-sml-layout":"","theme-transparent-header-meta":"default","adv-header-id-meta":"","stick-header-meta":"","header-above-stick-meta":"","header-main-stick-meta":"","header-below-stick-meta":"","astra-migrate-meta-layouts":"default","ast-page-background-enabled":"default","ast-page-background-meta":{"desktop":{"background-color":"var(--ast-global-color-4)","background-image":"","background-repeat":"repeat","background-position":"center center","background-size":"auto","background-attachment":"scroll","background-type":"","background-media":"","overlay-type":"","overlay-color":"","overlay-opacity":"","overlay-gradient":""},"tablet":{"background-color":"","background-image":"","background-repeat":"repeat","background-position":"center center","background-size":"auto","background-attachment":"scroll","background-type":"","background-media":"","overlay-type":"","overlay-color":"","overlay-opacity":"","overlay-gradient":""},"mobile":{"background-color":"","background-image":"","background-repeat":"repeat","background-position":"center center","background-size":"auto","background-attachment":"scroll","background-type":"","background-media":"","overlay-type":"","overlay-color":"","overlay-opacity":"","overlay-gradient":""}},"ast-content-background-meta":{"desktop":{"background-color":"var(--ast-global-color-5)","background-image":"","background-repeat":"repeat","background-position":"center center","background-size":"auto","background-attachment":"scroll","background-type":"","background-media":"","overlay-type":"","overlay-color":"","overlay-opacity":"","overlay-gradient":""},"tablet":{"background-color":"var(--ast-global-color-5)","background-image":"","background-repeat":"repeat","background-position":"center center","background-size":"auto","background-attachment":"scroll","background-type":"","background-media":"","overlay-type":"","overlay-color":"","overlay-opacity":"","overlay-gradient":""},"mobile":{"background-color":"var(--ast-global-color-5)","background-image":"","background-repeat":"repeat","background-position":"center center","background-size":"auto","background-attachment":"scroll","background-type":"","background-media":"","overlay-type":"","overlay-color":"","overlay-opacity":"","overlay-gradient":""}}},"product_brand":[],"product_cat":[17021,17020],"product_tag":[],"class_list":{"0":"post-90001312314529","1":"product","2":"type-product","3":"status-publish","4":"has-post-thumbnail","6":"product_cat-led-resenja","7":"product_cat-zastita-bezbednost-i-higijena","8":"desktop-align-left","9":"tablet-align-left","10":"mobile-align-left","12":"first","13":"instock","14":"shipping-taxable","15":"product-type-simple"},"_links":{"self":[{"href":"https:\/\/test.tksgroup.rs\/sr\/wp-json\/wp\/v2\/product\/90001312314529","targetHints":{"allow":["GET"]}}],"collection":[{"href":"https:\/\/test.tksgroup.rs\/sr\/wp-json\/wp\/v2\/product"}],"about":[{"href":"https:\/\/test.tksgroup.rs\/sr\/wp-json\/wp\/v2\/types\/product"}],"replies":[{"embeddable":true,"href":"https:\/\/test.tksgroup.rs\/sr\/wp-json\/wp\/v2\/comments?post=90001312314529"}],"wp:featuredmedia":[{"embeddable":true,"href":"https:\/\/test.tksgroup.rs\/sr\/wp-json\/wp\/v2\/media\/54007898"}],"wp:attachment":[{"href":"https:\/\/test.tksgroup.rs\/sr\/wp-json\/wp\/v2\/media?parent=90001312314529"}],"wp:term":[{"taxonomy":"product_brand","embeddable":true,"href":"https:\/\/test.tksgroup.rs\/sr\/wp-json\/wp\/v2\/product_brand?post=90001312314529"},{"taxonomy":"product_cat","embeddable":true,"href":"https:\/\/test.tksgroup.rs\/sr\/wp-json\/wp\/v2\/product_cat?post=90001312314529"},{"taxonomy":"product_tag","embeddable":true,"href":"https:\/\/test.tksgroup.rs\/sr\/wp-json\/wp\/v2\/product_tag?post=90001312314529"}],"curies":[{"name":"wp","href":"https:\/\/api.w.org\/{rel}","templated":true}]}}