{"id":90001312315987,"date":"2025-09-18T11:26:35","date_gmt":"2025-09-18T11:26:35","guid":{"rendered":"https:\/\/test.tksgroup.rs\/product\/secumax-564\/"},"modified":"2025-09-18T11:26:35","modified_gmt":"2025-09-18T11:26:35","slug":"secumax-564","status":"publish","type":"product","link":"https:\/\/test.tksgroup.rs\/sr\/\u043f\u0440\u043e\u0438\u0437\u0432\u043e\u0434\/secumax-564\/","title":{"rendered":"SECUMAX 564"},"content":{"rendered":"<p>SECUMAX 564 se odlikuje otvorom palca i izuzetno dugom ivicom, \u0161to tako\u0111e \u010dini idealnu potpornu povr\u0161inu. Ove sigurnosne makaze omogu\u0107avaju vam da u potpunosti kontroli\u0161ete svoj rad. \u0160tavi\u0161e, potrebno vam je manje rezova da biste zavr\u0161ili posao rezanja kartona, papira, filma, tkanine i jo\u0161 mnogo toga. Najve\u0107a sigurnost garantovana posebnim o\u0161trenjem reznih ivica i zaobljenim vrhovima.   <\/p>\n<p>Broj porud\u017ebine564001.00<br \/>\nGTIN4002632921322<br \/>\nJedinica za pakovanje1 na samouslu\u017enoj kartici<br \/>\n(10 makaza u vi\u0161estrukom pakovanju)<br \/>\nMerenja (D k \u0160 k V)218 k 12 k 82 mm<br \/>\nTe\u017eina proizvoda93 g<br \/>\nOsnovni materijalNer\u0111aju\u0107i \u010delik<\/p>\n","protected":false},"excerpt":{"rendered":"<p>\u2022 Izra\u0111en od ner\u0111aju\u0107eg \u010delika i plastike oja\u010dane<br \/>\n staklenim vlaknima\u2022 Du\u017eina<br \/>\n rezne ivice 80 mm\u2022 Posebno bru\u0161ene<br \/>\n, prednje zaobljene rezne ivice\u2022 Maksimalna bezbednost<br \/>\n na radu\u2022 Uklju\u010duju\u0107i mekani rukohvat i otvaranje palca <\/p>\n","protected":false},"featured_media":90001312312335,"comment_status":"open","ping_status":"closed","template":"","meta":{"site-sidebar-layout":"default","site-content-layout":"","ast-site-content-layout":"default","site-content-style":"default","site-sidebar-style":"default","ast-global-header-display":"","ast-banner-title-visibility":"","ast-main-header-display":"","ast-hfb-above-header-display":"","ast-hfb-below-header-display":"","ast-hfb-mobile-header-display":"","site-post-title":"","ast-breadcrumbs-content":"","ast-featured-img":"","footer-sml-layout":"","theme-transparent-header-meta":"default","adv-header-id-meta":"","stick-header-meta":"","header-above-stick-meta":"","header-main-stick-meta":"","header-below-stick-meta":"","astra-migrate-meta-layouts":"default","ast-page-background-enabled":"default","ast-page-background-meta":{"desktop":{"background-color":"var(--ast-global-color-4)","background-image":"","background-repeat":"repeat","background-position":"center center","background-size":"auto","background-attachment":"scroll","background-type":"","background-media":"","overlay-type":"","overlay-color":"","overlay-opacity":"","overlay-gradient":""},"tablet":{"background-color":"","background-image":"","background-repeat":"repeat","background-position":"center center","background-size":"auto","background-attachment":"scroll","background-type":"","background-media":"","overlay-type":"","overlay-color":"","overlay-opacity":"","overlay-gradient":""},"mobile":{"background-color":"","background-image":"","background-repeat":"repeat","background-position":"center center","background-size":"auto","background-attachment":"scroll","background-type":"","background-media":"","overlay-type":"","overlay-color":"","overlay-opacity":"","overlay-gradient":""}},"ast-content-background-meta":{"desktop":{"background-color":"var(--ast-global-color-5)","background-image":"","background-repeat":"repeat","background-position":"center center","background-size":"auto","background-attachment":"scroll","background-type":"","background-media":"","overlay-type":"","overlay-color":"","overlay-opacity":"","overlay-gradient":""},"tablet":{"background-color":"var(--ast-global-color-5)","background-image":"","background-repeat":"repeat","background-position":"center center","background-size":"auto","background-attachment":"scroll","background-type":"","background-media":"","overlay-type":"","overlay-color":"","overlay-opacity":"","overlay-gradient":""},"mobile":{"background-color":"var(--ast-global-color-5)","background-image":"","background-repeat":"repeat","background-position":"center center","background-size":"auto","background-attachment":"scroll","background-type":"","background-media":"","overlay-type":"","overlay-color":"","overlay-opacity":"","overlay-gradient":""}}},"product_brand":[],"product_cat":[17106,17020],"product_tag":[],"class_list":{"0":"post-90001312315987","1":"product","2":"type-product","3":"status-publish","4":"has-post-thumbnail","6":"product_cat-sigurnosni-skalperi-nozevi-i-makaze","7":"product_cat-zastita-bezbednost-i-higijena","8":"desktop-align-left","9":"tablet-align-left","10":"mobile-align-left","12":"first","13":"instock","14":"shipping-taxable","15":"product-type-simple"},"_links":{"self":[{"href":"https:\/\/test.tksgroup.rs\/sr\/wp-json\/wp\/v2\/product\/90001312315987","targetHints":{"allow":["GET"]}}],"collection":[{"href":"https:\/\/test.tksgroup.rs\/sr\/wp-json\/wp\/v2\/product"}],"about":[{"href":"https:\/\/test.tksgroup.rs\/sr\/wp-json\/wp\/v2\/types\/product"}],"replies":[{"embeddable":true,"href":"https:\/\/test.tksgroup.rs\/sr\/wp-json\/wp\/v2\/comments?post=90001312315987"}],"wp:featuredmedia":[{"embeddable":true,"href":"https:\/\/test.tksgroup.rs\/sr\/wp-json\/wp\/v2\/media\/90001312312335"}],"wp:attachment":[{"href":"https:\/\/test.tksgroup.rs\/sr\/wp-json\/wp\/v2\/media?parent=90001312315987"}],"wp:term":[{"taxonomy":"product_brand","embeddable":true,"href":"https:\/\/test.tksgroup.rs\/sr\/wp-json\/wp\/v2\/product_brand?post=90001312315987"},{"taxonomy":"product_cat","embeddable":true,"href":"https:\/\/test.tksgroup.rs\/sr\/wp-json\/wp\/v2\/product_cat?post=90001312315987"},{"taxonomy":"product_tag","embeddable":true,"href":"https:\/\/test.tksgroup.rs\/sr\/wp-json\/wp\/v2\/product_tag?post=90001312315987"}],"curies":[{"name":"wp","href":"https:\/\/api.w.org\/{rel}","templated":true}]}}