{"id":90001312315989,"date":"2025-09-18T11:26:45","date_gmt":"2025-09-18T11:26:45","guid":{"rendered":"https:\/\/test.tksgroup.rs\/product\/secunorm-525\/"},"modified":"2025-09-18T11:26:45","modified_gmt":"2025-09-18T11:26:45","slug":"secunorm-525","status":"publish","type":"product","link":"https:\/\/test.tksgroup.rs\/sr\/\u043f\u0440\u043e\u0438\u0437\u0432\u043e\u0434\/secunorm-525\/","title":{"rendered":"SECUNORM 525"},"content":{"rendered":"<p>SECUNORM 525 je jednostavan sigurnosni no\u017e u svakom pogledu. Ergonomska aluminijumska ru\u010dka \u010dvrsto i udobno le\u017ei u ruci. Njegov robustan dizajn i velika dubina se\u010denja do 21 mm zna\u010di da SECUNORM 525 lako upravlja razli\u010ditim materijalima za rezanje, na primer troslojnim kartonom. Neometan pogled na se\u010divo tako\u0111e vam omogu\u0107ava da se\u010dete posebno precizno. U svakom zadatku, dokazano automatsko uvla\u010denje no\u017ea \u0161titi vas od povreda rezanja.<br \/>\nBroj porud\u017ebine: 52500410.02<br \/>\nGTIN: 4002632801785<br \/>\nJedinica za pakovanje: 1 u kutiji sa jednom jedinicom (10 no\u017eeva u vi\u0161estrukom pakovanju)<br \/>\n Merenja: (D k \u0160 k V)143 k 17 k 31 mm<br \/>\nTe\u017eina proizvoda: 81 g<br \/>\nDubina se\u010denja: 21 mm<br \/>\nOsnovni materijal: Aluminijum<br \/>\nZamenska o\u0161trica:<br \/>\n Jedinica za pakovanje: TRAPEZOID BLADE BR. 99<br \/>\n10 u dozatoru    <\/p>\n","protected":false},"excerpt":{"rendered":"<p>SECUNORM 525 je jednostavan sigurnosni no\u017e u svakom pogledu. Ergonomska aluminijumska ru\u010dka \u010dvrsto i udobno le\u017ei u ruci. Njegov robustan dizajn i velika dubina se\u010denja do 21 mm zna\u010di da SECUNORM 525 lako upravlja razli\u010ditim materijalima za rezanje, na primer troslojnim kartonom. Neometan pogled na se\u010divo tako\u0111e vam omogu\u0107ava da se\u010dete posebno precizno. U svakom zadatku, dokazano automatsko uvla\u010denje no\u017ea \u0161titi vas od povreda rezanja. Broj porud\u017ebine: 52500410.02 GTIN: 4002632801785 Jedinica za pakovanje: 1 u kutiji sa jednom jedinicom (10 no\u017eeva u vi\u0161estrukom pakovanju) Merenja: (D k \u0160 k V)143 k 17 k 31 mm Te\u017eina proizvoda: 81 g Dubina se\u010denja: 21 mm Osnovni materijal: Aluminijum Zamenska o\u0161trica: Jedinica za pakovanje: TRAPEZOID BLADE BR. 99 10 u dozatoru<\/p>\n","protected":false},"featured_media":90001312312354,"comment_status":"open","ping_status":"closed","template":"","meta":{"site-sidebar-layout":"default","site-content-layout":"","ast-site-content-layout":"default","site-content-style":"default","site-sidebar-style":"default","ast-global-header-display":"","ast-banner-title-visibility":"","ast-main-header-display":"","ast-hfb-above-header-display":"","ast-hfb-below-header-display":"","ast-hfb-mobile-header-display":"","site-post-title":"","ast-breadcrumbs-content":"","ast-featured-img":"","footer-sml-layout":"","theme-transparent-header-meta":"default","adv-header-id-meta":"","stick-header-meta":"","header-above-stick-meta":"","header-main-stick-meta":"","header-below-stick-meta":"","astra-migrate-meta-layouts":"default","ast-page-background-enabled":"default","ast-page-background-meta":{"desktop":{"background-color":"var(--ast-global-color-4)","background-image":"","background-repeat":"repeat","background-position":"center center","background-size":"auto","background-attachment":"scroll","background-type":"","background-media":"","overlay-type":"","overlay-color":"","overlay-opacity":"","overlay-gradient":""},"tablet":{"background-color":"","background-image":"","background-repeat":"repeat","background-position":"center center","background-size":"auto","background-attachment":"scroll","background-type":"","background-media":"","overlay-type":"","overlay-color":"","overlay-opacity":"","overlay-gradient":""},"mobile":{"background-color":"","background-image":"","background-repeat":"repeat","background-position":"center center","background-size":"auto","background-attachment":"scroll","background-type":"","background-media":"","overlay-type":"","overlay-color":"","overlay-opacity":"","overlay-gradient":""}},"ast-content-background-meta":{"desktop":{"background-color":"var(--ast-global-color-5)","background-image":"","background-repeat":"repeat","background-position":"center center","background-size":"auto","background-attachment":"scroll","background-type":"","background-media":"","overlay-type":"","overlay-color":"","overlay-opacity":"","overlay-gradient":""},"tablet":{"background-color":"var(--ast-global-color-5)","background-image":"","background-repeat":"repeat","background-position":"center center","background-size":"auto","background-attachment":"scroll","background-type":"","background-media":"","overlay-type":"","overlay-color":"","overlay-opacity":"","overlay-gradient":""},"mobile":{"background-color":"var(--ast-global-color-5)","background-image":"","background-repeat":"repeat","background-position":"center center","background-size":"auto","background-attachment":"scroll","background-type":"","background-media":"","overlay-type":"","overlay-color":"","overlay-opacity":"","overlay-gradient":""}}},"product_brand":[],"product_cat":[17106,17020],"product_tag":[],"class_list":{"0":"post-90001312315989","1":"product","2":"type-product","3":"status-publish","4":"has-post-thumbnail","6":"product_cat-sigurnosni-skalperi-nozevi-i-makaze","7":"product_cat-zastita-bezbednost-i-higijena","8":"desktop-align-left","9":"tablet-align-left","10":"mobile-align-left","12":"first","13":"instock","14":"shipping-taxable","15":"product-type-simple"},"_links":{"self":[{"href":"https:\/\/test.tksgroup.rs\/sr\/wp-json\/wp\/v2\/product\/90001312315989","targetHints":{"allow":["GET"]}}],"collection":[{"href":"https:\/\/test.tksgroup.rs\/sr\/wp-json\/wp\/v2\/product"}],"about":[{"href":"https:\/\/test.tksgroup.rs\/sr\/wp-json\/wp\/v2\/types\/product"}],"replies":[{"embeddable":true,"href":"https:\/\/test.tksgroup.rs\/sr\/wp-json\/wp\/v2\/comments?post=90001312315989"}],"wp:featuredmedia":[{"embeddable":true,"href":"https:\/\/test.tksgroup.rs\/sr\/wp-json\/wp\/v2\/media\/90001312312354"}],"wp:attachment":[{"href":"https:\/\/test.tksgroup.rs\/sr\/wp-json\/wp\/v2\/media?parent=90001312315989"}],"wp:term":[{"taxonomy":"product_brand","embeddable":true,"href":"https:\/\/test.tksgroup.rs\/sr\/wp-json\/wp\/v2\/product_brand?post=90001312315989"},{"taxonomy":"product_cat","embeddable":true,"href":"https:\/\/test.tksgroup.rs\/sr\/wp-json\/wp\/v2\/product_cat?post=90001312315989"},{"taxonomy":"product_tag","embeddable":true,"href":"https:\/\/test.tksgroup.rs\/sr\/wp-json\/wp\/v2\/product_tag?post=90001312315989"}],"curies":[{"name":"wp","href":"https:\/\/api.w.org\/{rel}","templated":true}]}}