{"id":90001312315991,"date":"2025-09-18T11:26:46","date_gmt":"2025-09-18T11:26:46","guid":{"rendered":"https:\/\/test.tksgroup.rs\/product\/secunorm-380\/"},"modified":"2025-09-18T11:26:46","modified_gmt":"2025-09-18T11:26:46","slug":"secunorm-380","status":"publish","type":"product","link":"https:\/\/test.tksgroup.rs\/sr\/\u043f\u0440\u043e\u0438\u0437\u0432\u043e\u0434\/secunorm-380\/","title":{"rendered":"SECUNORM 380"},"content":{"rendered":"<p>Sigurnosni no\u017e sa dugom o\u0161tricom? Ovo je kontradikcija termina ve\u0107 dugo vremena. Do sada. SECUNORM KSNUMKS je prvi sigurnosni no\u017e \u0161irom sveta sa automatskim uvla\u010denjem se\u010diva i du\u017einom produ\u017eetka se\u010diva od skoro KSNUMKS cm. Ako tra\u017eite alternativu niskog rizika uobi\u010dajenom reza\u010du fiksne o\u0161trice, evo va\u0161eg odgovora. Kao dodatnu sigurnosnu funkciju, uklju\u010dili smo bravu za transport, kako bismo onemogu\u0107ili bilo kakvu nenamernu aktivnost se\u010diva.     <\/p>\n<p>Broj poruke: KSNUMKS<br \/>\nGTIN: 4002632921100<br \/>\nJedinica za pakovanje: KSNUMKS u kutiji sa jednom jedinicom (KSNUMKS no\u017eevi u vi\u0161estrukom pakovanju)<br \/>\n Merenja: (D k \u0160 k V) KSNUMKS k KSNUMKS k KSNUMKS mm<br \/>\nTe\u017eina proizvoda: KSNUMKS g<br \/>\nDubina se\u010denja: KSNUMKS mm<br \/>\nOsnovni materijal: plastika oja\u010dana<br \/>\nstaklenim vlaknima Zamenska o\u0161trica<br \/>\nJedinica za pakovanje: STIROPOR BLADE NO. KSNUMKS KSNUMKS u prozirnom pakovanju<\/p>\n","protected":false},"excerpt":{"rendered":"<p>\u2022 Izra\u0111ena od plastike oja\u010dane staklenim vlaknima \u2022 Dubina se\u010denja od 73 mm, alternativno sa nazubljenom o\u0161tricom (br. 379) \u2022 Automatsko uvla\u010denje se\u010diva \u2022 Visoka bezbednost na radu \u2022 Uklju\u010duju\u0107i mekani rukohvat, veliki kliza\u010d i sigurnosnu bravu \u2022 Idealno za deblje materijale (pena, polistiren, itd.) i jo\u0161 mnogo toga <\/p>\n","protected":false},"featured_media":90001312312358,"comment_status":"open","ping_status":"closed","template":"","meta":{"site-sidebar-layout":"default","site-content-layout":"","ast-site-content-layout":"default","site-content-style":"default","site-sidebar-style":"default","ast-global-header-display":"","ast-banner-title-visibility":"","ast-main-header-display":"","ast-hfb-above-header-display":"","ast-hfb-below-header-display":"","ast-hfb-mobile-header-display":"","site-post-title":"","ast-breadcrumbs-content":"","ast-featured-img":"","footer-sml-layout":"","theme-transparent-header-meta":"default","adv-header-id-meta":"","stick-header-meta":"","header-above-stick-meta":"","header-main-stick-meta":"","header-below-stick-meta":"","astra-migrate-meta-layouts":"default","ast-page-background-enabled":"default","ast-page-background-meta":{"desktop":{"background-color":"var(--ast-global-color-4)","background-image":"","background-repeat":"repeat","background-position":"center center","background-size":"auto","background-attachment":"scroll","background-type":"","background-media":"","overlay-type":"","overlay-color":"","overlay-opacity":"","overlay-gradient":""},"tablet":{"background-color":"","background-image":"","background-repeat":"repeat","background-position":"center center","background-size":"auto","background-attachment":"scroll","background-type":"","background-media":"","overlay-type":"","overlay-color":"","overlay-opacity":"","overlay-gradient":""},"mobile":{"background-color":"","background-image":"","background-repeat":"repeat","background-position":"center center","background-size":"auto","background-attachment":"scroll","background-type":"","background-media":"","overlay-type":"","overlay-color":"","overlay-opacity":"","overlay-gradient":""}},"ast-content-background-meta":{"desktop":{"background-color":"var(--ast-global-color-5)","background-image":"","background-repeat":"repeat","background-position":"center center","background-size":"auto","background-attachment":"scroll","background-type":"","background-media":"","overlay-type":"","overlay-color":"","overlay-opacity":"","overlay-gradient":""},"tablet":{"background-color":"var(--ast-global-color-5)","background-image":"","background-repeat":"repeat","background-position":"center center","background-size":"auto","background-attachment":"scroll","background-type":"","background-media":"","overlay-type":"","overlay-color":"","overlay-opacity":"","overlay-gradient":""},"mobile":{"background-color":"var(--ast-global-color-5)","background-image":"","background-repeat":"repeat","background-position":"center center","background-size":"auto","background-attachment":"scroll","background-type":"","background-media":"","overlay-type":"","overlay-color":"","overlay-opacity":"","overlay-gradient":""}}},"product_brand":[],"product_cat":[17106,17020],"product_tag":[],"class_list":{"0":"post-90001312315991","1":"product","2":"type-product","3":"status-publish","4":"has-post-thumbnail","6":"product_cat-sigurnosni-skalperi-nozevi-i-makaze","7":"product_cat-zastita-bezbednost-i-higijena","8":"desktop-align-left","9":"tablet-align-left","10":"mobile-align-left","12":"first","13":"instock","14":"shipping-taxable","15":"product-type-simple"},"_links":{"self":[{"href":"https:\/\/test.tksgroup.rs\/sr\/wp-json\/wp\/v2\/product\/90001312315991","targetHints":{"allow":["GET"]}}],"collection":[{"href":"https:\/\/test.tksgroup.rs\/sr\/wp-json\/wp\/v2\/product"}],"about":[{"href":"https:\/\/test.tksgroup.rs\/sr\/wp-json\/wp\/v2\/types\/product"}],"replies":[{"embeddable":true,"href":"https:\/\/test.tksgroup.rs\/sr\/wp-json\/wp\/v2\/comments?post=90001312315991"}],"wp:featuredmedia":[{"embeddable":true,"href":"https:\/\/test.tksgroup.rs\/sr\/wp-json\/wp\/v2\/media\/90001312312358"}],"wp:attachment":[{"href":"https:\/\/test.tksgroup.rs\/sr\/wp-json\/wp\/v2\/media?parent=90001312315991"}],"wp:term":[{"taxonomy":"product_brand","embeddable":true,"href":"https:\/\/test.tksgroup.rs\/sr\/wp-json\/wp\/v2\/product_brand?post=90001312315991"},{"taxonomy":"product_cat","embeddable":true,"href":"https:\/\/test.tksgroup.rs\/sr\/wp-json\/wp\/v2\/product_cat?post=90001312315991"},{"taxonomy":"product_tag","embeddable":true,"href":"https:\/\/test.tksgroup.rs\/sr\/wp-json\/wp\/v2\/product_tag?post=90001312315991"}],"curies":[{"name":"wp","href":"https:\/\/api.w.org\/{rel}","templated":true}]}}