{"id":90001312315993,"date":"2025-09-18T11:26:47","date_gmt":"2025-09-18T11:26:47","guid":{"rendered":"https:\/\/test.tksgroup.rs\/product\/secunorm-mizar\/"},"modified":"2025-09-18T11:26:47","modified_gmt":"2025-09-18T11:26:47","slug":"secunorm-mizar","status":"publish","type":"product","link":"https:\/\/test.tksgroup.rs\/sr\/\u043f\u0440\u043e\u0438\u0437\u0432\u043e\u0434\/secunorm-mizar\/","title":{"rendered":"SECUNORM MIZAR"},"content":{"rendered":"<p>Tanki SECUNORM MIZAR je va\u0161 ulaz u na\u0161 svet kvalitetnih no\u017eeva za stiskanje. Umesto kliza\u010da, poluga je odgovorna za osloba\u0111anje se\u010diva. Stisnite i ise\u010dete. Zahvaljuju\u0107i relativno velikoj dubini se\u010denja, ovaj sigurnosni no\u017e mo\u017eete koristiti za rezanje svih uobi\u010dajenih materijala za rezanje. Efikasno. Njegova vitka, jednostavna forma, istovremeno omogu\u0107ava \u0161irok spektar stilova rezanja. Ru\u010dka oja\u010dana fiberglasom sadr\u017ei najmanje 80% reciklirane plastike.      <\/p>\n<p>Broj porud\u017ebine: 125001.02<br \/>\nGTIN: 4002632920790<br \/>\nJedinica za pakovanje: 1 u kutiji sa jednom jedinicom (10 no\u017eeva u vi\u0161estrukom pakovanju)<br \/>\n Merenja: (D k \u0160 k V)139 k 15.6 k 50.5 mm<br \/>\nTe\u017eina proizvoda: 55 g<br \/>\nDubina se\u010denja: 15 mm<br \/>\nOsnovni materijal: Reciklirana plastika, oja\u010dana<br \/>\nstaklenim vlaknima Zamenska o\u0161trica<br \/>\nJedinica za pakovanje: TRAPEZOID BLADE NO. 5232 10 u dozatoru<\/p>\n","protected":false},"excerpt":{"rendered":"<p>\u2022 Izra\u0111en od reciklirane plastike (najmanje 80%)<br \/>\n\u2022 Dubina<br \/>\n se\u010denja od 15 mm\u2022 Automatsko uvla\u010denje<br \/>\n se\u010diva\u2022 Visoka sigurnost<br \/>\n na radu\u2022 Uklju\u010duju\u0107i glatku polugu i sigurnosnu bravu<br \/>\n\u2022 Idealan za karton do 3 sloja i jo\u0161 mnogo toga <\/p>\n","protected":false},"featured_media":90001312312360,"comment_status":"open","ping_status":"closed","template":"","meta":{"site-sidebar-layout":"default","site-content-layout":"","ast-site-content-layout":"default","site-content-style":"default","site-sidebar-style":"default","ast-global-header-display":"","ast-banner-title-visibility":"","ast-main-header-display":"","ast-hfb-above-header-display":"","ast-hfb-below-header-display":"","ast-hfb-mobile-header-display":"","site-post-title":"","ast-breadcrumbs-content":"","ast-featured-img":"","footer-sml-layout":"","theme-transparent-header-meta":"default","adv-header-id-meta":"","stick-header-meta":"","header-above-stick-meta":"","header-main-stick-meta":"","header-below-stick-meta":"","astra-migrate-meta-layouts":"default","ast-page-background-enabled":"default","ast-page-background-meta":{"desktop":{"background-color":"var(--ast-global-color-4)","background-image":"","background-repeat":"repeat","background-position":"center center","background-size":"auto","background-attachment":"scroll","background-type":"","background-media":"","overlay-type":"","overlay-color":"","overlay-opacity":"","overlay-gradient":""},"tablet":{"background-color":"","background-image":"","background-repeat":"repeat","background-position":"center center","background-size":"auto","background-attachment":"scroll","background-type":"","background-media":"","overlay-type":"","overlay-color":"","overlay-opacity":"","overlay-gradient":""},"mobile":{"background-color":"","background-image":"","background-repeat":"repeat","background-position":"center center","background-size":"auto","background-attachment":"scroll","background-type":"","background-media":"","overlay-type":"","overlay-color":"","overlay-opacity":"","overlay-gradient":""}},"ast-content-background-meta":{"desktop":{"background-color":"var(--ast-global-color-5)","background-image":"","background-repeat":"repeat","background-position":"center center","background-size":"auto","background-attachment":"scroll","background-type":"","background-media":"","overlay-type":"","overlay-color":"","overlay-opacity":"","overlay-gradient":""},"tablet":{"background-color":"var(--ast-global-color-5)","background-image":"","background-repeat":"repeat","background-position":"center center","background-size":"auto","background-attachment":"scroll","background-type":"","background-media":"","overlay-type":"","overlay-color":"","overlay-opacity":"","overlay-gradient":""},"mobile":{"background-color":"var(--ast-global-color-5)","background-image":"","background-repeat":"repeat","background-position":"center center","background-size":"auto","background-attachment":"scroll","background-type":"","background-media":"","overlay-type":"","overlay-color":"","overlay-opacity":"","overlay-gradient":""}}},"product_brand":[],"product_cat":[17106,17020],"product_tag":[],"class_list":{"0":"post-90001312315993","1":"product","2":"type-product","3":"status-publish","4":"has-post-thumbnail","6":"product_cat-sigurnosni-skalperi-nozevi-i-makaze","7":"product_cat-zastita-bezbednost-i-higijena","8":"desktop-align-left","9":"tablet-align-left","10":"mobile-align-left","12":"first","13":"instock","14":"shipping-taxable","15":"product-type-simple"},"_links":{"self":[{"href":"https:\/\/test.tksgroup.rs\/sr\/wp-json\/wp\/v2\/product\/90001312315993","targetHints":{"allow":["GET"]}}],"collection":[{"href":"https:\/\/test.tksgroup.rs\/sr\/wp-json\/wp\/v2\/product"}],"about":[{"href":"https:\/\/test.tksgroup.rs\/sr\/wp-json\/wp\/v2\/types\/product"}],"replies":[{"embeddable":true,"href":"https:\/\/test.tksgroup.rs\/sr\/wp-json\/wp\/v2\/comments?post=90001312315993"}],"wp:featuredmedia":[{"embeddable":true,"href":"https:\/\/test.tksgroup.rs\/sr\/wp-json\/wp\/v2\/media\/90001312312360"}],"wp:attachment":[{"href":"https:\/\/test.tksgroup.rs\/sr\/wp-json\/wp\/v2\/media?parent=90001312315993"}],"wp:term":[{"taxonomy":"product_brand","embeddable":true,"href":"https:\/\/test.tksgroup.rs\/sr\/wp-json\/wp\/v2\/product_brand?post=90001312315993"},{"taxonomy":"product_cat","embeddable":true,"href":"https:\/\/test.tksgroup.rs\/sr\/wp-json\/wp\/v2\/product_cat?post=90001312315993"},{"taxonomy":"product_tag","embeddable":true,"href":"https:\/\/test.tksgroup.rs\/sr\/wp-json\/wp\/v2\/product_tag?post=90001312315993"}],"curies":[{"name":"wp","href":"https:\/\/api.w.org\/{rel}","templated":true}]}}