{"id":90001312315995,"date":"2025-09-18T11:26:47","date_gmt":"2025-09-18T11:26:47","guid":{"rendered":"https:\/\/test.tksgroup.rs\/product\/secunorm-175\/"},"modified":"2025-09-18T11:26:47","modified_gmt":"2025-09-18T11:26:47","slug":"secunorm-175","status":"publish","type":"product","link":"https:\/\/test.tksgroup.rs\/sr\/\u043f\u0440\u043e\u0438\u0437\u0432\u043e\u0434\/secunorm-175\/","title":{"rendered":"SECUNORM 175"},"content":{"rendered":"<p>SECUNORM 175 oboga\u0107uje na\u0161 asortiman popularnih malih seka\u010da kutija. Njegove jedinstvene karakteristike uklju\u010duju pametno dizajniran i neverovatno jednostavan sistem za promenu se\u010diva. Ostali naglasci uklju\u010duju ergonomsku ru\u010dku, dvostrani kliza\u010d i sve\u017e dizajn. SECUNORM 175 je svestran alat za rezanje koji osim kartonskih kutija, tako\u0111e savladava torbe, filmove i trake.   <\/p>\n<p>Broj porud\u017ebine: 175001.02<br \/>\nGTIN: 4002632921087<br \/>\nJedinica za pakovanje: 1 u kutiji sa jednom jedinicom (20 no\u017eeva u vi\u0161estrukom pakovanju)<br \/>\n Merenja (D k \u0160 k V)109.5 k 13.5 k 34 mm<br \/>\nTe\u017eina proizvoda: 31 g<br \/>\nDubina se\u010denja: 10 mm<br \/>\nOsnovni materijal: Plastika oja\u010dana<br \/>\nstaklenim vlaknima Zamenska o\u0161trica<br \/>\nJedinica za pakovanje: INDUSTRIAL BLADE BR. 4510 u prozirnom pakovanju<\/p>\n","protected":false},"excerpt":{"rendered":"<p>SECUNORM 175 oboga\u0107uje na\u0161 asortiman popularnih malih seka\u010da kutija. Njegove jedinstvene karakteristike uklju\u010duju pametno dizajniran i neverovatno jednostavan sistem za promenu se\u010diva. Ostali naglasci uklju\u010duju ergonomsku ru\u010dku, dvostrani kliza\u010d i sve\u017e dizajn. SECUNORM 175 je svestran alat za rezanje koji osim kartonskih kutija, tako\u0111e savladava torbe, filmove i trake. Broj porud\u017ebine: 175001.02 GTIN: 4002632921087 Jedinica za pakovanje: 1 u kutiji sa jednom jedinicom (20 no\u017eeva u vi\u0161estrukom pakovanju) Merenja (D k \u0160 k V)109.5 k 13.5 k 34 mm Te\u017eina proizvoda: 31 g Dubina se\u010denja: 10 mm Osnovni materijal: Plastika oja\u010dana staklenim vlaknima Zamenska o\u0161trica Jedinica za pakovanje: INDUSTRIAL BLADE BR. 4510 u prozirnom pakovanju<\/p>\n","protected":false},"featured_media":90001312312362,"comment_status":"open","ping_status":"closed","template":"","meta":{"site-sidebar-layout":"default","site-content-layout":"","ast-site-content-layout":"default","site-content-style":"default","site-sidebar-style":"default","ast-global-header-display":"","ast-banner-title-visibility":"","ast-main-header-display":"","ast-hfb-above-header-display":"","ast-hfb-below-header-display":"","ast-hfb-mobile-header-display":"","site-post-title":"","ast-breadcrumbs-content":"","ast-featured-img":"","footer-sml-layout":"","theme-transparent-header-meta":"default","adv-header-id-meta":"","stick-header-meta":"","header-above-stick-meta":"","header-main-stick-meta":"","header-below-stick-meta":"","astra-migrate-meta-layouts":"default","ast-page-background-enabled":"default","ast-page-background-meta":{"desktop":{"background-color":"var(--ast-global-color-4)","background-image":"","background-repeat":"repeat","background-position":"center center","background-size":"auto","background-attachment":"scroll","background-type":"","background-media":"","overlay-type":"","overlay-color":"","overlay-opacity":"","overlay-gradient":""},"tablet":{"background-color":"","background-image":"","background-repeat":"repeat","background-position":"center center","background-size":"auto","background-attachment":"scroll","background-type":"","background-media":"","overlay-type":"","overlay-color":"","overlay-opacity":"","overlay-gradient":""},"mobile":{"background-color":"","background-image":"","background-repeat":"repeat","background-position":"center center","background-size":"auto","background-attachment":"scroll","background-type":"","background-media":"","overlay-type":"","overlay-color":"","overlay-opacity":"","overlay-gradient":""}},"ast-content-background-meta":{"desktop":{"background-color":"var(--ast-global-color-5)","background-image":"","background-repeat":"repeat","background-position":"center center","background-size":"auto","background-attachment":"scroll","background-type":"","background-media":"","overlay-type":"","overlay-color":"","overlay-opacity":"","overlay-gradient":""},"tablet":{"background-color":"var(--ast-global-color-5)","background-image":"","background-repeat":"repeat","background-position":"center center","background-size":"auto","background-attachment":"scroll","background-type":"","background-media":"","overlay-type":"","overlay-color":"","overlay-opacity":"","overlay-gradient":""},"mobile":{"background-color":"var(--ast-global-color-5)","background-image":"","background-repeat":"repeat","background-position":"center center","background-size":"auto","background-attachment":"scroll","background-type":"","background-media":"","overlay-type":"","overlay-color":"","overlay-opacity":"","overlay-gradient":""}}},"product_brand":[],"product_cat":[17106,17020],"product_tag":[],"class_list":{"0":"post-90001312315995","1":"product","2":"type-product","3":"status-publish","4":"has-post-thumbnail","6":"product_cat-sigurnosni-skalperi-nozevi-i-makaze","7":"product_cat-zastita-bezbednost-i-higijena","8":"desktop-align-left","9":"tablet-align-left","10":"mobile-align-left","12":"first","13":"instock","14":"shipping-taxable","15":"product-type-simple"},"_links":{"self":[{"href":"https:\/\/test.tksgroup.rs\/sr\/wp-json\/wp\/v2\/product\/90001312315995","targetHints":{"allow":["GET"]}}],"collection":[{"href":"https:\/\/test.tksgroup.rs\/sr\/wp-json\/wp\/v2\/product"}],"about":[{"href":"https:\/\/test.tksgroup.rs\/sr\/wp-json\/wp\/v2\/types\/product"}],"replies":[{"embeddable":true,"href":"https:\/\/test.tksgroup.rs\/sr\/wp-json\/wp\/v2\/comments?post=90001312315995"}],"wp:featuredmedia":[{"embeddable":true,"href":"https:\/\/test.tksgroup.rs\/sr\/wp-json\/wp\/v2\/media\/90001312312362"}],"wp:attachment":[{"href":"https:\/\/test.tksgroup.rs\/sr\/wp-json\/wp\/v2\/media?parent=90001312315995"}],"wp:term":[{"taxonomy":"product_brand","embeddable":true,"href":"https:\/\/test.tksgroup.rs\/sr\/wp-json\/wp\/v2\/product_brand?post=90001312315995"},{"taxonomy":"product_cat","embeddable":true,"href":"https:\/\/test.tksgroup.rs\/sr\/wp-json\/wp\/v2\/product_cat?post=90001312315995"},{"taxonomy":"product_tag","embeddable":true,"href":"https:\/\/test.tksgroup.rs\/sr\/wp-json\/wp\/v2\/product_tag?post=90001312315995"}],"curies":[{"name":"wp","href":"https:\/\/api.w.org\/{rel}","templated":true}]}}