{"id":90001312316005,"date":"2025-09-18T11:26:44","date_gmt":"2025-09-18T11:26:44","guid":{"rendered":"https:\/\/test.tksgroup.rs\/product\/secunorm-300\/"},"modified":"2025-09-18T11:26:44","modified_gmt":"2025-09-18T11:26:44","slug":"secunorm-300","status":"publish","type":"product","link":"https:\/\/test.tksgroup.rs\/sr\/\u043f\u0440\u043e\u0438\u0437\u0432\u043e\u0434\/secunorm-300\/","title":{"rendered":"SECUNORM 300"},"content":{"rendered":"<p>SECUNORM 300 je lagana alternativa SECUNORM 500. Ku\u0107i\u0161te ru\u010dke sadr\u017ei najmanje 60% reciklirane plastike i oja\u010dano je staklenim vlaknima. To zna\u010di da je svestrani no\u017e spreman za bilo koji broj rezova kroz karton, film itd. A i ti si! Zato \u0161to se ergonomski dizajn SECUNORM 300 ose\u0107a udobno \u010dak i nakon dugog dana se\u010denja. Automatsko uvla\u010denje se\u010diva vas \u0161titi, a se\u010divo se brzo menja.     <\/p>\n<p>Broj porud\u017ebine: 30000210.02<br \/>\nGTIN: 4002632804519<br \/>\nJedinica pakovanja: 1 u kutiji sa jednom jedinicom (10 no\u017eeva u vi\u0161estrukom pakovanju)<br \/>\n Merenje: (D k \u0160 k V) 143 k 16 k 36 mm<br \/>\nTe\u017eina proizvoda: 52 g<br \/>\nDubina se\u010denja: 9 mm<br \/>\nOsnovni materijal: Reciklirana plastika, oja\u010dana staklenim vlaknima Zamena se\u010diva<br \/>\nJedinica za pakovanje: TRAPEZOID BLADE BR. 6523210 u dozatoru<\/p>\n","protected":false},"excerpt":{"rendered":"<p>\u2022 Izra\u0111ena od reciklirane plastike (najmanje 60%) \u2022 Dubina se\u010denja od 5 mm \u2022 Automatsko uvla\u010denje se\u010diva \u2022 Visoka bezbednost na radu i veoma visoka za\u0161tita robe \u2022 Uklju\u010duju\u0107i mekani rukohvat i dvostrani kliza\u010d <\/p>\n","protected":false},"featured_media":90001312312352,"comment_status":"open","ping_status":"closed","template":"","meta":{"site-sidebar-layout":"default","site-content-layout":"","ast-site-content-layout":"default","site-content-style":"default","site-sidebar-style":"default","ast-global-header-display":"","ast-banner-title-visibility":"","ast-main-header-display":"","ast-hfb-above-header-display":"","ast-hfb-below-header-display":"","ast-hfb-mobile-header-display":"","site-post-title":"","ast-breadcrumbs-content":"","ast-featured-img":"","footer-sml-layout":"","theme-transparent-header-meta":"default","adv-header-id-meta":"","stick-header-meta":"","header-above-stick-meta":"","header-main-stick-meta":"","header-below-stick-meta":"","astra-migrate-meta-layouts":"default","ast-page-background-enabled":"default","ast-page-background-meta":{"desktop":{"background-color":"var(--ast-global-color-4)","background-image":"","background-repeat":"repeat","background-position":"center center","background-size":"auto","background-attachment":"scroll","background-type":"","background-media":"","overlay-type":"","overlay-color":"","overlay-opacity":"","overlay-gradient":""},"tablet":{"background-color":"","background-image":"","background-repeat":"repeat","background-position":"center center","background-size":"auto","background-attachment":"scroll","background-type":"","background-media":"","overlay-type":"","overlay-color":"","overlay-opacity":"","overlay-gradient":""},"mobile":{"background-color":"","background-image":"","background-repeat":"repeat","background-position":"center center","background-size":"auto","background-attachment":"scroll","background-type":"","background-media":"","overlay-type":"","overlay-color":"","overlay-opacity":"","overlay-gradient":""}},"ast-content-background-meta":{"desktop":{"background-color":"var(--ast-global-color-5)","background-image":"","background-repeat":"repeat","background-position":"center center","background-size":"auto","background-attachment":"scroll","background-type":"","background-media":"","overlay-type":"","overlay-color":"","overlay-opacity":"","overlay-gradient":""},"tablet":{"background-color":"var(--ast-global-color-5)","background-image":"","background-repeat":"repeat","background-position":"center center","background-size":"auto","background-attachment":"scroll","background-type":"","background-media":"","overlay-type":"","overlay-color":"","overlay-opacity":"","overlay-gradient":""},"mobile":{"background-color":"var(--ast-global-color-5)","background-image":"","background-repeat":"repeat","background-position":"center center","background-size":"auto","background-attachment":"scroll","background-type":"","background-media":"","overlay-type":"","overlay-color":"","overlay-opacity":"","overlay-gradient":""}}},"product_brand":[],"product_cat":[17106,17020],"product_tag":[],"class_list":{"0":"post-90001312316005","1":"product","2":"type-product","3":"status-publish","4":"has-post-thumbnail","6":"product_cat-sigurnosni-skalperi-nozevi-i-makaze","7":"product_cat-zastita-bezbednost-i-higijena","8":"desktop-align-left","9":"tablet-align-left","10":"mobile-align-left","12":"first","13":"instock","14":"shipping-taxable","15":"product-type-simple"},"_links":{"self":[{"href":"https:\/\/test.tksgroup.rs\/sr\/wp-json\/wp\/v2\/product\/90001312316005","targetHints":{"allow":["GET"]}}],"collection":[{"href":"https:\/\/test.tksgroup.rs\/sr\/wp-json\/wp\/v2\/product"}],"about":[{"href":"https:\/\/test.tksgroup.rs\/sr\/wp-json\/wp\/v2\/types\/product"}],"replies":[{"embeddable":true,"href":"https:\/\/test.tksgroup.rs\/sr\/wp-json\/wp\/v2\/comments?post=90001312316005"}],"wp:featuredmedia":[{"embeddable":true,"href":"https:\/\/test.tksgroup.rs\/sr\/wp-json\/wp\/v2\/media\/90001312312352"}],"wp:attachment":[{"href":"https:\/\/test.tksgroup.rs\/sr\/wp-json\/wp\/v2\/media?parent=90001312316005"}],"wp:term":[{"taxonomy":"product_brand","embeddable":true,"href":"https:\/\/test.tksgroup.rs\/sr\/wp-json\/wp\/v2\/product_brand?post=90001312316005"},{"taxonomy":"product_cat","embeddable":true,"href":"https:\/\/test.tksgroup.rs\/sr\/wp-json\/wp\/v2\/product_cat?post=90001312316005"},{"taxonomy":"product_tag","embeddable":true,"href":"https:\/\/test.tksgroup.rs\/sr\/wp-json\/wp\/v2\/product_tag?post=90001312316005"}],"curies":[{"name":"wp","href":"https:\/\/api.w.org\/{rel}","templated":true}]}}