{"id":90001312316007,"date":"2025-09-18T11:26:45","date_gmt":"2025-09-18T11:26:45","guid":{"rendered":"https:\/\/test.tksgroup.rs\/product\/secunorm-540\/"},"modified":"2025-09-18T11:26:45","modified_gmt":"2025-09-18T11:26:45","slug":"secunorm-540","status":"publish","type":"product","link":"https:\/\/test.tksgroup.rs\/sr\/\u043f\u0440\u043e\u0438\u0437\u0432\u043e\u0434\/secunorm-540\/","title":{"rendered":"SECUNORM 540"},"content":{"rendered":"<p>Sa dubinom se\u010denja do 36 mm, SECUNORM 540 je u polju za sebe. Sigurnosni no\u017e MARTOR pokazuje svoje impresivne prednosti posebno kod rezanja pene, polistirena, rolni papira i robe u vre\u0107ama. Za svu svoju specijalizaciju, njegova robusna i ergonomska aluminijumska ru\u010dka je laka za dr\u017eanje i pogodna za obe ruke. Dokazano automatsko uvla\u010denje se\u010diva \u0161titi vas od povreda rezanja.   <\/p>\n<p>Broj porud\u017ebine: 54000410.02<br \/>\nGTIN: 4002632801778<br \/>\nJedinica za pakovanje: 1 u kutiji sa jednom jedinicom (10 no\u017eeva u vi\u0161estrukom pakovanju)<br \/>\n Merenja: (D k \u0160 k V)143 k 17 k 31 mm<br \/>\nTe\u017eina proizvoda: 79 g<br \/>\nDubina se\u010denja: 36 mm<br \/>\nOsnovni materijal: Aluminijum<br \/>\nZamenska o\u0161trica<br \/>\nJedinica za pakovanje: STIROPOR BLADE BR. 7940 10 u prozirnom pakovanju<\/p>\n","protected":false},"excerpt":{"rendered":"<p>\u2022 Izra\u0111en od aluminijuma \u2022 Dubina se\u010denja od 36 mm \u2022 Automatsko uvla\u010denje se\u010diva \u2022 Visoka bezbednost na radu \u2022 Uklju\u010duju\u0107i veliki kliza\u010d \u2022 Idealan za deblje materijale (pena, polistiren, itd.) i jo\u0161 mnogo toga <\/p>\n","protected":false},"featured_media":90001312312356,"comment_status":"open","ping_status":"closed","template":"","meta":{"site-sidebar-layout":"default","site-content-layout":"","ast-site-content-layout":"default","site-content-style":"default","site-sidebar-style":"default","ast-global-header-display":"","ast-banner-title-visibility":"","ast-main-header-display":"","ast-hfb-above-header-display":"","ast-hfb-below-header-display":"","ast-hfb-mobile-header-display":"","site-post-title":"","ast-breadcrumbs-content":"","ast-featured-img":"","footer-sml-layout":"","theme-transparent-header-meta":"default","adv-header-id-meta":"","stick-header-meta":"","header-above-stick-meta":"","header-main-stick-meta":"","header-below-stick-meta":"","astra-migrate-meta-layouts":"default","ast-page-background-enabled":"default","ast-page-background-meta":{"desktop":{"background-color":"var(--ast-global-color-4)","background-image":"","background-repeat":"repeat","background-position":"center center","background-size":"auto","background-attachment":"scroll","background-type":"","background-media":"","overlay-type":"","overlay-color":"","overlay-opacity":"","overlay-gradient":""},"tablet":{"background-color":"","background-image":"","background-repeat":"repeat","background-position":"center center","background-size":"auto","background-attachment":"scroll","background-type":"","background-media":"","overlay-type":"","overlay-color":"","overlay-opacity":"","overlay-gradient":""},"mobile":{"background-color":"","background-image":"","background-repeat":"repeat","background-position":"center center","background-size":"auto","background-attachment":"scroll","background-type":"","background-media":"","overlay-type":"","overlay-color":"","overlay-opacity":"","overlay-gradient":""}},"ast-content-background-meta":{"desktop":{"background-color":"var(--ast-global-color-5)","background-image":"","background-repeat":"repeat","background-position":"center center","background-size":"auto","background-attachment":"scroll","background-type":"","background-media":"","overlay-type":"","overlay-color":"","overlay-opacity":"","overlay-gradient":""},"tablet":{"background-color":"var(--ast-global-color-5)","background-image":"","background-repeat":"repeat","background-position":"center center","background-size":"auto","background-attachment":"scroll","background-type":"","background-media":"","overlay-type":"","overlay-color":"","overlay-opacity":"","overlay-gradient":""},"mobile":{"background-color":"var(--ast-global-color-5)","background-image":"","background-repeat":"repeat","background-position":"center center","background-size":"auto","background-attachment":"scroll","background-type":"","background-media":"","overlay-type":"","overlay-color":"","overlay-opacity":"","overlay-gradient":""}}},"product_brand":[],"product_cat":[17106,17020],"product_tag":[],"class_list":{"0":"post-90001312316007","1":"product","2":"type-product","3":"status-publish","4":"has-post-thumbnail","6":"product_cat-sigurnosni-skalperi-nozevi-i-makaze","7":"product_cat-zastita-bezbednost-i-higijena","8":"desktop-align-left","9":"tablet-align-left","10":"mobile-align-left","12":"first","13":"instock","14":"shipping-taxable","15":"product-type-simple"},"_links":{"self":[{"href":"https:\/\/test.tksgroup.rs\/sr\/wp-json\/wp\/v2\/product\/90001312316007","targetHints":{"allow":["GET"]}}],"collection":[{"href":"https:\/\/test.tksgroup.rs\/sr\/wp-json\/wp\/v2\/product"}],"about":[{"href":"https:\/\/test.tksgroup.rs\/sr\/wp-json\/wp\/v2\/types\/product"}],"replies":[{"embeddable":true,"href":"https:\/\/test.tksgroup.rs\/sr\/wp-json\/wp\/v2\/comments?post=90001312316007"}],"wp:featuredmedia":[{"embeddable":true,"href":"https:\/\/test.tksgroup.rs\/sr\/wp-json\/wp\/v2\/media\/90001312312356"}],"wp:attachment":[{"href":"https:\/\/test.tksgroup.rs\/sr\/wp-json\/wp\/v2\/media?parent=90001312316007"}],"wp:term":[{"taxonomy":"product_brand","embeddable":true,"href":"https:\/\/test.tksgroup.rs\/sr\/wp-json\/wp\/v2\/product_brand?post=90001312316007"},{"taxonomy":"product_cat","embeddable":true,"href":"https:\/\/test.tksgroup.rs\/sr\/wp-json\/wp\/v2\/product_cat?post=90001312316007"},{"taxonomy":"product_tag","embeddable":true,"href":"https:\/\/test.tksgroup.rs\/sr\/wp-json\/wp\/v2\/product_tag?post=90001312316007"}],"curies":[{"name":"wp","href":"https:\/\/api.w.org\/{rel}","templated":true}]}}