{"id":90001312316009,"date":"2025-09-18T11:26:52","date_gmt":"2025-09-18T11:26:52","guid":{"rendered":"https:\/\/test.tksgroup.rs\/product\/secunorm-smartcut-mdp\/"},"modified":"2025-09-18T11:26:52","modified_gmt":"2025-09-18T11:26:52","slug":"secunorm-smartcut-mdp","status":"publish","type":"product","link":"https:\/\/test.tksgroup.rs\/sr\/\u043f\u0440\u043e\u0438\u0437\u0432\u043e\u0434\/secunorm-smartcut-mdp\/","title":{"rendered":"SECUNORM SMARTCUT MDP"},"content":{"rendered":"<p>Napravite jedan rez ovim no\u017eem i odmah \u0107ete znati za\u0161to se zove SMART rez. Njegov lagan i kompaktan oblik je SMART. \u010cinjenica da je pogodan za skoro sve vrste materijala za rezanje je SMART. Ono \u0161to je tako\u0111e pametno, jeste da ga mo\u017eete koristiti u osetljivim industrijama bez razmi\u0161ljanja. Zato \u0161to je njegova plasti\u010dna dr\u0161ka je metal detektabilan i ima ner\u0111aju\u0107eg \u010delika o\u0161tricu. Dobro je znati, zar ne?     <\/p>\n<p>Broj porud\u017ebine: 110700.02<br \/>\nGTIN: 4002632917936<br \/>\nJedinica za pakovanje: 1 u kutiji sa jednom jedinicom (20 no\u017eeva u vi\u0161estrukom pakovanju)<br \/>\n Merenja: (D k \u0160 k V)110 k 12,5 k 25 mm<br \/>\nTe\u017eina proizvoda: 23,5 g<br \/>\nDubina se\u010denja: 11,6 mm<br \/>\nOsnovni materijal: Plastika koja se mo\u017ee detektovati metalom<\/p>\n","protected":false},"excerpt":{"rendered":"<p>Napravite jedan rez ovim no\u017eem i odmah \u0107ete znati za\u0161to se zove SMART rez. Njegov lagan i kompaktan oblik je SMART. \u010cinjenica da je pogodan za skoro sve vrste materijala za rezanje je SMART. Ono \u0161to je tako\u0111e pametno, jeste da ga mo\u017eete koristiti u osetljivim industrijama bez razmi\u0161ljanja. Zato \u0161to je njegova plasti\u010dna dr\u0161ka je metal detektabilan i ima ner\u0111aju\u0107eg \u010delika o\u0161tricu. Dobro je znati, zar ne? Broj porud\u017ebine: 110700.02 GTIN: 4002632917936 Jedinica za pakovanje: 1 u kutiji sa jednom jedinicom (20 no\u017eeva u vi\u0161estrukom pakovanju) Merenja: (D k \u0160 k V)110 k 12,5 k 25 mm Te\u017eina proizvoda: 23,5 g Dubina se\u010denja: 11,6 mm Osnovni materijal: Plastika koja se mo\u017ee detektovati metalom<\/p>\n","protected":false},"featured_media":90001312312380,"comment_status":"open","ping_status":"closed","template":"","meta":{"site-sidebar-layout":"default","site-content-layout":"","ast-site-content-layout":"default","site-content-style":"default","site-sidebar-style":"default","ast-global-header-display":"","ast-banner-title-visibility":"","ast-main-header-display":"","ast-hfb-above-header-display":"","ast-hfb-below-header-display":"","ast-hfb-mobile-header-display":"","site-post-title":"","ast-breadcrumbs-content":"","ast-featured-img":"","footer-sml-layout":"","theme-transparent-header-meta":"default","adv-header-id-meta":"","stick-header-meta":"","header-above-stick-meta":"","header-main-stick-meta":"","header-below-stick-meta":"","astra-migrate-meta-layouts":"default","ast-page-background-enabled":"default","ast-page-background-meta":{"desktop":{"background-color":"var(--ast-global-color-4)","background-image":"","background-repeat":"repeat","background-position":"center center","background-size":"auto","background-attachment":"scroll","background-type":"","background-media":"","overlay-type":"","overlay-color":"","overlay-opacity":"","overlay-gradient":""},"tablet":{"background-color":"","background-image":"","background-repeat":"repeat","background-position":"center center","background-size":"auto","background-attachment":"scroll","background-type":"","background-media":"","overlay-type":"","overlay-color":"","overlay-opacity":"","overlay-gradient":""},"mobile":{"background-color":"","background-image":"","background-repeat":"repeat","background-position":"center center","background-size":"auto","background-attachment":"scroll","background-type":"","background-media":"","overlay-type":"","overlay-color":"","overlay-opacity":"","overlay-gradient":""}},"ast-content-background-meta":{"desktop":{"background-color":"var(--ast-global-color-5)","background-image":"","background-repeat":"repeat","background-position":"center center","background-size":"auto","background-attachment":"scroll","background-type":"","background-media":"","overlay-type":"","overlay-color":"","overlay-opacity":"","overlay-gradient":""},"tablet":{"background-color":"var(--ast-global-color-5)","background-image":"","background-repeat":"repeat","background-position":"center center","background-size":"auto","background-attachment":"scroll","background-type":"","background-media":"","overlay-type":"","overlay-color":"","overlay-opacity":"","overlay-gradient":""},"mobile":{"background-color":"var(--ast-global-color-5)","background-image":"","background-repeat":"repeat","background-position":"center center","background-size":"auto","background-attachment":"scroll","background-type":"","background-media":"","overlay-type":"","overlay-color":"","overlay-opacity":"","overlay-gradient":""}}},"product_brand":[],"product_cat":[17106,17020],"product_tag":[],"class_list":{"0":"post-90001312316009","1":"product","2":"type-product","3":"status-publish","4":"has-post-thumbnail","6":"product_cat-sigurnosni-skalperi-nozevi-i-makaze","7":"product_cat-zastita-bezbednost-i-higijena","8":"desktop-align-left","9":"tablet-align-left","10":"mobile-align-left","12":"first","13":"instock","14":"shipping-taxable","15":"product-type-simple"},"_links":{"self":[{"href":"https:\/\/test.tksgroup.rs\/sr\/wp-json\/wp\/v2\/product\/90001312316009","targetHints":{"allow":["GET"]}}],"collection":[{"href":"https:\/\/test.tksgroup.rs\/sr\/wp-json\/wp\/v2\/product"}],"about":[{"href":"https:\/\/test.tksgroup.rs\/sr\/wp-json\/wp\/v2\/types\/product"}],"replies":[{"embeddable":true,"href":"https:\/\/test.tksgroup.rs\/sr\/wp-json\/wp\/v2\/comments?post=90001312316009"}],"wp:featuredmedia":[{"embeddable":true,"href":"https:\/\/test.tksgroup.rs\/sr\/wp-json\/wp\/v2\/media\/90001312312380"}],"wp:attachment":[{"href":"https:\/\/test.tksgroup.rs\/sr\/wp-json\/wp\/v2\/media?parent=90001312316009"}],"wp:term":[{"taxonomy":"product_brand","embeddable":true,"href":"https:\/\/test.tksgroup.rs\/sr\/wp-json\/wp\/v2\/product_brand?post=90001312316009"},{"taxonomy":"product_cat","embeddable":true,"href":"https:\/\/test.tksgroup.rs\/sr\/wp-json\/wp\/v2\/product_cat?post=90001312316009"},{"taxonomy":"product_tag","embeddable":true,"href":"https:\/\/test.tksgroup.rs\/sr\/wp-json\/wp\/v2\/product_tag?post=90001312316009"}],"curies":[{"name":"wp","href":"https:\/\/api.w.org\/{rel}","templated":true}]}}