{"id":90001312316017,"date":"2025-09-18T11:26:57","date_gmt":"2025-09-18T11:26:57","guid":{"rendered":"https:\/\/test.tksgroup.rs\/product\/secumax-320-mdp\/"},"modified":"2025-09-18T11:26:57","modified_gmt":"2025-09-18T11:26:57","slug":"secumax-320-mdp","status":"publish","type":"product","link":"https:\/\/test.tksgroup.rs\/sr\/\u043f\u0440\u043e\u0438\u0437\u0432\u043e\u0434\/secumax-320-mdp\/","title":{"rendered":"SECUMAX 320 MDP"},"content":{"rendered":"<p>SECUMAX COMBI MDP je uvek bio u klasi za sebe kao stru\u010dnjak za rezanje filmova \u2013 sve dok nije prona\u0161ao svog legitimnog naslednika. Novi SECUMAX 320 MDP ostavlja trenutni utisak svojim izvanrednim dizajnom. A ako bolje pogledate, cenit \u0107ete njegove unutra\u0161nje vrijednosti. Na primer, u pore\u0111enju sa prethodnikom, usavr\u0161ena ergonomija i potpuno remontovana promena se\u010diva. \u0160ta je sa temom &#8222;detekcije metala&#8220;? To je uvek bilo u DNK COMBI MDP-a \u2013 i tako \u0107e i ostati.     <\/p>\n<p>Broj porud\u017ebine: 32000771.02<br \/>\nGTIN: 4002632800917<br \/>\nJedinica za pakovanje: 1 u kutiji sa jednom jedinicom (10 no\u017eeva u vi\u0161estrukom pakovanju)<br \/>\n Merenja: (D k \u0160 k V) 158 k 13 k 56 mm<br \/>\nTe\u017eina proizvoda: 60 g<br \/>\nDubina se\u010denja: 4 mm<br \/>\nOsnovni materijal: Plastika<br \/>\nkoja se mo\u017ee detektovati metalom Zamenska o\u0161trica<br \/>\nJedinica za pakovanje: INDUSTRIAL BLADE BR. 19204310 u sigurnosnom dozatoru<\/p>\n","protected":false},"excerpt":{"rendered":"<p>\u2022 Izra\u0111ena od plastike koja se mo\u017ee detektovati metalom \u2022 Dubina se\u010denja od 4 mm \u2022 Skrivena o\u0161trica od nehr\u0111aju\u0107eg \u010delika \u2022 Maksimalna bezbednost na radu i maksimalna za\u0161tita robe \u2022 Uklju\u010duju\u0107i lepljivu traku za razdvajanje \u2022 Idealno za foliju, plasti\u010dnu traku za vezivanje i jo\u0161 mnogo toga <\/p>\n","protected":false},"featured_media":54001260,"comment_status":"open","ping_status":"closed","template":"","meta":{"site-sidebar-layout":"default","site-content-layout":"","ast-site-content-layout":"default","site-content-style":"default","site-sidebar-style":"default","ast-global-header-display":"","ast-banner-title-visibility":"","ast-main-header-display":"","ast-hfb-above-header-display":"","ast-hfb-below-header-display":"","ast-hfb-mobile-header-display":"","site-post-title":"","ast-breadcrumbs-content":"","ast-featured-img":"","footer-sml-layout":"","theme-transparent-header-meta":"default","adv-header-id-meta":"","stick-header-meta":"","header-above-stick-meta":"","header-main-stick-meta":"","header-below-stick-meta":"","astra-migrate-meta-layouts":"default","ast-page-background-enabled":"default","ast-page-background-meta":{"desktop":{"background-color":"var(--ast-global-color-4)","background-image":"","background-repeat":"repeat","background-position":"center center","background-size":"auto","background-attachment":"scroll","background-type":"","background-media":"","overlay-type":"","overlay-color":"","overlay-opacity":"","overlay-gradient":""},"tablet":{"background-color":"","background-image":"","background-repeat":"repeat","background-position":"center center","background-size":"auto","background-attachment":"scroll","background-type":"","background-media":"","overlay-type":"","overlay-color":"","overlay-opacity":"","overlay-gradient":""},"mobile":{"background-color":"","background-image":"","background-repeat":"repeat","background-position":"center center","background-size":"auto","background-attachment":"scroll","background-type":"","background-media":"","overlay-type":"","overlay-color":"","overlay-opacity":"","overlay-gradient":""}},"ast-content-background-meta":{"desktop":{"background-color":"var(--ast-global-color-5)","background-image":"","background-repeat":"repeat","background-position":"center center","background-size":"auto","background-attachment":"scroll","background-type":"","background-media":"","overlay-type":"","overlay-color":"","overlay-opacity":"","overlay-gradient":""},"tablet":{"background-color":"var(--ast-global-color-5)","background-image":"","background-repeat":"repeat","background-position":"center center","background-size":"auto","background-attachment":"scroll","background-type":"","background-media":"","overlay-type":"","overlay-color":"","overlay-opacity":"","overlay-gradient":""},"mobile":{"background-color":"var(--ast-global-color-5)","background-image":"","background-repeat":"repeat","background-position":"center center","background-size":"auto","background-attachment":"scroll","background-type":"","background-media":"","overlay-type":"","overlay-color":"","overlay-opacity":"","overlay-gradient":""}}},"product_brand":[],"product_cat":[17106,17020],"product_tag":[],"class_list":{"0":"post-90001312316017","1":"product","2":"type-product","3":"status-publish","4":"has-post-thumbnail","6":"product_cat-sigurnosni-skalperi-nozevi-i-makaze","7":"product_cat-zastita-bezbednost-i-higijena","8":"desktop-align-left","9":"tablet-align-left","10":"mobile-align-left","12":"first","13":"instock","14":"shipping-taxable","15":"product-type-simple"},"_links":{"self":[{"href":"https:\/\/test.tksgroup.rs\/sr\/wp-json\/wp\/v2\/product\/90001312316017","targetHints":{"allow":["GET"]}}],"collection":[{"href":"https:\/\/test.tksgroup.rs\/sr\/wp-json\/wp\/v2\/product"}],"about":[{"href":"https:\/\/test.tksgroup.rs\/sr\/wp-json\/wp\/v2\/types\/product"}],"replies":[{"embeddable":true,"href":"https:\/\/test.tksgroup.rs\/sr\/wp-json\/wp\/v2\/comments?post=90001312316017"}],"wp:featuredmedia":[{"embeddable":true,"href":"https:\/\/test.tksgroup.rs\/sr\/wp-json\/wp\/v2\/media\/54001260"}],"wp:attachment":[{"href":"https:\/\/test.tksgroup.rs\/sr\/wp-json\/wp\/v2\/media?parent=90001312316017"}],"wp:term":[{"taxonomy":"product_brand","embeddable":true,"href":"https:\/\/test.tksgroup.rs\/sr\/wp-json\/wp\/v2\/product_brand?post=90001312316017"},{"taxonomy":"product_cat","embeddable":true,"href":"https:\/\/test.tksgroup.rs\/sr\/wp-json\/wp\/v2\/product_cat?post=90001312316017"},{"taxonomy":"product_tag","embeddable":true,"href":"https:\/\/test.tksgroup.rs\/sr\/wp-json\/wp\/v2\/product_tag?post=90001312316017"}],"curies":[{"name":"wp","href":"https:\/\/api.w.org\/{rel}","templated":true}]}}