{"id":90001312316071,"date":"2025-09-18T11:27:17","date_gmt":"2025-09-18T11:27:17","guid":{"rendered":"https:\/\/test.tksgroup.rs\/product\/grafix-501\/"},"modified":"2025-09-18T11:27:17","modified_gmt":"2025-09-18T11:27:17","slug":"grafix-501","status":"publish","type":"product","link":"https:\/\/test.tksgroup.rs\/sr\/\u043f\u0440\u043e\u0438\u0437\u0432\u043e\u0434\/grafix-501\/","title":{"rendered":"GRAFIX 501"},"content":{"rendered":"<p>GRAFIX 501 sa ugra\u0111enom iglom za se\u010denje je napravljen za sve fine poslove rezanja, npr. za folije i listove papira. Ili ga mo\u017eete koristiti za precizno grebanje. Sa ovim ve\u0161tinama, GRAFIX 501 se preporu\u010duje reklamnim agencijama i tehni\u010dkim kancelarijama. \u010cak i ako zavisite od najvi\u0161eg stepena preciznosti u izgradnji modela, igla za se\u010denje je dragocena pomo\u0107.   <\/p>\n<p>Broj porud\u017ebine: 810.02<br \/>\nGTIN: 4002632803871<br \/>\nJedinica za pakovanje: 1 u kutiji za jastuke (10 no\u017eeva u vi\u0161estrukom pakovanju)<br \/>\n Merenja: (D k \u0160 k V)140 k 8.2 k 8.2 mm<br \/>\nTe\u017eina proizvoda: 15 g<br \/>\nOsnovni materijal: Aluminijum Zamena se\u010diva<br \/>\nJedinica za pakovanje: IGLA BLADE BR. 67310 u \u010dasopisu<\/p>\n","protected":false},"excerpt":{"rendered":"<p>GRAFIX 501 sa ugra\u0111enom iglom za se\u010denje je napravljen za sve fine poslove rezanja, npr. za folije i listove papira. Ili ga mo\u017eete koristiti za precizno grebanje. Sa ovim ve\u0161tinama, GRAFIX 501 se preporu\u010duje reklamnim agencijama i tehni\u010dkim kancelarijama. \u010cak i ako zavisite od najvi\u0161eg stepena preciznosti u izgradnji modela, igla za se\u010denje je dragocena pomo\u0107. Broj porud\u017ebine: 810.02 GTIN: 4002632803871 Jedinica za pakovanje: 1 u kutiji za jastuke (10 no\u017eeva u vi\u0161estrukom pakovanju) Merenja: (D k \u0160 k V)140 k 8.2 k 8.2 mm Te\u017eina proizvoda: 15 g Osnovni materijal: Aluminijum Zamena se\u010diva Jedinica za pakovanje: IGLA BLADE BR. 67310 u \u010dasopisu<\/p>\n","protected":false},"featured_media":90001312312418,"comment_status":"open","ping_status":"closed","template":"","meta":{"site-sidebar-layout":"default","site-content-layout":"","ast-site-content-layout":"default","site-content-style":"default","site-sidebar-style":"default","ast-global-header-display":"","ast-banner-title-visibility":"","ast-main-header-display":"","ast-hfb-above-header-display":"","ast-hfb-below-header-display":"","ast-hfb-mobile-header-display":"","site-post-title":"","ast-breadcrumbs-content":"","ast-featured-img":"","footer-sml-layout":"","theme-transparent-header-meta":"default","adv-header-id-meta":"","stick-header-meta":"","header-above-stick-meta":"","header-main-stick-meta":"","header-below-stick-meta":"","astra-migrate-meta-layouts":"default","ast-page-background-enabled":"default","ast-page-background-meta":{"desktop":{"background-color":"var(--ast-global-color-4)","background-image":"","background-repeat":"repeat","background-position":"center center","background-size":"auto","background-attachment":"scroll","background-type":"","background-media":"","overlay-type":"","overlay-color":"","overlay-opacity":"","overlay-gradient":""},"tablet":{"background-color":"","background-image":"","background-repeat":"repeat","background-position":"center center","background-size":"auto","background-attachment":"scroll","background-type":"","background-media":"","overlay-type":"","overlay-color":"","overlay-opacity":"","overlay-gradient":""},"mobile":{"background-color":"","background-image":"","background-repeat":"repeat","background-position":"center center","background-size":"auto","background-attachment":"scroll","background-type":"","background-media":"","overlay-type":"","overlay-color":"","overlay-opacity":"","overlay-gradient":""}},"ast-content-background-meta":{"desktop":{"background-color":"var(--ast-global-color-5)","background-image":"","background-repeat":"repeat","background-position":"center center","background-size":"auto","background-attachment":"scroll","background-type":"","background-media":"","overlay-type":"","overlay-color":"","overlay-opacity":"","overlay-gradient":""},"tablet":{"background-color":"var(--ast-global-color-5)","background-image":"","background-repeat":"repeat","background-position":"center center","background-size":"auto","background-attachment":"scroll","background-type":"","background-media":"","overlay-type":"","overlay-color":"","overlay-opacity":"","overlay-gradient":""},"mobile":{"background-color":"var(--ast-global-color-5)","background-image":"","background-repeat":"repeat","background-position":"center center","background-size":"auto","background-attachment":"scroll","background-type":"","background-media":"","overlay-type":"","overlay-color":"","overlay-opacity":"","overlay-gradient":""}}},"product_brand":[],"product_cat":[17106,17020],"product_tag":[],"class_list":{"0":"post-90001312316071","1":"product","2":"type-product","3":"status-publish","4":"has-post-thumbnail","6":"product_cat-sigurnosni-skalperi-nozevi-i-makaze","7":"product_cat-zastita-bezbednost-i-higijena","8":"desktop-align-left","9":"tablet-align-left","10":"mobile-align-left","12":"first","13":"instock","14":"shipping-taxable","15":"product-type-simple"},"_links":{"self":[{"href":"https:\/\/test.tksgroup.rs\/sr\/wp-json\/wp\/v2\/product\/90001312316071","targetHints":{"allow":["GET"]}}],"collection":[{"href":"https:\/\/test.tksgroup.rs\/sr\/wp-json\/wp\/v2\/product"}],"about":[{"href":"https:\/\/test.tksgroup.rs\/sr\/wp-json\/wp\/v2\/types\/product"}],"replies":[{"embeddable":true,"href":"https:\/\/test.tksgroup.rs\/sr\/wp-json\/wp\/v2\/comments?post=90001312316071"}],"wp:featuredmedia":[{"embeddable":true,"href":"https:\/\/test.tksgroup.rs\/sr\/wp-json\/wp\/v2\/media\/90001312312418"}],"wp:attachment":[{"href":"https:\/\/test.tksgroup.rs\/sr\/wp-json\/wp\/v2\/media?parent=90001312316071"}],"wp:term":[{"taxonomy":"product_brand","embeddable":true,"href":"https:\/\/test.tksgroup.rs\/sr\/wp-json\/wp\/v2\/product_brand?post=90001312316071"},{"taxonomy":"product_cat","embeddable":true,"href":"https:\/\/test.tksgroup.rs\/sr\/wp-json\/wp\/v2\/product_cat?post=90001312316071"},{"taxonomy":"product_tag","embeddable":true,"href":"https:\/\/test.tksgroup.rs\/sr\/wp-json\/wp\/v2\/product_tag?post=90001312316071"}],"curies":[{"name":"wp","href":"https:\/\/api.w.org\/{rel}","templated":true}]}}