{"id":90001312316106,"date":"2025-09-18T11:27:31","date_gmt":"2025-09-18T11:27:31","guid":{"rendered":"https:\/\/test.tksgroup.rs\/product\/duraline-50-05-4\/"},"modified":"2025-09-18T11:27:31","modified_gmt":"2025-09-18T11:27:31","slug":"duraline-50-05-4","status":"publish","type":"product","link":"https:\/\/test.tksgroup.rs\/sr\/\u043f\u0440\u043e\u0438\u0437\u0432\u043e\u0434\/duraline-50-05-4\/","title":{"rendered":"DURALINE\u00ae 50\/05"},"content":{"rendered":"<p>Samolepljiva traka za obele\u017eavanje podova za ozna\u010davanje \u0161etali\u0161ta i ruta vo\u017enje u skladi\u0161tima i fabrikama.<br \/>\n \u2022 Samolepljiva traka za obele\u017eavanje podova za unutra\u0161nju upotrebu<br \/>\n\u2022 Otpornost na klizanje (R grupa) R9 u skladu sa nema\u010dkim pravilnikom o radnom mestu ASR A1.5\/1,2 &#8222;Podovi&#8220; po DIN 51130<br \/>\n\u2022 Za robusno i dugotrajno obele\u017eavanje \u0161etali\u0161ta i prilaza u skladi\u0161tima i fabrikama<\/p>\n<p>\u2022 Pogodno za vilju\u0161kare, sa izuzetkom pokreta<\/p>\n<p> upravljanja, ko\u010denja i okretanja\u2022 Debljina: 0,5 mm<\/p>\n<p>\u2022 \u0160irina: 50 mm<\/p>\n<p>\u2022 Boje sli\u010dne RAL 9003 signalno belo, 3001 signalno crveno, 1003 signalno \u017euto, 6032 signalno zeleno, 5005 signalno plavo<\/p>\n","protected":false},"excerpt":{"rendered":"<p>Samolepljiva traka za obele\u017eavanje podova za ozna\u010davanje \u0161etali\u0161ta i ruta vo\u017enje u skladi\u0161tima i fabrikama.<\/p>\n","protected":false},"featured_media":90001312312450,"comment_status":"open","ping_status":"closed","template":"","meta":{"site-sidebar-layout":"default","site-content-layout":"","ast-site-content-layout":"default","site-content-style":"default","site-sidebar-style":"default","ast-global-header-display":"","ast-banner-title-visibility":"","ast-main-header-display":"","ast-hfb-above-header-display":"","ast-hfb-below-header-display":"","ast-hfb-mobile-header-display":"","site-post-title":"","ast-breadcrumbs-content":"","ast-featured-img":"","footer-sml-layout":"","theme-transparent-header-meta":"default","adv-header-id-meta":"","stick-header-meta":"","header-above-stick-meta":"","header-main-stick-meta":"","header-below-stick-meta":"","astra-migrate-meta-layouts":"default","ast-page-background-enabled":"default","ast-page-background-meta":{"desktop":{"background-color":"var(--ast-global-color-4)","background-image":"","background-repeat":"repeat","background-position":"center center","background-size":"auto","background-attachment":"scroll","background-type":"","background-media":"","overlay-type":"","overlay-color":"","overlay-opacity":"","overlay-gradient":""},"tablet":{"background-color":"","background-image":"","background-repeat":"repeat","background-position":"center center","background-size":"auto","background-attachment":"scroll","background-type":"","background-media":"","overlay-type":"","overlay-color":"","overlay-opacity":"","overlay-gradient":""},"mobile":{"background-color":"","background-image":"","background-repeat":"repeat","background-position":"center center","background-size":"auto","background-attachment":"scroll","background-type":"","background-media":"","overlay-type":"","overlay-color":"","overlay-opacity":"","overlay-gradient":""}},"ast-content-background-meta":{"desktop":{"background-color":"var(--ast-global-color-5)","background-image":"","background-repeat":"repeat","background-position":"center center","background-size":"auto","background-attachment":"scroll","background-type":"","background-media":"","overlay-type":"","overlay-color":"","overlay-opacity":"","overlay-gradient":""},"tablet":{"background-color":"var(--ast-global-color-5)","background-image":"","background-repeat":"repeat","background-position":"center center","background-size":"auto","background-attachment":"scroll","background-type":"","background-media":"","overlay-type":"","overlay-color":"","overlay-opacity":"","overlay-gradient":""},"mobile":{"background-color":"var(--ast-global-color-5)","background-image":"","background-repeat":"repeat","background-position":"center center","background-size":"auto","background-attachment":"scroll","background-type":"","background-media":"","overlay-type":"","overlay-color":"","overlay-opacity":"","overlay-gradient":""}}},"product_brand":[],"product_cat":[17107,17020],"product_tag":[],"class_list":{"0":"post-90001312316106","1":"product","2":"type-product","3":"status-publish","4":"has-post-thumbnail","6":"product_cat-spratne-oznake","7":"product_cat-zastita-bezbednost-i-higijena","8":"desktop-align-left","9":"tablet-align-left","10":"mobile-align-left","12":"first","13":"instock","14":"shipping-taxable","15":"product-type-simple"},"_links":{"self":[{"href":"https:\/\/test.tksgroup.rs\/sr\/wp-json\/wp\/v2\/product\/90001312316106","targetHints":{"allow":["GET"]}}],"collection":[{"href":"https:\/\/test.tksgroup.rs\/sr\/wp-json\/wp\/v2\/product"}],"about":[{"href":"https:\/\/test.tksgroup.rs\/sr\/wp-json\/wp\/v2\/types\/product"}],"replies":[{"embeddable":true,"href":"https:\/\/test.tksgroup.rs\/sr\/wp-json\/wp\/v2\/comments?post=90001312316106"}],"wp:featuredmedia":[{"embeddable":true,"href":"https:\/\/test.tksgroup.rs\/sr\/wp-json\/wp\/v2\/media\/90001312312450"}],"wp:attachment":[{"href":"https:\/\/test.tksgroup.rs\/sr\/wp-json\/wp\/v2\/media?parent=90001312316106"}],"wp:term":[{"taxonomy":"product_brand","embeddable":true,"href":"https:\/\/test.tksgroup.rs\/sr\/wp-json\/wp\/v2\/product_brand?post=90001312316106"},{"taxonomy":"product_cat","embeddable":true,"href":"https:\/\/test.tksgroup.rs\/sr\/wp-json\/wp\/v2\/product_cat?post=90001312316106"},{"taxonomy":"product_tag","embeddable":true,"href":"https:\/\/test.tksgroup.rs\/sr\/wp-json\/wp\/v2\/product_tag?post=90001312316106"}],"curies":[{"name":"wp","href":"https:\/\/api.w.org\/{rel}","templated":true}]}}