{"id":90001312316129,"date":"2025-09-18T11:27:40","date_gmt":"2025-09-18T11:27:40","guid":{"rendered":"https:\/\/test.tksgroup.rs\/product\/oblik-spratnog-obelezavanja-foot-skida\/"},"modified":"2025-09-18T11:27:40","modified_gmt":"2025-09-18T11:27:40","slug":"oblik-spratnog-obelezavanja-foot-skida","status":"publish","type":"product","link":"https:\/\/test.tksgroup.rs\/sr\/\u043f\u0440\u043e\u0438\u0437\u0432\u043e\u0434\/oblik-spratnog-obelezavanja-foot-skida\/","title":{"rendered":"Oblik spratnog obele\u017eavanja: &#8216;Foot&#8217; skida"},"content":{"rendered":"<p>Samolepljiva pod-obele\u017eavanje oblik &#8222;Foot&#8220; da uka\u017ee na \u0161etali\u0161ta. Prenosivi. \u2022 Uklonjivi samoljepljivi oblici za ozna\u010davanje podova  <\/p>\n<p>\u2022 Za nano\u0161enje na unutra\u0161nje podove, npr. u supermarketima, teretanama, hotelima, restoranima, benzinskim pumpama, kao i kod frizera i fizioterapeuta<\/p>\n<p>\u2022 Povr\u0161ina za lepljenje mora biti glatka, \u010dvrsta, \u010dista i bez masno\u0107e i pra\u0161ine<br \/>\n\u2022 U skladu sa ASR A1.3 i DIN EN ISO 7010<br \/>\n\u2022 Otpornost na klizanje (R grupa) R9 u skladu sa nema\u010dkim pravilnikom o radnom mestu ASR A1.5\/1,2 &#8222;Podovi&#8220; po DIN 51130<br \/>\n\u2022 Boja: Sli\u010dna RAL 1003 signalno \u017euta<\/p>\n","protected":false},"excerpt":{"rendered":"<p>Samolepljiva pod-obele\u017eavanje oblik &#8222;Foot&#8220; da uka\u017ee na \u0161etali\u0161ta. Prenosivi. <\/p>\n","protected":false},"featured_media":90001312312489,"comment_status":"open","ping_status":"closed","template":"","meta":{"site-sidebar-layout":"default","site-content-layout":"","ast-site-content-layout":"default","site-content-style":"default","site-sidebar-style":"default","ast-global-header-display":"","ast-banner-title-visibility":"","ast-main-header-display":"","ast-hfb-above-header-display":"","ast-hfb-below-header-display":"","ast-hfb-mobile-header-display":"","site-post-title":"","ast-breadcrumbs-content":"","ast-featured-img":"","footer-sml-layout":"","theme-transparent-header-meta":"default","adv-header-id-meta":"","stick-header-meta":"","header-above-stick-meta":"","header-main-stick-meta":"","header-below-stick-meta":"","astra-migrate-meta-layouts":"default","ast-page-background-enabled":"default","ast-page-background-meta":{"desktop":{"background-color":"var(--ast-global-color-4)","background-image":"","background-repeat":"repeat","background-position":"center center","background-size":"auto","background-attachment":"scroll","background-type":"","background-media":"","overlay-type":"","overlay-color":"","overlay-opacity":"","overlay-gradient":""},"tablet":{"background-color":"","background-image":"","background-repeat":"repeat","background-position":"center center","background-size":"auto","background-attachment":"scroll","background-type":"","background-media":"","overlay-type":"","overlay-color":"","overlay-opacity":"","overlay-gradient":""},"mobile":{"background-color":"","background-image":"","background-repeat":"repeat","background-position":"center center","background-size":"auto","background-attachment":"scroll","background-type":"","background-media":"","overlay-type":"","overlay-color":"","overlay-opacity":"","overlay-gradient":""}},"ast-content-background-meta":{"desktop":{"background-color":"var(--ast-global-color-5)","background-image":"","background-repeat":"repeat","background-position":"center center","background-size":"auto","background-attachment":"scroll","background-type":"","background-media":"","overlay-type":"","overlay-color":"","overlay-opacity":"","overlay-gradient":""},"tablet":{"background-color":"var(--ast-global-color-5)","background-image":"","background-repeat":"repeat","background-position":"center center","background-size":"auto","background-attachment":"scroll","background-type":"","background-media":"","overlay-type":"","overlay-color":"","overlay-opacity":"","overlay-gradient":""},"mobile":{"background-color":"var(--ast-global-color-5)","background-image":"","background-repeat":"repeat","background-position":"center center","background-size":"auto","background-attachment":"scroll","background-type":"","background-media":"","overlay-type":"","overlay-color":"","overlay-opacity":"","overlay-gradient":""}}},"product_brand":[],"product_cat":[17107,17020],"product_tag":[],"class_list":{"0":"post-90001312316129","1":"product","2":"type-product","3":"status-publish","4":"has-post-thumbnail","6":"product_cat-spratne-oznake","7":"product_cat-zastita-bezbednost-i-higijena","8":"desktop-align-left","9":"tablet-align-left","10":"mobile-align-left","12":"first","13":"instock","14":"shipping-taxable","15":"product-type-simple"},"_links":{"self":[{"href":"https:\/\/test.tksgroup.rs\/sr\/wp-json\/wp\/v2\/product\/90001312316129","targetHints":{"allow":["GET"]}}],"collection":[{"href":"https:\/\/test.tksgroup.rs\/sr\/wp-json\/wp\/v2\/product"}],"about":[{"href":"https:\/\/test.tksgroup.rs\/sr\/wp-json\/wp\/v2\/types\/product"}],"replies":[{"embeddable":true,"href":"https:\/\/test.tksgroup.rs\/sr\/wp-json\/wp\/v2\/comments?post=90001312316129"}],"wp:featuredmedia":[{"embeddable":true,"href":"https:\/\/test.tksgroup.rs\/sr\/wp-json\/wp\/v2\/media\/90001312312489"}],"wp:attachment":[{"href":"https:\/\/test.tksgroup.rs\/sr\/wp-json\/wp\/v2\/media?parent=90001312316129"}],"wp:term":[{"taxonomy":"product_brand","embeddable":true,"href":"https:\/\/test.tksgroup.rs\/sr\/wp-json\/wp\/v2\/product_brand?post=90001312316129"},{"taxonomy":"product_cat","embeddable":true,"href":"https:\/\/test.tksgroup.rs\/sr\/wp-json\/wp\/v2\/product_cat?post=90001312316129"},{"taxonomy":"product_tag","embeddable":true,"href":"https:\/\/test.tksgroup.rs\/sr\/wp-json\/wp\/v2\/product_tag?post=90001312316129"}],"curies":[{"name":"wp","href":"https:\/\/api.w.org\/{rel}","templated":true}]}}