{"id":90001312316786,"date":"2025-09-18T11:26:29","date_gmt":"2025-09-18T11:26:29","guid":{"rendered":"https:\/\/test.tksgroup.rs\/product\/secumax-350\/"},"modified":"2025-09-18T11:26:29","modified_gmt":"2025-09-18T11:26:29","slug":"secumax-350","status":"publish","type":"product","link":"https:\/\/test.tksgroup.rs\/sr\/\u043f\u0440\u043e\u0438\u0437\u0432\u043e\u0434\/secumax-350\/","title":{"rendered":"SECUMAX 350"},"content":{"rendered":"<p>SECUMAX 350 je kombinacija svestranosti, udobnosti i sigurnosti. Maksimalan stepen sigurnosti. Sa inovativnom promenom se\u010diva, ovaj no\u017e je multi-talentovan. Mo\u017ee se koristiti za rezanje svih standardnih materijala, od filma do plasti\u010dne trake, od papira do 2-slojnog kartona. Lako razdvaja lepljivu traku. I tako je udobno dr\u017eati da ne\u0107ete \u017eeleti da ga spustite.     <\/p>\n<p>Broj porud\u017ebine: 350005.02<br \/>\nGTIN: 4002632803772<br \/>\nJedinica za pakovanje: 1 u kutiji sa jednom jedinicom (10 no\u017eeva u vi\u0161estrukom pakovanju)<br \/>\n Merenja (D k \u0160 k V): 152 k 12 k 40 mm<br \/>\nTe\u017eina proizvoda: 38 g<br \/>\nDubina se\u010denja: 6 mm<br \/>\nOsnovni materijal: Plastika oja\u010dana<br \/>\nstaklenim vlaknima Zamenska o\u0161trica: SECUMAK BLADE BR. 3448<br \/>\nJedinica pakovanja: 10 u kutiji<\/p>\n","protected":false},"excerpt":{"rendered":"<p>\u2022 Izra\u0111ena od plastike oja\u010dane<br \/>\n staklenim vlaknima\u2022 Dubina se\u010denja od 6 mm, alternativno sa veoma robusnom glavom se\u010diva (br. 3448)<br \/>\n\u2022 Skrivena o\u0161trica<br \/>\n\u2022 Maksimalna bezbednost na radu i maksimalna za\u0161tita robe<br \/>\n\u2022 Uklju\u010duju\u0107i mekani rukohvat, inovativnu glavu se\u010diva i rezervnu o\u0161tricu <\/p>\n","protected":false},"featured_media":90001312312317,"comment_status":"open","ping_status":"closed","template":"","meta":{"site-sidebar-layout":"default","site-content-layout":"","ast-site-content-layout":"default","site-content-style":"default","site-sidebar-style":"default","ast-global-header-display":"","ast-banner-title-visibility":"","ast-main-header-display":"","ast-hfb-above-header-display":"","ast-hfb-below-header-display":"","ast-hfb-mobile-header-display":"","site-post-title":"","ast-breadcrumbs-content":"","ast-featured-img":"","footer-sml-layout":"","theme-transparent-header-meta":"default","adv-header-id-meta":"","stick-header-meta":"","header-above-stick-meta":"","header-main-stick-meta":"","header-below-stick-meta":"","astra-migrate-meta-layouts":"default","ast-page-background-enabled":"default","ast-page-background-meta":{"desktop":{"background-color":"var(--ast-global-color-4)","background-image":"","background-repeat":"repeat","background-position":"center center","background-size":"auto","background-attachment":"scroll","background-type":"","background-media":"","overlay-type":"","overlay-color":"","overlay-opacity":"","overlay-gradient":""},"tablet":{"background-color":"","background-image":"","background-repeat":"repeat","background-position":"center center","background-size":"auto","background-attachment":"scroll","background-type":"","background-media":"","overlay-type":"","overlay-color":"","overlay-opacity":"","overlay-gradient":""},"mobile":{"background-color":"","background-image":"","background-repeat":"repeat","background-position":"center center","background-size":"auto","background-attachment":"scroll","background-type":"","background-media":"","overlay-type":"","overlay-color":"","overlay-opacity":"","overlay-gradient":""}},"ast-content-background-meta":{"desktop":{"background-color":"var(--ast-global-color-5)","background-image":"","background-repeat":"repeat","background-position":"center center","background-size":"auto","background-attachment":"scroll","background-type":"","background-media":"","overlay-type":"","overlay-color":"","overlay-opacity":"","overlay-gradient":""},"tablet":{"background-color":"var(--ast-global-color-5)","background-image":"","background-repeat":"repeat","background-position":"center center","background-size":"auto","background-attachment":"scroll","background-type":"","background-media":"","overlay-type":"","overlay-color":"","overlay-opacity":"","overlay-gradient":""},"mobile":{"background-color":"var(--ast-global-color-5)","background-image":"","background-repeat":"repeat","background-position":"center center","background-size":"auto","background-attachment":"scroll","background-type":"","background-media":"","overlay-type":"","overlay-color":"","overlay-opacity":"","overlay-gradient":""}}},"product_brand":[],"product_cat":[17106,17020],"product_tag":[],"class_list":{"0":"post-90001312316786","1":"product","2":"type-product","3":"status-publish","4":"has-post-thumbnail","6":"product_cat-sigurnosni-skalperi-nozevi-i-makaze","7":"product_cat-zastita-bezbednost-i-higijena","8":"desktop-align-left","9":"tablet-align-left","10":"mobile-align-left","12":"first","13":"instock","14":"shipping-taxable","15":"product-type-simple"},"_links":{"self":[{"href":"https:\/\/test.tksgroup.rs\/sr\/wp-json\/wp\/v2\/product\/90001312316786","targetHints":{"allow":["GET"]}}],"collection":[{"href":"https:\/\/test.tksgroup.rs\/sr\/wp-json\/wp\/v2\/product"}],"about":[{"href":"https:\/\/test.tksgroup.rs\/sr\/wp-json\/wp\/v2\/types\/product"}],"replies":[{"embeddable":true,"href":"https:\/\/test.tksgroup.rs\/sr\/wp-json\/wp\/v2\/comments?post=90001312316786"}],"wp:featuredmedia":[{"embeddable":true,"href":"https:\/\/test.tksgroup.rs\/sr\/wp-json\/wp\/v2\/media\/90001312312317"}],"wp:attachment":[{"href":"https:\/\/test.tksgroup.rs\/sr\/wp-json\/wp\/v2\/media?parent=90001312316786"}],"wp:term":[{"taxonomy":"product_brand","embeddable":true,"href":"https:\/\/test.tksgroup.rs\/sr\/wp-json\/wp\/v2\/product_brand?post=90001312316786"},{"taxonomy":"product_cat","embeddable":true,"href":"https:\/\/test.tksgroup.rs\/sr\/wp-json\/wp\/v2\/product_cat?post=90001312316786"},{"taxonomy":"product_tag","embeddable":true,"href":"https:\/\/test.tksgroup.rs\/sr\/wp-json\/wp\/v2\/product_tag?post=90001312316786"}],"curies":[{"name":"wp","href":"https:\/\/api.w.org\/{rel}","templated":true}]}}