{"id":90001312316794,"date":"2025-09-18T11:26:31","date_gmt":"2025-09-18T11:26:31","guid":{"rendered":"https:\/\/test.tksgroup.rs\/product\/secumax-easysafe\/"},"modified":"2025-09-18T11:26:31","modified_gmt":"2025-09-18T11:26:31","slug":"secumax-easysafe","status":"publish","type":"product","link":"https:\/\/test.tksgroup.rs\/sr\/\u043f\u0440\u043e\u0438\u0437\u0432\u043e\u0434\/secumax-easysafe\/","title":{"rendered":"SECUMAX EASYSAFE"},"content":{"rendered":"<p>SECUMAX EASYSAFE ubedi svojim posebnim karakteristikama. Istaknuti i \u0161iljasti nos alata za rezanje lako probija plasti\u010dne vre\u0107e i folije umotane u foliju. Skrivena o\u0161trica lako se\u010de vre\u0107e i film. Integrisani vodi\u010d za materijal olak\u0161ava rezanje tankih listova filma i papira; \u010dak ni pojedina\u010dni slojevi ne\u0107e zaglaviti. \u0160ta je sa tankim tekstilom ili plasti\u010dnom trakom za vezivanje? Nije problem za skrivenu o\u0161tricu.     <\/p>\n<p>Broj porud\u017ebine: 121001.02<br \/>\nGTIN: 4002632919206<br \/>\nJedinica pakovanja: 1 u kutiji sa jednom jedinicom (10 no\u017eeva u vi\u0161estrukom pakovanju)<br \/>\n Merenja (D k \u0160 k V): 207 k 10 k 66 mm<br \/>\nTe\u017eina proizvoda: 66.3 g<br \/>\nDubina se\u010denja: 6.6 mm<br \/>\nOsnovni materijal: Plastika oja\u010dana<br \/>\nstaklenim vlaknima Zamenska o\u0161trica: INDUSTRIAL BLADE BR. 45<br \/>\nJedinica pakovanja: 10 u prozirnom pakovanju<\/p>\n","protected":false},"excerpt":{"rendered":"<p>\u2022 Izra\u0111en od plastike oja\u010dane<br \/>\n staklenim vlaknima\u2022 Dubina<br \/>\n se\u010denja 7 mm\u2022 Skrivena o\u0161trica<br \/>\n\u2022 Maksimalna bezbednost na radu i maksimalna za\u0161tita robe<br \/>\n\u2022 Uklju\u010duju\u0107i vodilicu za materijal i razdvaja\u010d lepljive trake <\/p>\n","protected":false},"featured_media":90001312312323,"comment_status":"open","ping_status":"closed","template":"","meta":{"site-sidebar-layout":"default","site-content-layout":"","ast-site-content-layout":"default","site-content-style":"default","site-sidebar-style":"default","ast-global-header-display":"","ast-banner-title-visibility":"","ast-main-header-display":"","ast-hfb-above-header-display":"","ast-hfb-below-header-display":"","ast-hfb-mobile-header-display":"","site-post-title":"","ast-breadcrumbs-content":"","ast-featured-img":"","footer-sml-layout":"","theme-transparent-header-meta":"default","adv-header-id-meta":"","stick-header-meta":"","header-above-stick-meta":"","header-main-stick-meta":"","header-below-stick-meta":"","astra-migrate-meta-layouts":"default","ast-page-background-enabled":"default","ast-page-background-meta":{"desktop":{"background-color":"var(--ast-global-color-4)","background-image":"","background-repeat":"repeat","background-position":"center center","background-size":"auto","background-attachment":"scroll","background-type":"","background-media":"","overlay-type":"","overlay-color":"","overlay-opacity":"","overlay-gradient":""},"tablet":{"background-color":"","background-image":"","background-repeat":"repeat","background-position":"center center","background-size":"auto","background-attachment":"scroll","background-type":"","background-media":"","overlay-type":"","overlay-color":"","overlay-opacity":"","overlay-gradient":""},"mobile":{"background-color":"","background-image":"","background-repeat":"repeat","background-position":"center center","background-size":"auto","background-attachment":"scroll","background-type":"","background-media":"","overlay-type":"","overlay-color":"","overlay-opacity":"","overlay-gradient":""}},"ast-content-background-meta":{"desktop":{"background-color":"var(--ast-global-color-5)","background-image":"","background-repeat":"repeat","background-position":"center center","background-size":"auto","background-attachment":"scroll","background-type":"","background-media":"","overlay-type":"","overlay-color":"","overlay-opacity":"","overlay-gradient":""},"tablet":{"background-color":"var(--ast-global-color-5)","background-image":"","background-repeat":"repeat","background-position":"center center","background-size":"auto","background-attachment":"scroll","background-type":"","background-media":"","overlay-type":"","overlay-color":"","overlay-opacity":"","overlay-gradient":""},"mobile":{"background-color":"var(--ast-global-color-5)","background-image":"","background-repeat":"repeat","background-position":"center center","background-size":"auto","background-attachment":"scroll","background-type":"","background-media":"","overlay-type":"","overlay-color":"","overlay-opacity":"","overlay-gradient":""}}},"product_brand":[],"product_cat":[17106,17020],"product_tag":[],"class_list":{"0":"post-90001312316794","1":"product","2":"type-product","3":"status-publish","4":"has-post-thumbnail","6":"product_cat-sigurnosni-skalperi-nozevi-i-makaze","7":"product_cat-zastita-bezbednost-i-higijena","8":"desktop-align-left","9":"tablet-align-left","10":"mobile-align-left","12":"first","13":"instock","14":"shipping-taxable","15":"product-type-simple"},"_links":{"self":[{"href":"https:\/\/test.tksgroup.rs\/sr\/wp-json\/wp\/v2\/product\/90001312316794","targetHints":{"allow":["GET"]}}],"collection":[{"href":"https:\/\/test.tksgroup.rs\/sr\/wp-json\/wp\/v2\/product"}],"about":[{"href":"https:\/\/test.tksgroup.rs\/sr\/wp-json\/wp\/v2\/types\/product"}],"replies":[{"embeddable":true,"href":"https:\/\/test.tksgroup.rs\/sr\/wp-json\/wp\/v2\/comments?post=90001312316794"}],"wp:featuredmedia":[{"embeddable":true,"href":"https:\/\/test.tksgroup.rs\/sr\/wp-json\/wp\/v2\/media\/90001312312323"}],"wp:attachment":[{"href":"https:\/\/test.tksgroup.rs\/sr\/wp-json\/wp\/v2\/media?parent=90001312316794"}],"wp:term":[{"taxonomy":"product_brand","embeddable":true,"href":"https:\/\/test.tksgroup.rs\/sr\/wp-json\/wp\/v2\/product_brand?post=90001312316794"},{"taxonomy":"product_cat","embeddable":true,"href":"https:\/\/test.tksgroup.rs\/sr\/wp-json\/wp\/v2\/product_cat?post=90001312316794"},{"taxonomy":"product_tag","embeddable":true,"href":"https:\/\/test.tksgroup.rs\/sr\/wp-json\/wp\/v2\/product_tag?post=90001312316794"}],"curies":[{"name":"wp","href":"https:\/\/api.w.org\/{rel}","templated":true}]}}